{"id":7705,"date":"2022-08-30T19:58:42","date_gmt":"2022-08-30T19:58:42","guid":{"rendered":"https:\/\/holali.local\/product\/1x-chocolate-coconut-bath-donut\/"},"modified":"2025-07-18T22:09:53","modified_gmt":"2025-07-18T22:09:53","slug":"1x-chocolat-coco-bain-donut","status":"publish","type":"product","link":"https:\/\/holali.co.uk\/fr\/product\/coconut-donut-bath-bombs\/","title":{"rendered":"Chocolate &#038; Coconut Donut Bath Bombs"},"content":{"rendered":"<p>Just baked! Make bath time that little bit more fun with our Coconut Donut <a href=\"https:\/\/holali.co.uk\/fr\/produits-pour-le-bain\/bombes-de-bain\/?wmc-currency=EUR\">Bombes de Bain<\/a>. Our ring-shaped <a href=\"https:\/\/holali.co.uk\/fr\/product\/bath-fizzer-white-fig\/\">bath fizzer<\/a> is full of vibrant colors, and the fresh, delightful scent of chocolate and coconut will fill your bath, creating an indulgent and relaxing experience. While they look and smell incredibly tempting, please remember they&#8217;re for bathing, not eating.<\/p>\n<p>Perfect for any occasion, these <a href=\"https:\/\/holali.co.uk\/fr\/produit\/love-heart-bath-bomb-70g-french-lavender-2\/?wmc-currency=EUR\" title=\"Bombes de bain coeur d&#039;amour \u00e0 la lavande fran\u00e7aise et \u00e0 la noix de coco\"  data-wpil-monitor-id=\"250\">Coconut Donut Bath Bombs<\/a> make fantastic Birthday gifts, Christmas gifts, or a delightful treat for yourself. Enjoy the <a href=\"https:\/\/holali.co.uk\/fr\/produit\/funky-bain-bombe-125g-raisin\/?wmc-currency=EUR\" title=\"Extraordinaire De Raisin Salle De Bain De Luxe Bombe\"  data-wpil-monitor-id=\"473\">luxurious feel of these bath bombs<\/a> as they fizz and dissolve, releasing nourishing ingredients that leave your skin feeling soft and rejuvenated.<\/p>\n<p>CARACT\u00c9RISTIQUES :<\/p>\n<ul>\n<li>Sans cruaut\u00e9<\/li>\n<li>Fabriqu\u00e9 \u00e0 la main \u00e0 Sheffield<\/li>\n<li>Individually shrink-wrapped for freshness and protection<\/li>\n<\/ul>\n<p>Transform your bath into a sweet escape with our <a href=\"https:\/\/holali.co.uk\/fr\/produit\/coco-dream-bain-bombe-180g\/?wmc-currency=EUR\" title=\"Bombes p\u00e9tillantes \u00e0 la noix de coco\" target=\"_blank\" rel=\"noopener\"  data-wpil-monitor-id=\"1222\">Coconut Donut Bath Bombs<\/a> and enjoy a moment of blissful relaxation.<\/p>","protected":false},"excerpt":{"rendered":"<p>Just baked! Make bath time that little bit more fun with our Coconut Donut Bath Bombs. Our ring-shaped bath fizzer is full of vibrant colors, and the fresh, delightful scent of chocolate and coconut will fill your bath, creating an indulgent and relaxing experience. While they look and smell incredibly tempting, please remember they&#8217;re for&#8230;<\/p>","protected":false},"featured_media":11530,"comment_status":"open","ping_status":"closed","template":"","meta":{"_kad_blocks_custom_css":"","_kad_blocks_head_custom_js":"","_kad_blocks_body_custom_js":"","_kad_blocks_footer_custom_js":"","_kad_post_transparent":"default","_kad_post_title":"","_kad_post_layout":"default","_kad_post_sidebar_id":"","_kad_post_content_style":"default","_kad_post_vertical_padding":"default","_kad_post_feature":"","_kad_post_feature_position":"","_kad_post_header":false,"_kad_post_footer":false,"_kad_post_classname":"","_daim_seo_power":"","_daim_enable_ail":""},"product_brand":[],"product_cat":[278,684],"product_tag":[],"class_list":{"0":"post-7705","1":"product","2":"type-product","3":"status-publish","4":"has-post-thumbnail","6":"product_cat-bath-fizzer","7":"product_cat-vegan-bath-fizzer","9":"first","10":"instock","11":"taxable","12":"shipping-taxable","13":"purchasable","14":"product-type-simple","15":"entry","16":"content-bg","17":"loop-entry"},"taxonomy_info":{"product_cat":[{"value":278,"label":"Bath Fizzer"},{"value":684,"label":"Vegan Bath Fizzer"}]},"featured_image_src_large":["https:\/\/holali.co.uk\/wp-content\/uploads\/2022\/08\/chocolate-coconut-donut-bath-bomb-2-1024x1024.jpeg",1024,1024,true],"author_info":[],"comment_info":0,"_links":{"self":[{"href":"https:\/\/holali.co.uk\/fr\/wp-json\/wp\/v2\/product\/7705","targetHints":{"allow":["GET"]}}],"collection":[{"href":"https:\/\/holali.co.uk\/fr\/wp-json\/wp\/v2\/product"}],"about":[{"href":"https:\/\/holali.co.uk\/fr\/wp-json\/wp\/v2\/types\/product"}],"replies":[{"embeddable":true,"href":"https:\/\/holali.co.uk\/fr\/wp-json\/wp\/v2\/comments?post=7705"}],"wp:featuredmedia":[{"embeddable":true,"href":"https:\/\/holali.co.uk\/fr\/wp-json\/wp\/v2\/media\/11530"}],"wp:attachment":[{"href":"https:\/\/holali.co.uk\/fr\/wp-json\/wp\/v2\/media?parent=7705"}],"wp:term":[{"taxonomy":"product_brand","embeddable":true,"href":"https:\/\/holali.co.uk\/fr\/wp-json\/wp\/v2\/product_brand?post=7705"},{"taxonomy":"product_cat","embeddable":true,"href":"https:\/\/holali.co.uk\/fr\/wp-json\/wp\/v2\/product_cat?post=7705"},{"taxonomy":"product_tag","embeddable":true,"href":"https:\/\/holali.co.uk\/fr\/wp-json\/wp\/v2\/product_tag?post=7705"}],"curies":[{"name":"wp","href":"https:\/\/api.w.org\/{rel}","templated":true}]}}