{"id":7701,"date":"2022-08-30T19:58:41","date_gmt":"2022-08-30T19:58:41","guid":{"rendered":"https:\/\/holali.local\/product\/1x-cinnamon-vanilla-bath-donut\/"},"modified":"2025-07-18T21:56:59","modified_gmt":"2025-07-18T21:56:59","slug":"1x-cannelle-vanille-bain-donut","status":"publish","type":"product","link":"https:\/\/holali.co.uk\/fr\/product\/vanilla-donut-bath-bombs\/","title":{"rendered":"Donut de Bain Cannelle &amp; Vanille"},"content":{"rendered":"<p>Just baked! Make bath time that little bit more fun with our exquisite Cinnamon &amp; Vanilla Donut <a href=\"https:\/\/holali.co.uk\/fr\/produits-pour-le-bain\/bombes-de-bain\/?wmc-currency=EUR\">Bombes de Bain<\/a>. These Vanilla Donut <a href=\"https:\/\/holali.co.uk\/fr\/product\/angel-delight-bath-bomb\/\">Bombes de Bain<\/a> are carefully crafted to bring a touch of whimsy and indulgence to your bathing routine. Shaped like a delicious ring donut, each <a href=\"https:\/\/holali.co.uk\/fr\/product\/bath-fizzer-white-fig\/\">bath fizzer<\/a> is bursting with vibrant colors and effervescent fizz that will transform your bathwater into a fragrant, relaxing oasis. The irresistible combination of cinnamon and vanilla creates a delightful aroma that fills your bathroom, providing a soothing and enjoyable experience. While they may look tempting enough to eat, we assure you they are meant to pamper your skin, not your taste buds.<\/p>\n<p>Perfect for gifting, our Vanilla <a href=\"https:\/\/holali.co.uk\/fr\/produit\/1x-toffee-caramel-bain-donut\/?wmc-currency=EUR\" title=\"Bombes de bain au caramel et aux beignets caram\u00e9lis\u00e9s\"  data-wpil-monitor-id=\"371\">Donut Bath Bombs<\/a> make wonderful Birthday gifts, Christmas gifts, or simply a special treat for yourself. Each bomb is lovingly handmade in Sheffield, ensuring a unique and high-quality product every time. They come individually shrink-wrapped to preserve their freshness and quality, making them a charming and thoughtful gift for any occasion.<\/p>\n<p>CARACT\u00c9RISTIQUES :<\/p>\n<ul>\n<li>Sans cruaut\u00e9<\/li>\n<li>Fabriqu\u00e9 \u00e0 la main \u00e0 Sheffield<\/li>\n<li>Individually shrink-wrapped<\/li>\n<\/ul>\n<p>Experience the joy of a luxurious <a href=\"https:\/\/holali.co.uk\/fr\/produit\/1x-blueberry-bath-donut\/?wmc-currency=EUR\" title=\"Bombes de bain au donut \u00e0 la myrtille\"  data-wpil-monitor-id=\"372\">bath with our Vanilla Donut Bath Bombs<\/a>, and let the enchanting scent of cinnamon and vanilla elevate your self-care routine.<\/p>","protected":false},"excerpt":{"rendered":"<p>Just baked! Make bath time that little bit more fun with our exquisite Cinnamon &amp; Vanilla Donut Bath Bombs. These Vanilla Donut Bath Bombs are carefully crafted to bring a touch of whimsy and indulgence to your bathing routine. Shaped like a delicious ring donut, each bath fizzer is bursting with vibrant colors and effervescent&#8230;<\/p>","protected":false},"featured_media":7702,"comment_status":"open","ping_status":"closed","template":"","meta":{"_kad_blocks_custom_css":"","_kad_blocks_head_custom_js":"","_kad_blocks_body_custom_js":"","_kad_blocks_footer_custom_js":"","_kad_post_transparent":"default","_kad_post_title":"","_kad_post_layout":"default","_kad_post_sidebar_id":"","_kad_post_content_style":"default","_kad_post_vertical_padding":"default","_kad_post_feature":"","_kad_post_feature_position":"","_kad_post_header":false,"_kad_post_footer":false,"_kad_post_classname":"","_daim_seo_power":"","_daim_enable_ail":""},"product_brand":[],"product_cat":[278,684],"product_tag":[],"class_list":{"0":"post-7701","1":"product","2":"type-product","3":"status-publish","4":"has-post-thumbnail","6":"product_cat-bath-fizzer","7":"product_cat-vegan-bath-fizzer","9":"first","10":"instock","11":"taxable","12":"shipping-taxable","13":"purchasable","14":"product-type-simple","15":"entry","16":"content-bg","17":"loop-entry"},"taxonomy_info":{"product_cat":[{"value":278,"label":"Bath Fizzer"},{"value":684,"label":"Vegan Bath Fizzer"}]},"featured_image_src_large":["https:\/\/holali.co.uk\/wp-content\/uploads\/2022\/08\/199068-1024x1024.jpeg",1024,1024,true],"author_info":[],"comment_info":0,"_links":{"self":[{"href":"https:\/\/holali.co.uk\/fr\/wp-json\/wp\/v2\/product\/7701","targetHints":{"allow":["GET"]}}],"collection":[{"href":"https:\/\/holali.co.uk\/fr\/wp-json\/wp\/v2\/product"}],"about":[{"href":"https:\/\/holali.co.uk\/fr\/wp-json\/wp\/v2\/types\/product"}],"replies":[{"embeddable":true,"href":"https:\/\/holali.co.uk\/fr\/wp-json\/wp\/v2\/comments?post=7701"}],"wp:featuredmedia":[{"embeddable":true,"href":"https:\/\/holali.co.uk\/fr\/wp-json\/wp\/v2\/media\/7702"}],"wp:attachment":[{"href":"https:\/\/holali.co.uk\/fr\/wp-json\/wp\/v2\/media?parent=7701"}],"wp:term":[{"taxonomy":"product_brand","embeddable":true,"href":"https:\/\/holali.co.uk\/fr\/wp-json\/wp\/v2\/product_brand?post=7701"},{"taxonomy":"product_cat","embeddable":true,"href":"https:\/\/holali.co.uk\/fr\/wp-json\/wp\/v2\/product_cat?post=7701"},{"taxonomy":"product_tag","embeddable":true,"href":"https:\/\/holali.co.uk\/fr\/wp-json\/wp\/v2\/product_tag?post=7701"}],"curies":[{"name":"wp","href":"https:\/\/api.w.org\/{rel}","templated":true}]}}