{"id":7287,"date":"2022-08-30T19:56:56","date_gmt":"2022-08-30T19:56:56","guid":{"rendered":"https:\/\/holali.local\/product\/love-hearts-bath-bomb-wild-flowers\/"},"modified":"2025-09-15T02:52:52","modified_gmt":"2025-09-15T02:52:52","slug":"amour-coeur-bain-bombe-fleurs-sauvages-2","status":"publish","type":"product","link":"https:\/\/holali.co.uk\/fr\/product\/heart-bath-bombs\/","title":{"rendered":"Bombes de bain en forme de c\u0153ur avec des fleurs sauvages"},"content":{"rendered":"<h2>Bombes de bain en forme de c\u0153ur avec des fleurs sauvages<\/h2>\n<p>The Wild Heart <a href=\"https:\/\/holali.co.uk\/fr\/produits-pour-le-bain\/bombes-de-bain\/?wmc-currency=EUR\">Bombes de Bain<\/a> are so sweetly scented that they make a relaxing bath perfect for sleeping in. The scented wildflowers will be the center of your heart&#8217;s desire.<\/p>\n<p>Wildflowers are the most important thing for everyone, old or young. They have always been the symbol of love, beauty, and serenity. Wildflowers have a special meaning for us. We&#8217;ve created a magic-making <a href=\"https:\/\/holali.co.uk\/fr\/produits-pour-le-bain\/bombes-de-bain\/?wmc-currency=EUR\">bath bomb<\/a> for wildflower lovers.<\/p>\n<p>Le poids est d'environ 180g.<\/p>\n<p>Notre site <a href=\"https:\/\/holali.co.uk\/fr\/produit\/amour-coeur-bain-bombe-70g-fruit-de-passion-2\/?wmc-currency=EUR\" title=\"Bombes de bain coeur d&#039;amour aux fruits de la passion\"  data-wpil-monitor-id=\"244\">Bombes de bain en forme de c\u0153ur<\/a> are designed to transform your bath into a luxurious, aromatic escape. Infused with the delicate essence of wildflowers, these <a href=\"https:\/\/holali.co.uk\/fr\/produit\/total-unwind-potion-bath-ball\/?wmc-currency=EUR\" title=\"Meilleure bombe de bain biologique pour un corps sain\"  data-wpil-monitor-id=\"804\">bath bombs not only relax your body<\/a> but also soothe your soul. The heart shape adds an extra touch of love and elegance to your bath experience, making it a perfect <a href=\"https:\/\/holali.co.uk\/fr\/produit\/les-meilleures-14-roses-roses-au-savon-pour-les-fetes-de-fin-dannee\/?wmc-currency=EUR\" title=\"Les 14 meilleures roses de savon roses pour les f\u00eates de fin d&#039;ann\u00e9e\" target=\"_blank\" rel=\"noopener\"  data-wpil-monitor-id=\"1277\">gift for loved ones<\/a> or a special treat for yourself.<\/p>\n<p>Each <a href=\"https:\/\/holali.co.uk\/fr\/produit\/love-heart-bath-bomb-70g-french-lavender-2\/?wmc-currency=EUR\" title=\"Bombes de bain coeur d&#039;amour \u00e0 la lavande fran\u00e7aise et \u00e0 la noix de coco\"  data-wpil-monitor-id=\"246\">Heart Bath Bomb<\/a> is handcrafted with care, ensuring a high-quality product that provides a burst of fragrance and a delightful fizz in your bathwater. The wildflower scent lingers in the air, creating an ambiance of tranquility and peace. Whether you&#8217;re looking to unwind after a long day or prepare for a restful night&#8217;s sleep, our Heart <a href=\"https:\/\/holali.co.uk\/fr\/product\/angel-delight-bath-bomb\/\">Bombes de Bain<\/a> are the ideal choice.<\/p>\n<p>Embrace the calming and romantic qualities of wildflowers with every use. The Heart Bath Bombs are not just a bath accessory; they&#8217;re a ritual of self-care and a celebration of nature&#8217;s beauty. Indulge in the enchanting aroma and let the wildflowers carry your worries away.<\/p>\n<p dir=\"auto\" data-pm-slice=\"1 1 []\">Vous cherchez une bonne id\u00e9e de cadeau ? <a href=\"https:\/\/holali.co.uk\/fr\/produits-pour-le-bain\/savon-fleurs-bouquets\/savon-fleur-bouquet\/?wmc-currency=EUR\">CLIQUEZ ICI<\/a><\/p>","protected":false},"excerpt":{"rendered":"<p>Heart Bath Bombs With Wildflowers The Wild Heart Bath Bombs are so sweetly scented that they make a relaxing bath perfect for sleeping in. The scented wildflowers will be the center of your heart&#8217;s desire. Wildflowers are the most important thing for everyone, old or young. They have always been the symbol of love, beauty,&#8230;<\/p>","protected":false},"featured_media":7288,"comment_status":"open","ping_status":"closed","template":"","meta":{"_kad_blocks_custom_css":"","_kad_blocks_head_custom_js":"","_kad_blocks_body_custom_js":"","_kad_blocks_footer_custom_js":"","_kad_post_transparent":"default","_kad_post_title":"","_kad_post_layout":"default","_kad_post_sidebar_id":"","_kad_post_content_style":"default","_kad_post_vertical_padding":"default","_kad_post_feature":"","_kad_post_feature_position":"","_kad_post_header":false,"_kad_post_footer":false,"_kad_post_classname":"","_daim_seo_power":"","_daim_enable_ail":""},"product_brand":[],"product_cat":[655],"product_tag":[],"class_list":{"0":"post-7287","1":"product","2":"type-product","3":"status-publish","4":"has-post-thumbnail","6":"product_cat-christmas-bath-bombs","8":"first","9":"instock","10":"taxable","11":"shipping-taxable","12":"purchasable","13":"product-type-simple","14":"entry","15":"content-bg","16":"loop-entry"},"taxonomy_info":{"product_cat":[{"value":655,"label":"Christmas Bath Bombs"}]},"featured_image_src_large":["https:\/\/holali.co.uk\/wp-content\/uploads\/2022\/08\/196849-1024x1024.jpeg",1024,1024,true],"author_info":[],"comment_info":0,"_links":{"self":[{"href":"https:\/\/holali.co.uk\/fr\/wp-json\/wp\/v2\/product\/7287","targetHints":{"allow":["GET"]}}],"collection":[{"href":"https:\/\/holali.co.uk\/fr\/wp-json\/wp\/v2\/product"}],"about":[{"href":"https:\/\/holali.co.uk\/fr\/wp-json\/wp\/v2\/types\/product"}],"replies":[{"embeddable":true,"href":"https:\/\/holali.co.uk\/fr\/wp-json\/wp\/v2\/comments?post=7287"}],"wp:featuredmedia":[{"embeddable":true,"href":"https:\/\/holali.co.uk\/fr\/wp-json\/wp\/v2\/media\/7288"}],"wp:attachment":[{"href":"https:\/\/holali.co.uk\/fr\/wp-json\/wp\/v2\/media?parent=7287"}],"wp:term":[{"taxonomy":"product_brand","embeddable":true,"href":"https:\/\/holali.co.uk\/fr\/wp-json\/wp\/v2\/product_brand?post=7287"},{"taxonomy":"product_cat","embeddable":true,"href":"https:\/\/holali.co.uk\/fr\/wp-json\/wp\/v2\/product_cat?post=7287"},{"taxonomy":"product_tag","embeddable":true,"href":"https:\/\/holali.co.uk\/fr\/wp-json\/wp\/v2\/product_tag?post=7287"}],"curies":[{"name":"wp","href":"https:\/\/api.w.org\/{rel}","templated":true}]}}