{"id":7037,"date":"2022-08-30T19:55:43","date_gmt":"2022-08-30T19:55:43","guid":{"rendered":"https:\/\/holali.local\/product\/grey-cloud-guest-soap-sea-moss\/"},"modified":"2025-07-17T21:43:35","modified_gmt":"2025-07-17T21:43:35","slug":"savons-en-forme-de-nuage-de-mousse-de-mer-10pcs","status":"publish","type":"product","link":"https:\/\/holali.co.uk\/fr\/product\/sea-moss-cloud-shaped-soaps-10pcs\/","title":{"rendered":"Savons en forme de nuage de mousse de mer 10pcs"},"content":{"rendered":"<p>Our Sea Moss Cloud-Shaped Soaps, in a captivating Grey hue, create a stunning display for your bathroom while infusing it with a touch of elegance. These soaps are not only vibrant and fresh but also offer a delightful zingy fragrance that elevates your bathing experience. Ideal for guests or anyone who values a stylish bathroom environment, these Sea Moss Cloud-Shaped Soaps promise a heavenly scent and a chic look.<\/p>\n<p><strong>CARACT\u00c9RISTIQUES :<\/strong><\/p>\n<ul>\n<li><strong>Skin Types:<\/strong> Convient \u00e0 tous les types de peau<\/li>\n<li><strong>Skin Care Areas:<\/strong> Effective for both face and body<\/li>\n<li><strong>Weight:<\/strong> 10 pieces, each 20g<\/li>\n<li><strong>Box Dimensions:<\/strong> 45&#215;40 mm<\/li>\n<\/ul>\n<p><strong>NOTE :<\/strong> While crafting soap from scratch can be expensive, our <a href=\"https:\/\/holali.co.uk\/fr\/produit\/savon-de-mer-sel-mousse-vegetalien-sur-une-rope\/?wmc-currency=EUR\" title=\"Savon v\u00e9g\u00e9tal sur corde, sel de mer et mousse\"  data-wpil-monitor-id=\"39\">Sea Moss Cloud-Shaped Soaps<\/a> offer an affordable alternative without compromising on quality. These soaps are SLS-free, paraben-free, and non-toxic, ensuring a gentle touch for your skin. We provide a variety of guest soaps in different styles and shades to match your decor. Please note that color and design may slightly vary from the images shown. For more details about our Sea Moss Cloud-Shaped Soaps or any other products, feel free to reach out to us at any time!<\/p>\n<p>Vous \u00eates \u00e0 la recherche d'une id\u00e9e novatrice ?\u00a0 <a href=\"https:\/\/holali.co.uk\/fr\/categorie-de-produit\/soins-du-corps\/produits-de-soins-de-la-peau\/paper-soap\/?wmc-currency=EUR\" target=\"_blank\" rel=\"noopener noreferrer\">CLIQUEZ ICI<\/a><\/p>","protected":false},"excerpt":{"rendered":"<p>Our Sea Moss Cloud-Shaped Soaps, in a captivating Grey hue, create a stunning display for your bathroom while infusing it with a touch of elegance. These soaps are not only vibrant and fresh but also offer a delightful zingy fragrance that elevates your bathing experience. Ideal for guests or anyone who values a stylish bathroom&#8230;<\/p>","protected":false},"featured_media":7038,"comment_status":"open","ping_status":"closed","template":"","meta":{"_kad_blocks_custom_css":"","_kad_blocks_head_custom_js":"","_kad_blocks_body_custom_js":"","_kad_blocks_footer_custom_js":"","_kad_post_transparent":"default","_kad_post_title":"","_kad_post_layout":"default","_kad_post_sidebar_id":"","_kad_post_content_style":"default","_kad_post_vertical_padding":"default","_kad_post_feature":"","_kad_post_feature_position":"","_kad_post_header":false,"_kad_post_footer":false,"_kad_post_classname":"","_daim_seo_power":"","_daim_enable_ail":""},"product_brand":[],"product_cat":[265,713],"product_tag":[],"class_list":{"0":"post-7037","1":"product","2":"type-product","3":"status-publish","4":"has-post-thumbnail","6":"product_cat-guest-soaps","7":"product_cat-vegan-guest-soaps","9":"first","10":"instock","11":"taxable","12":"shipping-taxable","13":"purchasable","14":"product-type-simple","15":"entry","16":"content-bg","17":"loop-entry"},"taxonomy_info":{"product_cat":[{"value":265,"label":"Guest Soaps"},{"value":713,"label":"Vegan Guest Soaps"}]},"featured_image_src_large":["https:\/\/holali.co.uk\/wp-content\/uploads\/2022\/08\/196771-1024x1024.jpeg",1024,1024,true],"author_info":[],"comment_info":0,"_links":{"self":[{"href":"https:\/\/holali.co.uk\/fr\/wp-json\/wp\/v2\/product\/7037","targetHints":{"allow":["GET"]}}],"collection":[{"href":"https:\/\/holali.co.uk\/fr\/wp-json\/wp\/v2\/product"}],"about":[{"href":"https:\/\/holali.co.uk\/fr\/wp-json\/wp\/v2\/types\/product"}],"replies":[{"embeddable":true,"href":"https:\/\/holali.co.uk\/fr\/wp-json\/wp\/v2\/comments?post=7037"}],"wp:featuredmedia":[{"embeddable":true,"href":"https:\/\/holali.co.uk\/fr\/wp-json\/wp\/v2\/media\/7038"}],"wp:attachment":[{"href":"https:\/\/holali.co.uk\/fr\/wp-json\/wp\/v2\/media?parent=7037"}],"wp:term":[{"taxonomy":"product_brand","embeddable":true,"href":"https:\/\/holali.co.uk\/fr\/wp-json\/wp\/v2\/product_brand?post=7037"},{"taxonomy":"product_cat","embeddable":true,"href":"https:\/\/holali.co.uk\/fr\/wp-json\/wp\/v2\/product_cat?post=7037"},{"taxonomy":"product_tag","embeddable":true,"href":"https:\/\/holali.co.uk\/fr\/wp-json\/wp\/v2\/product_tag?post=7037"}],"curies":[{"name":"wp","href":"https:\/\/api.w.org\/{rel}","templated":true}]}}