{"id":7013,"date":"2022-08-30T19:55:38","date_gmt":"2022-08-30T19:55:38","guid":{"rendered":"https:\/\/holali.local\/product\/double-butter-luxury-soap-slice-spicy-oils\/"},"modified":"2025-07-18T22:03:04","modified_gmt":"2025-07-18T22:03:04","slug":"double-beurre-luxe-savon-epices-huiles-piquantes","status":"publish","type":"product","link":"https:\/\/holali.co.uk\/fr\/product\/luxury-soap-with-spicy-oils\/","title":{"rendered":"Savon de luxe de haute qualit\u00e9 aux huiles \u00e9pic\u00e9es"},"content":{"rendered":"<h2 dir=\"auto\" data-pm-slice=\"1 1 []\">High-Quality Luxury Soap With Spicy Oils<\/h2>\n<p dir=\"auto\" data-pm-slice=\"1 1 []\">With the name &#8216;Luxury Soap With Spicy Oils&#8217; in its title, this <a href=\"https:\/\/holali.co.uk\/fr\/product\/white-pink-soap-bar\/\">soap bar<\/a> is sure to be useful in many ways. Our soap contains essential oils, including some of the most popular ones such as Ginger, and Nutmeg. It is also formulated with a special blend of Shea butter and cocoa butter to help cleanse the skin and give it a healthy glow. The weight is 100g.<\/p>\n<p>This luxurious, <a href=\"https:\/\/holali.co.uk\/product\/luxury-soap-made-from-natural-wood-oils\/\" title=\"Luxury Soap Made From Natural Wood Oils\"  data-wpil-monitor-id=\"406\">handmade soap<\/a> is made with natural ingredients and beautiful wood oils to give your skin a luxurious and creamy Soap of the Day experience. It&#8217;s perfect for those who want to feel pampered and get the most out of their skincare products.<\/p>\n<h6>WHAT MAKES OUR SOAP LUXURIOUS?<\/h6>\n<ul>\n<li>\n<p dir=\"auto\" data-pm-slice=\"1 1 [&quot;bulletList&quot;,{},&quot;listItem&quot;,{}]\">The soap is handmade.<\/p>\n<\/li>\n<li>\n<p dir=\"auto\" data-pm-slice=\"1 1 [&quot;bulletList&quot;,{},&quot;listItem&quot;,{}]\">It&#8217;s rich in <a href=\"https:\/\/holali.co.uk\/product\/luxury-soap-with-minty-oils\/\" title=\"Best Luxury Soap With Minty Oils\" target=\"_blank\" rel=\"noopener\"  data-wpil-monitor-id=\"1401\">shea butter and cocoa<\/a> butter, which makes it an amazingly creamy, soothing lather soap.<\/p>\n<\/li>\n<li>It&#8217;s made with blends of our top-quality essential oils.<\/li>\n<li>Perfect for all skin types.<\/li>\n<\/ul>\n<p>Need a gift idea? <a href=\"https:\/\/holali.co.uk\/gift-ideas\/soap-gift-sets\/\">CLICK HERE<\/a><\/p>\n","protected":false},"excerpt":{"rendered":"<p>High-Quality Luxury Soap With Spicy Oils With the name &#8216;Luxury Soap With Spicy Oils&#8217; in its title, this soap bar is sure to be useful in many ways. Our soap contains essential oils, including some of the most popular ones such as Ginger, and Nutmeg. It is also formulated with a special blend of Shea&#8230;<\/p>","protected":false},"featured_media":7014,"comment_status":"open","ping_status":"closed","template":"","meta":{"_kad_blocks_custom_css":"","_kad_blocks_head_custom_js":"","_kad_blocks_body_custom_js":"","_kad_blocks_footer_custom_js":"","_kad_post_transparent":"default","_kad_post_title":"","_kad_post_layout":"default","_kad_post_sidebar_id":"","_kad_post_content_style":"default","_kad_post_vertical_padding":"default","_kad_post_feature":"","_kad_post_feature_position":"","_kad_post_header":false,"_kad_post_footer":false,"_kad_post_classname":"","_daim_seo_power":"","_daim_enable_ail":""},"product_brand":[],"product_cat":[512,706],"product_tag":[],"class_list":{"0":"post-7013","1":"product","2":"type-product","3":"status-publish","4":"has-post-thumbnail","6":"product_cat-handmade-soaps","7":"product_cat-vegan-handmade-soaps","9":"first","10":"instock","11":"taxable","12":"shipping-taxable","13":"purchasable","14":"product-type-simple","15":"entry","16":"content-bg","17":"loop-entry"},"taxonomy_info":{"product_cat":[{"value":512,"label":"Handmade Soaps"},{"value":706,"label":"Vegan Handmade Soaps"}]},"featured_image_src_large":["https:\/\/holali.co.uk\/wp-content\/uploads\/2022\/08\/3246-3-1024x1024.jpeg",1024,1024,true],"author_info":[],"comment_info":0,"_links":{"self":[{"href":"https:\/\/holali.co.uk\/fr\/wp-json\/wp\/v2\/product\/7013","targetHints":{"allow":["GET"]}}],"collection":[{"href":"https:\/\/holali.co.uk\/fr\/wp-json\/wp\/v2\/product"}],"about":[{"href":"https:\/\/holali.co.uk\/fr\/wp-json\/wp\/v2\/types\/product"}],"replies":[{"embeddable":true,"href":"https:\/\/holali.co.uk\/fr\/wp-json\/wp\/v2\/comments?post=7013"}],"wp:featuredmedia":[{"embeddable":true,"href":"https:\/\/holali.co.uk\/fr\/wp-json\/wp\/v2\/media\/7014"}],"wp:attachment":[{"href":"https:\/\/holali.co.uk\/fr\/wp-json\/wp\/v2\/media?parent=7013"}],"wp:term":[{"taxonomy":"product_brand","embeddable":true,"href":"https:\/\/holali.co.uk\/fr\/wp-json\/wp\/v2\/product_brand?post=7013"},{"taxonomy":"product_cat","embeddable":true,"href":"https:\/\/holali.co.uk\/fr\/wp-json\/wp\/v2\/product_cat?post=7013"},{"taxonomy":"product_tag","embeddable":true,"href":"https:\/\/holali.co.uk\/fr\/wp-json\/wp\/v2\/product_tag?post=7013"}],"curies":[{"name":"wp","href":"https:\/\/api.w.org\/{rel}","templated":true}]}}