{"id":7001,"date":"2022-08-30T19:55:36","date_gmt":"2022-08-30T19:55:36","guid":{"rendered":"https:\/\/holali.local\/product\/tropical-paradise-soap-slice-strawberry\/"},"modified":"2024-10-03T20:57:55","modified_gmt":"2024-10-03T20:57:55","slug":"savon-a-la-fraise-pour-les-soins-personnels-et-de-beaute","status":"publish","type":"product","link":"https:\/\/holali.co.uk\/fr\/product\/strawberry-soap\/","title":{"rendered":"Savon \u00e0 la fraise pour les soins personnels et la beaut\u00e9"},"content":{"rendered":"<h2>Savon \u00e0 la fraise pour les soins personnels et la beaut\u00e9<\/h2>\n<p>Indulge in the luxurious essence of summer with our exquisite Strawberry Soap. Though strawberries are not typically classified as tropical fruit, their irresistibly sweet flavor and delightful fragrance, blending fruity-green notes with a hint of floral, earn them an honorary tropical title.<\/p>\n<p>Crafted with real strawberries, our soap captures the essence of sun-drenched holidays and leisurely weekends, infusing each bar with a nostalgic, sun-kissed sentiment that\u2019s hard to find elsewhere. Every use is like a mini escape to sunny bliss, as this soap envelops you in its refreshing aroma and revitalizing properties.<\/p>\n<p>Why settle for just clean when you can enjoy a silky-smooth, soft sensation that lasts throughout the day? The more you use our soap, the more invigorated and refreshed you\u2019ll feel. Treat your skin to the finest care with our 115g bar, and relish in the delightful, long-lasting freshness it brings.<\/p>\n<p><a style=\"font-family: var(--global-body-font-family);\" href=\"https:\/\/holali.co.uk\/fr\/categorie-de-produit\/soins-du-corps\/produits-de-soins-de-la-peau\/paper-soap\/?wmc-currency=EUR\">L'INDISPENSABLE POUR VOTRE ROUTINE BEAUT\u00c9<\/a><\/p>","protected":false},"excerpt":{"rendered":"<p>Strawberry Soap for Personal Care &amp; Beauty Indulge in the luxurious essence of summer with our exquisite Strawberry Soap. Though strawberries are not typically classified as tropical fruit, their irresistibly sweet flavor and delightful fragrance, blending fruity-green notes with a hint of floral, earn them an honorary tropical title. Crafted with real strawberries, our soap&#8230;<\/p>","protected":false},"featured_media":7002,"comment_status":"open","ping_status":"closed","template":"","meta":{"_kad_blocks_custom_css":"","_kad_blocks_head_custom_js":"","_kad_blocks_body_custom_js":"","_kad_blocks_footer_custom_js":"","_kad_post_transparent":"default","_kad_post_title":"","_kad_post_layout":"default","_kad_post_sidebar_id":"","_kad_post_content_style":"default","_kad_post_vertical_padding":"default","_kad_post_feature":"","_kad_post_feature_position":"","_kad_post_header":false,"_kad_post_footer":false,"_kad_post_classname":"","_daim_seo_power":"","_daim_enable_ail":""},"product_brand":[],"product_cat":[286,710],"product_tag":[],"class_list":{"0":"post-7001","1":"product","2":"type-product","3":"status-publish","4":"has-post-thumbnail","6":"product_cat-tropical-soaps","7":"product_cat-vegan-tropical-soaps","9":"first","10":"instock","11":"taxable","12":"shipping-taxable","13":"purchasable","14":"product-type-simple","15":"entry","16":"content-bg","17":"loop-entry"},"taxonomy_info":{"product_cat":[{"value":286,"label":"Tropical Soaps"},{"value":710,"label":"Vegan Tropical Soaps"}]},"featured_image_src_large":["https:\/\/holali.co.uk\/wp-content\/uploads\/2022\/08\/4340-3-1024x1024.jpeg",1024,1024,true],"author_info":[],"comment_info":0,"_links":{"self":[{"href":"https:\/\/holali.co.uk\/fr\/wp-json\/wp\/v2\/product\/7001","targetHints":{"allow":["GET"]}}],"collection":[{"href":"https:\/\/holali.co.uk\/fr\/wp-json\/wp\/v2\/product"}],"about":[{"href":"https:\/\/holali.co.uk\/fr\/wp-json\/wp\/v2\/types\/product"}],"replies":[{"embeddable":true,"href":"https:\/\/holali.co.uk\/fr\/wp-json\/wp\/v2\/comments?post=7001"}],"wp:featuredmedia":[{"embeddable":true,"href":"https:\/\/holali.co.uk\/fr\/wp-json\/wp\/v2\/media\/7002"}],"wp:attachment":[{"href":"https:\/\/holali.co.uk\/fr\/wp-json\/wp\/v2\/media?parent=7001"}],"wp:term":[{"taxonomy":"product_brand","embeddable":true,"href":"https:\/\/holali.co.uk\/fr\/wp-json\/wp\/v2\/product_brand?post=7001"},{"taxonomy":"product_cat","embeddable":true,"href":"https:\/\/holali.co.uk\/fr\/wp-json\/wp\/v2\/product_cat?post=7001"},{"taxonomy":"product_tag","embeddable":true,"href":"https:\/\/holali.co.uk\/fr\/wp-json\/wp\/v2\/product_tag?post=7001"}],"curies":[{"name":"wp","href":"https:\/\/api.w.org\/{rel}","templated":true}]}}