{"id":6993,"date":"2022-08-30T19:55:33","date_gmt":"2022-08-30T19:55:33","guid":{"rendered":"https:\/\/holali.local\/product\/tropical-paradise-soap-slice-papaya\/"},"modified":"2024-10-03T20:57:55","modified_gmt":"2024-10-03T20:57:55","slug":"savon-de-papaye-aigre-doux","status":"publish","type":"product","link":"https:\/\/holali.co.uk\/fr\/product\/sour-papaya-soap\/","title":{"rendered":"Savon \u00e0 la papaye aigre-douce"},"content":{"rendered":"<h2>\u00a0Savon \u00e0 la papaye aigre-douce<\/h2>\n<p>Experience the perfect blend of nature and nourishment with our Sweet and Sour Papaya Soap. Crafted from 100% naturally derived ingredients, this soap is designed to be both gentle and highly effective at cleansing your skin. Its unique formulation not only purifies but also removes all traces of harmful bacteria, ensuring a fresh and healthy complexion.<\/p>\n<p>Infused with the natural exfoliating power of poppy seeds, our Sour Papaya <a href=\"https:\/\/holali.co.uk\/fr\/produit\/savon-de-la-mer-morte-avec-huile-dolive\/?wmc-currency=EUR\" title=\"Savon de la mer Morte pour une peau et des cheveux sains\"  data-wpil-monitor-id=\"284\">Soap effortlessly scrubs away dead skin<\/a> cells, revealing a smooth and radiant appearance. Ideal for dry skin, it provides a revitalizing boost, leaving your skin feeling silky soft and looking luminous. The tangy essence of sour papaya adds a refreshing twist, enhancing your <a href=\"https:\/\/holali.co.uk\/fr\/produit\/savon-ananas-pour-une-peau-legere\/?wmc-currency=EUR\" title=\"Savon \u00e0 l&#039;ananas pour une peau l\u00e9g\u00e8re\" target=\"_blank\" rel=\"noopener\"  data-wpil-monitor-id=\"1209\">daily skincare routine<\/a> with an invigorating aroma.<\/p>\n<p>Each bar weighs approximately 115g, making it the perfect size for daily use and long-lasting enjoyment. Embrace the natural benefits of our <a href=\"https:\/\/holali.co.uk\/fr\/produit\/tranche-de-chocolat-olive-huile-savon-2\/?wmc-currency=EUR\" title=\"Le meilleur beurre de cacao naturel dans le savon\"  data-wpil-monitor-id=\"322\">Sweet and Sour Papaya<\/a> Soap and give your skin the care it deserves.<\/p>\n<p dir=\"auto\" data-pm-slice=\"1 1 []\"><a href=\"https:\/\/holali.co.uk\/fr\/produits-pour-le-bain\/savons-naturels\/?wmc-currency=EUR\">L'INDISPENSABLE POUR VOTRE ROUTINE BEAUT\u00c9<\/a><\/p>","protected":false},"excerpt":{"rendered":"<p>\u00a0Sweet and Sour Papaya Soap Experience the perfect blend of nature and nourishment with our Sweet and Sour Papaya Soap. Crafted from 100% naturally derived ingredients, this soap is designed to be both gentle and highly effective at cleansing your skin. Its unique formulation not only purifies but also removes all traces of harmful bacteria,&#8230;<\/p>","protected":false},"featured_media":6994,"comment_status":"open","ping_status":"closed","template":"","meta":{"_kad_blocks_custom_css":"","_kad_blocks_head_custom_js":"","_kad_blocks_body_custom_js":"","_kad_blocks_footer_custom_js":"","_kad_post_transparent":"default","_kad_post_title":"","_kad_post_layout":"default","_kad_post_sidebar_id":"","_kad_post_content_style":"default","_kad_post_vertical_padding":"default","_kad_post_feature":"","_kad_post_feature_position":"","_kad_post_header":false,"_kad_post_footer":false,"_kad_post_classname":"","_daim_seo_power":"","_daim_enable_ail":""},"product_brand":[],"product_cat":[286,710],"product_tag":[],"class_list":{"0":"post-6993","1":"product","2":"type-product","3":"status-publish","4":"has-post-thumbnail","6":"product_cat-tropical-soaps","7":"product_cat-vegan-tropical-soaps","9":"first","10":"instock","11":"taxable","12":"shipping-taxable","13":"purchasable","14":"product-type-simple","15":"entry","16":"content-bg","17":"loop-entry"},"taxonomy_info":{"product_cat":[{"value":286,"label":"Tropical Soaps"},{"value":710,"label":"Vegan Tropical Soaps"}]},"featured_image_src_large":["https:\/\/holali.co.uk\/wp-content\/uploads\/2022\/08\/4308-3-1024x1024.jpeg",1024,1024,true],"author_info":[],"comment_info":0,"_links":{"self":[{"href":"https:\/\/holali.co.uk\/fr\/wp-json\/wp\/v2\/product\/6993","targetHints":{"allow":["GET"]}}],"collection":[{"href":"https:\/\/holali.co.uk\/fr\/wp-json\/wp\/v2\/product"}],"about":[{"href":"https:\/\/holali.co.uk\/fr\/wp-json\/wp\/v2\/types\/product"}],"replies":[{"embeddable":true,"href":"https:\/\/holali.co.uk\/fr\/wp-json\/wp\/v2\/comments?post=6993"}],"wp:featuredmedia":[{"embeddable":true,"href":"https:\/\/holali.co.uk\/fr\/wp-json\/wp\/v2\/media\/6994"}],"wp:attachment":[{"href":"https:\/\/holali.co.uk\/fr\/wp-json\/wp\/v2\/media?parent=6993"}],"wp:term":[{"taxonomy":"product_brand","embeddable":true,"href":"https:\/\/holali.co.uk\/fr\/wp-json\/wp\/v2\/product_brand?post=6993"},{"taxonomy":"product_cat","embeddable":true,"href":"https:\/\/holali.co.uk\/fr\/wp-json\/wp\/v2\/product_cat?post=6993"},{"taxonomy":"product_tag","embeddable":true,"href":"https:\/\/holali.co.uk\/fr\/wp-json\/wp\/v2\/product_tag?post=6993"}],"curies":[{"name":"wp","href":"https:\/\/api.w.org\/{rel}","templated":true}]}}