{"id":6833,"date":"2022-08-30T19:54:51","date_gmt":"2022-08-30T19:54:51","guid":{"rendered":"https:\/\/holali.local\/product\/loofah-soap-slice-115g-rough-ready-rose\/"},"modified":"2024-10-03T20:57:56","modified_gmt":"2024-10-03T20:57:56","slug":"loofah-soap-slice-115g-rough-ready-rose-2","status":"publish","type":"product","link":"https:\/\/holali.co.uk\/fr\/product\/rose-exfoliating-bar-soap\/","title":{"rendered":"Pain de savon exfoliant \u00e0 la rose"},"content":{"rendered":"<h2 dir=\"auto\" data-pm-slice=\"1 1 []\">Le meilleur pain de savon exfoliant \u00e0 la rose pour les peaux sensibles<\/h2>\n<p dir=\"auto\" data-pm-slice=\"1 1 []\">Le pain de savon exfoliant \u00e0 la rose est un savon luffa au conditionnement unique, compos\u00e9 d'ingr\u00e9dients enti\u00e8rement naturels et biologiques et sentant la rose.<\/p>\n<p dir=\"auto\" data-pm-slice=\"1 1 []\">Le luffa, un type de plante cultiv\u00e9e pour sa tige fine et douce comportant de nombreux n\u0153uds \u00e9pais, est int\u00e9gr\u00e9 au savon et peut \u00eatre utilis\u00e9 comme un gommage pour votre peau. Il est \u00e9cologique, biod\u00e9gradable et parfait pour un usage quotidien.<\/p>\n<p>FEATURES<br \/>\nTypes de peau : Toutes les peaux<br \/>\nZone de soins : Visage Corps<br \/>\nPoids : 115g environ<\/p>\n<p>REMARQUE : Acheter un savon fait main peut \u00eatre co\u00fbteux, mais celui-ci est abordable et sans parab\u00e8ne, sans SLS et sans cruaut\u00e9 ! Nous proposons une vari\u00e9t\u00e9 de savons exfoliants fabriqu\u00e9s avec des ingr\u00e9dients naturels. La couleur ou le design peuvent l\u00e9g\u00e8rement varier par rapport aux photos pr\u00e9sent\u00e9es. Si vous souhaitez en savoir plus sur nos produits, n'h\u00e9sitez pas \u00e0 nous contacter \u00e0 tout moment !<\/p>\n<p>Savez-vous ce qu'est le savon en papier ? Si non, <a href=\"https:\/\/holali.co.uk\/fr\/produits-pour-le-bain\/savons-naturels\/?wmc-currency=EUR\">CLIQUEZ ICI<\/a><\/p>","protected":false},"excerpt":{"rendered":"<p>The Best Rose Exfoliating Bar Soap for Sensitive Skin Rose Exfoliating Bar Soap is a uniquely packaged loofah soap, made of all-natural, organic ingredients and smells like roses. The loofah, a type of plant that&#8217;s grown for its thin, soft stem with many thick nodes, is embedded in the soap and can be used as&#8230;<\/p>","protected":false},"featured_media":6834,"comment_status":"open","ping_status":"closed","template":"","meta":{"_kad_blocks_custom_css":"","_kad_blocks_head_custom_js":"","_kad_blocks_body_custom_js":"","_kad_blocks_footer_custom_js":"","_kad_post_transparent":"default","_kad_post_title":"","_kad_post_layout":"default","_kad_post_sidebar_id":"","_kad_post_content_style":"default","_kad_post_vertical_padding":"default","_kad_post_feature":"","_kad_post_feature_position":"","_kad_post_header":false,"_kad_post_footer":false,"_kad_post_classname":"","_daim_seo_power":"","_daim_enable_ail":""},"product_brand":[],"product_cat":[277],"product_tag":[],"class_list":{"0":"post-6833","1":"product","2":"type-product","3":"status-publish","4":"has-post-thumbnail","6":"product_cat-exfoliating-soaps","8":"first","9":"instock","10":"taxable","11":"shipping-taxable","12":"purchasable","13":"product-type-simple","14":"entry","15":"content-bg","16":"loop-entry"},"taxonomy_info":{"product_cat":[{"value":277,"label":"Exfoliating Soaps"}]},"featured_image_src_large":["https:\/\/holali.co.uk\/wp-content\/uploads\/2022\/08\/3824-3.jpeg",500,500,false],"author_info":[],"comment_info":0,"_links":{"self":[{"href":"https:\/\/holali.co.uk\/fr\/wp-json\/wp\/v2\/product\/6833","targetHints":{"allow":["GET"]}}],"collection":[{"href":"https:\/\/holali.co.uk\/fr\/wp-json\/wp\/v2\/product"}],"about":[{"href":"https:\/\/holali.co.uk\/fr\/wp-json\/wp\/v2\/types\/product"}],"replies":[{"embeddable":true,"href":"https:\/\/holali.co.uk\/fr\/wp-json\/wp\/v2\/comments?post=6833"}],"wp:featuredmedia":[{"embeddable":true,"href":"https:\/\/holali.co.uk\/fr\/wp-json\/wp\/v2\/media\/6834"}],"wp:attachment":[{"href":"https:\/\/holali.co.uk\/fr\/wp-json\/wp\/v2\/media?parent=6833"}],"wp:term":[{"taxonomy":"product_brand","embeddable":true,"href":"https:\/\/holali.co.uk\/fr\/wp-json\/wp\/v2\/product_brand?post=6833"},{"taxonomy":"product_cat","embeddable":true,"href":"https:\/\/holali.co.uk\/fr\/wp-json\/wp\/v2\/product_cat?post=6833"},{"taxonomy":"product_tag","embeddable":true,"href":"https:\/\/holali.co.uk\/fr\/wp-json\/wp\/v2\/product_tag?post=6833"}],"curies":[{"name":"wp","href":"https:\/\/api.w.org\/{rel}","templated":true}]}}