{"id":6831,"date":"2022-08-30T19:54:51","date_gmt":"2022-08-30T19:54:51","guid":{"rendered":"https:\/\/holali.local\/product\/loofah-soap-slice-115g-mighty-mango-massage\/"},"modified":"2025-09-15T02:00:02","modified_gmt":"2025-09-15T02:00:02","slug":"loofah-soap-slice-115g-mighty-mango-massage-2","status":"publish","type":"product","link":"https:\/\/holali.co.uk\/fr\/product\/mango-exfoliating-bar-soap\/","title":{"rendered":"Pain de savon exfoliant \u00e0 la mangue"},"content":{"rendered":"<h2 dir=\"auto\" data-pm-slice=\"1 1 []\">Pain de savon exfoliant \u00e0 la mangue - Naturel et sans produits chimiques<\/h2>\n<p dir=\"auto\" data-pm-slice=\"1 1 []\">Il est temps de vous d\u00e9barrasser de votre vieux savon et d'utiliser le pain de savon exfoliant \u00e0 la mangue.<\/p>\n<p dir=\"auto\" data-pm-slice=\"1 1 []\">Fabriqu\u00e9 avec 100% ingr\u00e9dients purs, ce savon est la combinaison parfaite d'un luffa et d'un savon. Le c\u00f4t\u00e9 luffa est id\u00e9al pour \u00e9liminer la salet\u00e9 et le s\u00e9bum, tandis que le c\u00f4t\u00e9 savon hydrate votre peau. Il sent aussi tr\u00e8s bon !<\/p>\n<p>FEATURES<br \/>\nTypes de peau : Toutes les peaux<br \/>\nZone de soins : Visage Corps<br \/>\nPoids : 115g environ<\/p>\n<p>NOTE: Buying handmade soap can be expensive, but this one is affordable and paraben-free, SLS-free, and cruelty-free! We offer a variety of exfoliating <a href=\"https:\/\/holali.co.uk\/fr\/produit\/fig-cassis-soap-bar-100g-2\/?wmc-currency=EUR\" title=\"Fig Soap Bar, Luscious Scent, 100% Natural\" target=\"_blank\" rel=\"noopener\"  data-wpil-monitor-id=\"1168\">soaps made with natural ingredients<\/a>. La couleur ou le design peuvent l\u00e9g\u00e8rement varier par rapport aux photos pr\u00e9sent\u00e9es. Si vous souhaitez en savoir plus sur nos produits, n'h\u00e9sitez pas \u00e0 nous contacter \u00e0 tout moment !<\/p>\n<p>Savez-vous ce qu'est le savon en papier ? Si non, <a href=\"https:\/\/holali.co.uk\/fr\/produits-pour-le-bain\/savons-naturels\/?wmc-currency=EUR\">CLIQUEZ ICI<\/a><\/p>","protected":false},"excerpt":{"rendered":"<p>Mango Exfoliating Bar Soap &#8211; Natural &amp; Chemical Free It&#8217;s time to get rid of your old soap and start using Mango Exfoliating Bar Soap. Made with 100% pure ingredients, this soap is the perfect combination of a loofah and soap. The loofah side is great for scrubbing off dirt and oil, while the soap&#8230;<\/p>","protected":false},"featured_media":6832,"comment_status":"open","ping_status":"closed","template":"","meta":{"_kad_blocks_custom_css":"","_kad_blocks_head_custom_js":"","_kad_blocks_body_custom_js":"","_kad_blocks_footer_custom_js":"","_kad_post_transparent":"default","_kad_post_title":"","_kad_post_layout":"default","_kad_post_sidebar_id":"","_kad_post_content_style":"default","_kad_post_vertical_padding":"default","_kad_post_feature":"","_kad_post_feature_position":"","_kad_post_header":false,"_kad_post_footer":false,"_kad_post_classname":"","_daim_seo_power":"","_daim_enable_ail":""},"product_brand":[],"product_cat":[277],"product_tag":[],"class_list":{"0":"post-6831","1":"product","2":"type-product","3":"status-publish","4":"has-post-thumbnail","6":"product_cat-exfoliating-soaps","8":"first","9":"instock","10":"taxable","11":"shipping-taxable","12":"purchasable","13":"product-type-simple","14":"entry","15":"content-bg","16":"loop-entry"},"taxonomy_info":{"product_cat":[{"value":277,"label":"Exfoliating Soaps"}]},"featured_image_src_large":["https:\/\/holali.co.uk\/wp-content\/uploads\/2022\/08\/3822-3.jpeg",500,500,false],"author_info":[],"comment_info":0,"_links":{"self":[{"href":"https:\/\/holali.co.uk\/fr\/wp-json\/wp\/v2\/product\/6831","targetHints":{"allow":["GET"]}}],"collection":[{"href":"https:\/\/holali.co.uk\/fr\/wp-json\/wp\/v2\/product"}],"about":[{"href":"https:\/\/holali.co.uk\/fr\/wp-json\/wp\/v2\/types\/product"}],"replies":[{"embeddable":true,"href":"https:\/\/holali.co.uk\/fr\/wp-json\/wp\/v2\/comments?post=6831"}],"wp:featuredmedia":[{"embeddable":true,"href":"https:\/\/holali.co.uk\/fr\/wp-json\/wp\/v2\/media\/6832"}],"wp:attachment":[{"href":"https:\/\/holali.co.uk\/fr\/wp-json\/wp\/v2\/media?parent=6831"}],"wp:term":[{"taxonomy":"product_brand","embeddable":true,"href":"https:\/\/holali.co.uk\/fr\/wp-json\/wp\/v2\/product_brand?post=6831"},{"taxonomy":"product_cat","embeddable":true,"href":"https:\/\/holali.co.uk\/fr\/wp-json\/wp\/v2\/product_cat?post=6831"},{"taxonomy":"product_tag","embeddable":true,"href":"https:\/\/holali.co.uk\/fr\/wp-json\/wp\/v2\/product_tag?post=6831"}],"curies":[{"name":"wp","href":"https:\/\/api.w.org\/{rel}","templated":true}]}}