{"id":6827,"date":"2022-08-30T19:54:50","date_gmt":"2022-08-30T19:54:50","guid":{"rendered":"https:\/\/holali.local\/product\/loofah-soap-slice-115g-a-right-raspberry-rub\/"},"modified":"2024-10-03T20:57:56","modified_gmt":"2024-10-03T20:57:56","slug":"loofah-soap-slice-115g-a-droit-framboise-rub-2","status":"publish","type":"product","link":"https:\/\/holali.co.uk\/fr\/product\/raspberry-exfoliating-bar-soap\/","title":{"rendered":"Pain de savon exfoliant \u00e0 la framboise"},"content":{"rendered":"<h2 dir=\"auto\" data-pm-slice=\"1 1 []\">Pain de savon exfoliant \u00e0 la framboise - Obtenez un teint de peau plus \u00e9clatant et radieux<\/h2>\n<p dir=\"auto\" data-pm-slice=\"1 1 []\">Le pain de savon exfoliant \u00e0 la framboise est un savon polyvalent. C'est un savon luffa qui exfolie en douceur et apaise la peau. Il stimule la circulation sanguine, d\u00e9gage les pores et r\u00e9duit les inflammations !<\/p>\n<p dir=\"auto\" data-pm-slice=\"1 1 []\">Vous adorerez la sensation de douceur qu'il procure \u00e0 votre peau, sans s\u00e9cheresse ni irritation. Associ\u00e9 \u00e0 un nettoyant pour le visage et \u00e0 une cr\u00e8me hydratante appropri\u00e9s, il laissera votre peau saine et revitalis\u00e9e.<\/p>\n<p>FEATURES<br \/>\nTypes de peau : Toutes les peaux<br \/>\nZone de soins : Visage Corps<br \/>\nPoids : 115g environ<\/p>\n<p>REMARQUE : Acheter un savon fait main peut \u00eatre co\u00fbteux, mais celui-ci est abordable et sans parab\u00e8ne, sans SLS et sans cruaut\u00e9 ! Nous proposons une vari\u00e9t\u00e9 de savons exfoliants fabriqu\u00e9s avec des ingr\u00e9dients naturels. La couleur ou le design peuvent l\u00e9g\u00e8rement varier par rapport aux photos pr\u00e9sent\u00e9es. Si vous souhaitez en savoir plus sur nos produits, n'h\u00e9sitez pas \u00e0 nous contacter \u00e0 tout moment !<\/p>\n<p>Savez-vous ce qu'est le savon en papier ? Si non, <a href=\"https:\/\/holali.co.uk\/fr\/categorie-de-produit\/soins-du-corps\/produits-de-soins-de-la-peau\/paper-soap\/?wmc-currency=EUR\">CLIQUEZ ICI<\/a><\/p>","protected":false},"excerpt":{"rendered":"<p>Raspberry Exfoliating Bar Soap &#8211; Get a Brighter and Radiant Skin Tone Raspberry Exfoliating Bar Soap is a multipurpose soap. It&#8217;s a loofah soap that gently exfoliates and soothes skin. It stimulates blood circulation, clears pores, and reduces inflammation! You&#8217;ll love how it leaves your skin feeling soft and smooth without any dryness or irritation&#8230;.<\/p>","protected":false},"featured_media":6828,"comment_status":"open","ping_status":"closed","template":"","meta":{"_kad_blocks_custom_css":"","_kad_blocks_head_custom_js":"","_kad_blocks_body_custom_js":"","_kad_blocks_footer_custom_js":"","_kad_post_transparent":"default","_kad_post_title":"","_kad_post_layout":"default","_kad_post_sidebar_id":"","_kad_post_content_style":"default","_kad_post_vertical_padding":"default","_kad_post_feature":"","_kad_post_feature_position":"","_kad_post_header":false,"_kad_post_footer":false,"_kad_post_classname":"","_daim_seo_power":"","_daim_enable_ail":""},"product_brand":[],"product_cat":[277],"product_tag":[],"class_list":{"0":"post-6827","1":"product","2":"type-product","3":"status-publish","4":"has-post-thumbnail","6":"product_cat-exfoliating-soaps","8":"first","9":"instock","10":"taxable","11":"shipping-taxable","12":"purchasable","13":"product-type-simple","14":"entry","15":"content-bg","16":"loop-entry"},"taxonomy_info":{"product_cat":[{"value":277,"label":"Exfoliating Soaps"}]},"featured_image_src_large":["https:\/\/holali.co.uk\/wp-content\/uploads\/2022\/08\/3818-3.jpeg",500,500,false],"author_info":[],"comment_info":0,"_links":{"self":[{"href":"https:\/\/holali.co.uk\/fr\/wp-json\/wp\/v2\/product\/6827","targetHints":{"allow":["GET"]}}],"collection":[{"href":"https:\/\/holali.co.uk\/fr\/wp-json\/wp\/v2\/product"}],"about":[{"href":"https:\/\/holali.co.uk\/fr\/wp-json\/wp\/v2\/types\/product"}],"replies":[{"embeddable":true,"href":"https:\/\/holali.co.uk\/fr\/wp-json\/wp\/v2\/comments?post=6827"}],"wp:featuredmedia":[{"embeddable":true,"href":"https:\/\/holali.co.uk\/fr\/wp-json\/wp\/v2\/media\/6828"}],"wp:attachment":[{"href":"https:\/\/holali.co.uk\/fr\/wp-json\/wp\/v2\/media?parent=6827"}],"wp:term":[{"taxonomy":"product_brand","embeddable":true,"href":"https:\/\/holali.co.uk\/fr\/wp-json\/wp\/v2\/product_brand?post=6827"},{"taxonomy":"product_cat","embeddable":true,"href":"https:\/\/holali.co.uk\/fr\/wp-json\/wp\/v2\/product_cat?post=6827"},{"taxonomy":"product_tag","embeddable":true,"href":"https:\/\/holali.co.uk\/fr\/wp-json\/wp\/v2\/product_tag?post=6827"}],"curies":[{"name":"wp","href":"https:\/\/api.w.org\/{rel}","templated":true}]}}