{"id":6819,"date":"2022-08-30T19:54:49","date_gmt":"2022-08-30T19:54:49","guid":{"rendered":"https:\/\/holali.local\/product\/loofah-soap-slice-100g-sport\/"},"modified":"2024-10-03T20:57:56","modified_gmt":"2024-10-03T20:57:56","slug":"savon-exfoliant-pour-le-sport","status":"publish","type":"product","link":"https:\/\/holali.co.uk\/fr\/product\/sport-exfoliating-soap\/","title":{"rendered":"Savon exfoliant pour le sport"},"content":{"rendered":"<h2 dir=\"auto\" data-pm-slice=\"1 1 []\">Savon exfoliant pour sportifs de plein air<\/h2>\n<p dir=\"auto\" data-pm-slice=\"1 1 []\">Notre savon exfoliant pour sportifs donne \u00e0 votre peau une sensation de propret\u00e9 et d'exfoliation, non seulement de la salet\u00e9, mais aussi de la sueur et de la crasse qui s'accumulent au fil du temps.<\/p>\n<p dir=\"auto\" data-pm-slice=\"1 1 []\">Il est con\u00e7u pour les athl\u00e8tes qui veulent rester au top de leur forme, mais il est aussi id\u00e9al pour tous ceux qui veulent se sentir comme s'ils \u00e9taient neufs.<\/p>\n<p>Le savon de luffa est un excellent moyen d'exfolier votre peau. La fibre de luffa provient de la plante luffa, qui fait partie de la famille des concombres. Une fois qu'elle est compl\u00e8tement propre, la fibre peut \u00eatre s\u00e9ch\u00e9e.<\/p>\n<p>FEATURES<br \/>\nTypes de peau : Toutes les peaux<br \/>\nZone de soins : Visage Corps<br \/>\nPoids : 100g environ<\/p>\n<p>NOTE: Buying handmade soap can be expensive, but this one is affordable and paraben-free, and cruelty-free! We offer a variety of <a href=\"https:\/\/holali.co.uk\/fr\/produit\/savon-exfoliant-a-la-lavande-2\/?wmc-currency=EUR\" title=\"Savon exfoliant \u00e0 la lavande\" target=\"_blank\" rel=\"noopener\"  data-wpil-monitor-id=\"1654\">exfoliating soaps made with natural ingredients<\/a>. La couleur ou le design peuvent l\u00e9g\u00e8rement varier par rapport aux photos pr\u00e9sent\u00e9es. Si vous souhaitez en savoir plus sur nos produits, n'h\u00e9sitez pas \u00e0 nous contacter \u00e0 tout moment !<\/p>\n<p>Savez-vous ce qu'est le savon en papier ? Si non, <a href=\"https:\/\/holali.co.uk\/fr\/produits-pour-le-bain\/savons-naturels\/?wmc-currency=EUR\">CLIQUEZ ICI<\/a><\/p>","protected":false},"excerpt":{"rendered":"<p>Sport Exfoliating Soap for Outdoor Athletes Our sport exfoliating soap gets your skin feeling clean and exfoliated, not just from dirt, but from all the sweat and grime that builds up over time. It&#8217;s made for athletes who want to stay in top shape, but it&#8217;s great for anyone who wants to feel like they&#8217;re&#8230;<\/p>","protected":false},"featured_media":6820,"comment_status":"open","ping_status":"closed","template":"","meta":{"_kad_blocks_custom_css":"","_kad_blocks_head_custom_js":"","_kad_blocks_body_custom_js":"","_kad_blocks_footer_custom_js":"","_kad_post_transparent":"default","_kad_post_title":"","_kad_post_layout":"default","_kad_post_sidebar_id":"","_kad_post_content_style":"default","_kad_post_vertical_padding":"default","_kad_post_feature":"","_kad_post_feature_position":"","_kad_post_header":false,"_kad_post_footer":false,"_kad_post_classname":"","_daim_seo_power":"","_daim_enable_ail":""},"product_brand":[],"product_cat":[277],"product_tag":[],"class_list":{"0":"post-6819","1":"product","2":"type-product","3":"status-publish","4":"has-post-thumbnail","6":"product_cat-exfoliating-soaps","8":"first","9":"instock","10":"taxable","11":"shipping-taxable","12":"purchasable","13":"product-type-simple","14":"entry","15":"content-bg","16":"loop-entry"},"taxonomy_info":{"product_cat":[{"value":277,"label":"Exfoliating Soaps"}]},"featured_image_src_large":["https:\/\/holali.co.uk\/wp-content\/uploads\/2022\/08\/189505.jpeg",567,566,false],"author_info":[],"comment_info":0,"_links":{"self":[{"href":"https:\/\/holali.co.uk\/fr\/wp-json\/wp\/v2\/product\/6819","targetHints":{"allow":["GET"]}}],"collection":[{"href":"https:\/\/holali.co.uk\/fr\/wp-json\/wp\/v2\/product"}],"about":[{"href":"https:\/\/holali.co.uk\/fr\/wp-json\/wp\/v2\/types\/product"}],"replies":[{"embeddable":true,"href":"https:\/\/holali.co.uk\/fr\/wp-json\/wp\/v2\/comments?post=6819"}],"wp:featuredmedia":[{"embeddable":true,"href":"https:\/\/holali.co.uk\/fr\/wp-json\/wp\/v2\/media\/6820"}],"wp:attachment":[{"href":"https:\/\/holali.co.uk\/fr\/wp-json\/wp\/v2\/media?parent=6819"}],"wp:term":[{"taxonomy":"product_brand","embeddable":true,"href":"https:\/\/holali.co.uk\/fr\/wp-json\/wp\/v2\/product_brand?post=6819"},{"taxonomy":"product_cat","embeddable":true,"href":"https:\/\/holali.co.uk\/fr\/wp-json\/wp\/v2\/product_cat?post=6819"},{"taxonomy":"product_tag","embeddable":true,"href":"https:\/\/holali.co.uk\/fr\/wp-json\/wp\/v2\/product_tag?post=6819"}],"curies":[{"name":"wp","href":"https:\/\/api.w.org\/{rel}","templated":true}]}}