{"id":6817,"date":"2022-08-30T19:54:48","date_gmt":"2022-08-30T19:54:48","guid":{"rendered":"https:\/\/holali.local\/product\/loofah-soap-slice-100g-lavender\/"},"modified":"2025-09-15T02:12:10","modified_gmt":"2025-09-15T02:12:10","slug":"savon-exfoliant-a-la-lavande-2","status":"publish","type":"product","link":"https:\/\/holali.co.uk\/fr\/product\/lavender-exfoliating-soap\/","title":{"rendered":"Savon exfoliant \u00e0 la lavande"},"content":{"rendered":"<h2 dir=\"auto\" data-pm-slice=\"1 1 []\">Savon exfoliant \u00e0 la lavande fait maison<\/h2>\n<p dir=\"auto\" data-pm-slice=\"1 1 []\">Notre savon exfoliant \u00e0 la lavande aide \u00e0 \u00e9liminer les cellules mortes et \u00e0 am\u00e9liorer la texture de votre peau tout en \u00e9liminant l'exc\u00e8s de s\u00e9bum sur votre visage.<\/p>\n<p dir=\"auto\" data-pm-slice=\"1 1 []\">Il est assez doux pour \u00eatre utilis\u00e9 sur tout le corps et ne le prive pas de ses huiles naturelles, vous pouvez donc l'utiliser aussi souvent que vous le souhaitez !<\/p>\n<p>Le savon de luffa est un excellent moyen d'exfolier votre peau. La fibre de luffa provient de la plante luffa, qui fait partie de la famille des concombres. Une fois qu'elle est compl\u00e8tement propre, la fibre peut \u00eatre s\u00e9ch\u00e9e.<\/p>\n<p>FEATURES<br \/>\nTypes de peau : Toutes les peaux<br \/>\nZone de soins : Visage Corps<br \/>\nPoids : 100g environ<\/p>\n<p>NOTE: Buying handmade soap can be expensive, but this one is affordable and paraben-free, and cruelty-free! We offer a variety of <a href=\"https:\/\/holali.co.uk\/fr\/produit\/savon-exfoliant-au-raisin\/?wmc-currency=EUR\" title=\"Savon exfoliant au raisin\" target=\"_blank\" rel=\"noopener\"  data-wpil-monitor-id=\"1207\">exfoliating soaps made with natural ingredients<\/a>. La couleur ou le design peuvent l\u00e9g\u00e8rement varier par rapport aux photos pr\u00e9sent\u00e9es. Si vous souhaitez en savoir plus sur nos produits, n'h\u00e9sitez pas \u00e0 nous contacter \u00e0 tout moment !<\/p>\n<p>Savez-vous ce qu'est le savon en papier ? Si non, <a href=\"https:\/\/holali.co.uk\/fr\/categorie-de-produit\/soins-du-corps\/produits-de-soins-de-la-peau\/paper-soap\/?wmc-currency=EUR\">CLIQUEZ ICI<\/a><\/p>","protected":false},"excerpt":{"rendered":"<p>Home-Made Lavender Exfoliating Soap Our lavender exfoliating soap helps remove dead skin cells and improve the texture of your skin while removing any excess oils on your face. It&#8217;s gentle enough to use on your entire body and won&#8217;t strip it of its natural oils, so you can use it as often as you like!&#8230;<\/p>","protected":false},"featured_media":6818,"comment_status":"open","ping_status":"closed","template":"","meta":{"_kad_blocks_custom_css":"","_kad_blocks_head_custom_js":"","_kad_blocks_body_custom_js":"","_kad_blocks_footer_custom_js":"","_kad_post_transparent":"default","_kad_post_title":"","_kad_post_layout":"default","_kad_post_sidebar_id":"","_kad_post_content_style":"default","_kad_post_vertical_padding":"default","_kad_post_feature":"","_kad_post_feature_position":"","_kad_post_header":false,"_kad_post_footer":false,"_kad_post_classname":"","_daim_seo_power":"","_daim_enable_ail":""},"product_brand":[],"product_cat":[277],"product_tag":[],"class_list":{"0":"post-6817","1":"product","2":"type-product","3":"status-publish","4":"has-post-thumbnail","6":"product_cat-exfoliating-soaps","8":"first","9":"instock","10":"taxable","11":"shipping-taxable","12":"purchasable","13":"product-type-simple","14":"entry","15":"content-bg","16":"loop-entry"},"taxonomy_info":{"product_cat":[{"value":277,"label":"Exfoliating Soaps"}]},"featured_image_src_large":["https:\/\/holali.co.uk\/wp-content\/uploads\/2022\/08\/189504-1.jpeg",572,572,false],"author_info":[],"comment_info":0,"_links":{"self":[{"href":"https:\/\/holali.co.uk\/fr\/wp-json\/wp\/v2\/product\/6817","targetHints":{"allow":["GET"]}}],"collection":[{"href":"https:\/\/holali.co.uk\/fr\/wp-json\/wp\/v2\/product"}],"about":[{"href":"https:\/\/holali.co.uk\/fr\/wp-json\/wp\/v2\/types\/product"}],"replies":[{"embeddable":true,"href":"https:\/\/holali.co.uk\/fr\/wp-json\/wp\/v2\/comments?post=6817"}],"wp:featuredmedia":[{"embeddable":true,"href":"https:\/\/holali.co.uk\/fr\/wp-json\/wp\/v2\/media\/6818"}],"wp:attachment":[{"href":"https:\/\/holali.co.uk\/fr\/wp-json\/wp\/v2\/media?parent=6817"}],"wp:term":[{"taxonomy":"product_brand","embeddable":true,"href":"https:\/\/holali.co.uk\/fr\/wp-json\/wp\/v2\/product_brand?post=6817"},{"taxonomy":"product_cat","embeddable":true,"href":"https:\/\/holali.co.uk\/fr\/wp-json\/wp\/v2\/product_cat?post=6817"},{"taxonomy":"product_tag","embeddable":true,"href":"https:\/\/holali.co.uk\/fr\/wp-json\/wp\/v2\/product_tag?post=6817"}],"curies":[{"name":"wp","href":"https:\/\/api.w.org\/{rel}","templated":true}]}}