{"id":6815,"date":"2022-08-30T19:54:48","date_gmt":"2022-08-30T19:54:48","guid":{"rendered":"https:\/\/holali.local\/product\/loofah-soap-slice-100g-grape\/"},"modified":"2024-10-03T20:57:56","modified_gmt":"2024-10-03T20:57:56","slug":"savon-exfoliant-au-raisin","status":"publish","type":"product","link":"https:\/\/holali.co.uk\/fr\/product\/grape-exfoliating-soap\/","title":{"rendered":"Savon exfoliant au raisin"},"content":{"rendered":"<h2 dir=\"auto\" data-pm-slice=\"1 1 []\">Luxueux savon exfoliant au raisin pour tous les types de peau<\/h2>\n<p dir=\"auto\" data-pm-slice=\"1 1 []\">Pr\u00e9parez-vous \u00e0 recevoir le gommage que vous attendiez ! Le savon exfoliant au raisin \u00e9limine en douceur les cellules mortes, laissant votre peau fra\u00eeche et lisse. Avec des ingr\u00e9dients naturels comme l'huile de p\u00e9pins de raisin et l'extrait de pamplemousse, ce savon est fait pour un mode de vie sain.<\/p>\n<p>Loofah <a href=\"https:\/\/holali.co.uk\/fr\/produit\/loofah-soap-slice-115g-rough-ready-rose-2\/?wmc-currency=EUR\" title=\"Pain de savon exfoliant \u00e0 la rose\"  data-wpil-monitor-id=\"418\">soap is a great way to exfoliate<\/a> your skin. The loofah fiber is from the luffa plant, which is in the cucumber family. Once it is completely clean, the fiber can be dried out.<\/p>\n<p>FEATURES<br \/>\nTypes de peau : Toutes les peaux<br \/>\nZone de soins : Visage Corps<br \/>\nPoids : 100g environ<\/p>\n<p>REMARQUE : Acheter un savon fait main peut \u00eatre co\u00fbteux, mais celui-ci est abordable et sans parab\u00e8ne, et sans cruaut\u00e9 ! Nous proposons une vari\u00e9t\u00e9 de savons exfoliants fabriqu\u00e9s \u00e0 partir d'ingr\u00e9dients naturels. La couleur ou le design peuvent l\u00e9g\u00e8rement varier par rapport aux photos pr\u00e9sent\u00e9es. Si vous souhaitez en savoir plus sur nos produits, n'h\u00e9sitez pas \u00e0 nous contacter \u00e0 tout moment !<\/p>\n<p>Savez-vous ce qu'est le savon en papier ? Si non, <a href=\"https:\/\/holali.co.uk\/fr\/categorie-de-produit\/soins-du-corps\/produits-de-soins-de-la-peau\/paper-soap\/?wmc-currency=EUR\">CLIQUEZ ICI<\/a><\/p>","protected":false},"excerpt":{"rendered":"<p>Luxurious Grape Exfoliating Soap for All Skin Types Get ready for the scrub you&#8217;ve been waiting for! Grape Exfoliating Soap gently removes dead skin cells, leaving your skin feeling fresh and smooth. With natural ingredients like grapeseed oil and grapefruit extract, this soap is made for a healthy lifestyle. Loofah soap is a great way&#8230;<\/p>","protected":false},"featured_media":6816,"comment_status":"open","ping_status":"closed","template":"","meta":{"_kad_blocks_custom_css":"","_kad_blocks_head_custom_js":"","_kad_blocks_body_custom_js":"","_kad_blocks_footer_custom_js":"","_kad_post_transparent":"default","_kad_post_title":"","_kad_post_layout":"default","_kad_post_sidebar_id":"","_kad_post_content_style":"default","_kad_post_vertical_padding":"default","_kad_post_feature":"","_kad_post_feature_position":"","_kad_post_header":false,"_kad_post_footer":false,"_kad_post_classname":"","_daim_seo_power":"","_daim_enable_ail":""},"product_brand":[],"product_cat":[277],"product_tag":[],"class_list":{"0":"post-6815","1":"product","2":"type-product","3":"status-publish","4":"has-post-thumbnail","6":"product_cat-exfoliating-soaps","8":"first","9":"instock","10":"taxable","11":"shipping-taxable","12":"purchasable","13":"product-type-simple","14":"entry","15":"content-bg","16":"loop-entry"},"taxonomy_info":{"product_cat":[{"value":277,"label":"Exfoliating Soaps"}]},"featured_image_src_large":["https:\/\/holali.co.uk\/wp-content\/uploads\/2022\/08\/189503-1.jpeg",577,576,false],"author_info":[],"comment_info":0,"_links":{"self":[{"href":"https:\/\/holali.co.uk\/fr\/wp-json\/wp\/v2\/product\/6815","targetHints":{"allow":["GET"]}}],"collection":[{"href":"https:\/\/holali.co.uk\/fr\/wp-json\/wp\/v2\/product"}],"about":[{"href":"https:\/\/holali.co.uk\/fr\/wp-json\/wp\/v2\/types\/product"}],"replies":[{"embeddable":true,"href":"https:\/\/holali.co.uk\/fr\/wp-json\/wp\/v2\/comments?post=6815"}],"wp:featuredmedia":[{"embeddable":true,"href":"https:\/\/holali.co.uk\/fr\/wp-json\/wp\/v2\/media\/6816"}],"wp:attachment":[{"href":"https:\/\/holali.co.uk\/fr\/wp-json\/wp\/v2\/media?parent=6815"}],"wp:term":[{"taxonomy":"product_brand","embeddable":true,"href":"https:\/\/holali.co.uk\/fr\/wp-json\/wp\/v2\/product_brand?post=6815"},{"taxonomy":"product_cat","embeddable":true,"href":"https:\/\/holali.co.uk\/fr\/wp-json\/wp\/v2\/product_cat?post=6815"},{"taxonomy":"product_tag","embeddable":true,"href":"https:\/\/holali.co.uk\/fr\/wp-json\/wp\/v2\/product_tag?post=6815"}],"curies":[{"name":"wp","href":"https:\/\/api.w.org\/{rel}","templated":true}]}}