{"id":6811,"date":"2022-08-30T19:54:47","date_gmt":"2022-08-30T19:54:47","guid":{"rendered":"https:\/\/holali.local\/product\/loofah-soap-slice-100g-strawberry\/"},"modified":"2025-09-15T02:12:11","modified_gmt":"2025-09-15T02:12:11","slug":"savon-exfoliant-a-la-fraise","status":"publish","type":"product","link":"https:\/\/holali.co.uk\/fr\/product\/strawberry-exfoliating-soap\/","title":{"rendered":"Savon exfoliant \u00e0 la fraise"},"content":{"rendered":"<h2 dir=\"auto\" data-pm-slice=\"1 1 []\">Am\u00e9liorez votre routine de beaut\u00e9 avec le savon exfoliant \u00e0 la fraise<\/h2>\n<p dir=\"auto\" data-pm-slice=\"1 1 []\">Les fraises sont un ingr\u00e9dient de base de la plupart des desserts glac\u00e9s dans le monde, et maintenant elles sont aussi un favori dans votre douche.<\/p>\n<p dir=\"auto\" data-pm-slice=\"1 1 []\">Notre savon exfoliant \u00e0 la fraise vous laissera une peau lisse et un doux parfum. Notre savon est compos\u00e9 d'extraits naturels et d'huiles de fraise, ce qui vous permettra de profiter de tous les bienfaits de la fraise !<\/p>\n<p>Loofah soap is a <a href=\"https:\/\/holali.co.uk\/fr\/produit\/savon-exfoliant-au-raisin\/?wmc-currency=EUR\" title=\"Savon exfoliant au raisin\" target=\"_blank\" rel=\"noopener\"  data-wpil-monitor-id=\"1210\">great way to exfoliate<\/a> your skin. The loofah fiber is from the luffa plant, which is in the cucumber family. Once it is completely clean, the fiber can be dried out.<\/p>\n<p>FEATURES<br \/>\nTypes de peau : Toutes les peaux<br \/>\nZone de soins : Visage Corps<br \/>\nPoids : 100g environ<\/p>\n<p>NOTE: Buying handmade soap can be expensive, but this one is affordable and paraben-free, and cruelty-free! We offer a variety of exfoliating <a href=\"https:\/\/holali.co.uk\/fr\/produit\/savons-faits-a-la-main-avec-des-fraises\/?wmc-currency=EUR\" title=\"Savons artisanaux \u00e0 la fraise\" target=\"_blank\" rel=\"noopener\"  data-wpil-monitor-id=\"1195\">soaps made with natural ingredients<\/a>. La couleur ou le design peuvent l\u00e9g\u00e8rement varier par rapport aux photos pr\u00e9sent\u00e9es. Si vous souhaitez en savoir plus sur nos produits, n'h\u00e9sitez pas \u00e0 nous contacter \u00e0 tout moment !<\/p>\n<p>Savez-vous ce qu'est le savon en papier ? Si non, <a href=\"https:\/\/holali.co.uk\/fr\/categorie-de-produit\/soins-du-corps\/produits-de-soins-de-la-peau\/paper-soap\/?wmc-currency=EUR\">CLIQUEZ ICI<\/a><\/p>","protected":false},"excerpt":{"rendered":"<p>Upgrade your Beauty Routine with Strawberry Exfoliating Soap Strawberries are a staple in most of the world&#8217;s iced desserts, and now they&#8217;re also turning out to be a favorite in your shower. Our Strawberry Exfoliating Soap will leave you with smooth skin and a sweet scent. Our soap is blended with natural extracts and the&#8230;<\/p>","protected":false},"featured_media":6812,"comment_status":"open","ping_status":"closed","template":"","meta":{"_kad_blocks_custom_css":"","_kad_blocks_head_custom_js":"","_kad_blocks_body_custom_js":"","_kad_blocks_footer_custom_js":"","_kad_post_transparent":"default","_kad_post_title":"","_kad_post_layout":"default","_kad_post_sidebar_id":"","_kad_post_content_style":"default","_kad_post_vertical_padding":"default","_kad_post_feature":"","_kad_post_feature_position":"","_kad_post_header":false,"_kad_post_footer":false,"_kad_post_classname":"","_daim_seo_power":"","_daim_enable_ail":""},"product_brand":[],"product_cat":[277],"product_tag":[],"class_list":{"0":"post-6811","1":"product","2":"type-product","3":"status-publish","4":"has-post-thumbnail","6":"product_cat-exfoliating-soaps","8":"first","9":"instock","10":"taxable","11":"shipping-taxable","12":"purchasable","13":"product-type-simple","14":"entry","15":"content-bg","16":"loop-entry"},"taxonomy_info":{"product_cat":[{"value":277,"label":"Exfoliating Soaps"}]},"featured_image_src_large":["https:\/\/holali.co.uk\/wp-content\/uploads\/2022\/08\/189502-1.jpeg",607,607,false],"author_info":[],"comment_info":0,"_links":{"self":[{"href":"https:\/\/holali.co.uk\/fr\/wp-json\/wp\/v2\/product\/6811","targetHints":{"allow":["GET"]}}],"collection":[{"href":"https:\/\/holali.co.uk\/fr\/wp-json\/wp\/v2\/product"}],"about":[{"href":"https:\/\/holali.co.uk\/fr\/wp-json\/wp\/v2\/types\/product"}],"replies":[{"embeddable":true,"href":"https:\/\/holali.co.uk\/fr\/wp-json\/wp\/v2\/comments?post=6811"}],"wp:featuredmedia":[{"embeddable":true,"href":"https:\/\/holali.co.uk\/fr\/wp-json\/wp\/v2\/media\/6812"}],"wp:attachment":[{"href":"https:\/\/holali.co.uk\/fr\/wp-json\/wp\/v2\/media?parent=6811"}],"wp:term":[{"taxonomy":"product_brand","embeddable":true,"href":"https:\/\/holali.co.uk\/fr\/wp-json\/wp\/v2\/product_brand?post=6811"},{"taxonomy":"product_cat","embeddable":true,"href":"https:\/\/holali.co.uk\/fr\/wp-json\/wp\/v2\/product_cat?post=6811"},{"taxonomy":"product_tag","embeddable":true,"href":"https:\/\/holali.co.uk\/fr\/wp-json\/wp\/v2\/product_tag?post=6811"}],"curies":[{"name":"wp","href":"https:\/\/api.w.org\/{rel}","templated":true}]}}