{"id":6809,"date":"2022-08-30T19:54:47","date_gmt":"2022-08-30T19:54:47","guid":{"rendered":"https:\/\/holali.local\/product\/loofah-soap-slice-100g-grapefruit\/"},"modified":"2024-10-03T20:57:56","modified_gmt":"2024-10-03T20:57:56","slug":"savon-exfoliant-au-pamplemousse","status":"publish","type":"product","link":"https:\/\/holali.co.uk\/fr\/product\/grapefruit-exfoliating-soap\/","title":{"rendered":"Savon exfoliant au pamplemousse"},"content":{"rendered":"<h2 dir=\"auto\" data-pm-slice=\"1 1 []\">Savon exfoliant au pamplemousse pour un soin de la peau doux et naturel<\/h2>\n<p dir=\"auto\" data-pm-slice=\"1 1 []\">Notre savon exfoliant au pamplemousse est destin\u00e9 aux personnes qui aiment vivre de mani\u00e8re plus naturelle. Le savon exfoliant est compos\u00e9 d'une tranche de luffa qui, utilis\u00e9e avec de l'eau, laissera votre peau rafra\u00eechie, propre et revigor\u00e9e.<\/p>\n<p dir=\"auto\" data-pm-slice=\"1 1 []\">Nous vous garantissons que c'est le savon le plus unique que vous ayez jamais vu.<\/p>\n<p>Loofah <a href=\"https:\/\/holali.co.uk\/fr\/produit\/savon-exfoliant-a-la-fraise\/?wmc-currency=EUR\" title=\"Savon exfoliant \u00e0 la fraise\" target=\"_blank\" rel=\"noopener\"  data-wpil-monitor-id=\"1219\">soap is a great way to exfoliate<\/a> your skin. The <a href=\"https:\/\/holali.co.uk\/fr\/produit\/savon-exfoliant-au-raisin\/?wmc-currency=EUR\" title=\"Savon exfoliant au raisin\" target=\"_blank\" rel=\"noopener\"  data-wpil-monitor-id=\"1203\">loofah fiber is from the luffa plant<\/a>, which is in the cucumber family. Once it is completely clean, the fiber can be dried out.<\/p>\n<p>FEATURES<br \/>\nTypes de peau : Toutes les peaux<br \/>\nZone de soins : Visage Corps<br \/>\nPoids : 100g environ<\/p>\n<p>NOTE: Buying handmade soap can be expensive, but this one is affordable and paraben-free, and cruelty-free! We offer a variety of exfoliating <a href=\"https:\/\/holali.co.uk\/fr\/produit\/savon-au-pomelo-pour-la-sante-de-la-peau-et-des-cheveux\/?wmc-currency=EUR\" title=\"Savon au pomelo pour une peau et des cheveux sains\" target=\"_blank\" rel=\"noopener\"  data-wpil-monitor-id=\"1402\">soaps made with natural ingredients<\/a>. La couleur ou le design peuvent l\u00e9g\u00e8rement varier par rapport aux photos pr\u00e9sent\u00e9es. Si vous souhaitez en savoir plus sur nos produits, n'h\u00e9sitez pas \u00e0 nous contacter \u00e0 tout moment !<\/p>\n<p>Savez-vous ce qu'est le savon en papier ? Si non, <a href=\"https:\/\/holali.co.uk\/fr\/produits-pour-le-bain\/savons-naturels\/?wmc-currency=EUR\">CLIQUEZ ICI<\/a><\/p>","protected":false},"excerpt":{"rendered":"<p>Grapefruit Exfoliating Soap for Gentle, Natural Skin Care Our grapefruit exfoliating soap is for people who love to live more natural lives. The exfoliating soap is made of a slice of loofah that when used with water will leave your skin feeling refreshed, clean, and invigorated. We guarantee that this is the most unique soap&#8230;<\/p>","protected":false},"featured_media":6810,"comment_status":"open","ping_status":"closed","template":"","meta":{"_kad_blocks_custom_css":"","_kad_blocks_head_custom_js":"","_kad_blocks_body_custom_js":"","_kad_blocks_footer_custom_js":"","_kad_post_transparent":"default","_kad_post_title":"","_kad_post_layout":"default","_kad_post_sidebar_id":"","_kad_post_content_style":"default","_kad_post_vertical_padding":"default","_kad_post_feature":"","_kad_post_feature_position":"","_kad_post_header":false,"_kad_post_footer":false,"_kad_post_classname":"","_daim_seo_power":"","_daim_enable_ail":""},"product_brand":[],"product_cat":[277],"product_tag":[],"class_list":{"0":"post-6809","1":"product","2":"type-product","3":"status-publish","4":"has-post-thumbnail","6":"product_cat-exfoliating-soaps","8":"first","9":"instock","10":"taxable","11":"shipping-taxable","12":"purchasable","13":"product-type-simple","14":"entry","15":"content-bg","16":"loop-entry"},"taxonomy_info":{"product_cat":[{"value":277,"label":"Exfoliating Soaps"}]},"featured_image_src_large":["https:\/\/holali.co.uk\/wp-content\/uploads\/2022\/08\/189501-1.jpeg",579,579,false],"author_info":[],"comment_info":0,"_links":{"self":[{"href":"https:\/\/holali.co.uk\/fr\/wp-json\/wp\/v2\/product\/6809","targetHints":{"allow":["GET"]}}],"collection":[{"href":"https:\/\/holali.co.uk\/fr\/wp-json\/wp\/v2\/product"}],"about":[{"href":"https:\/\/holali.co.uk\/fr\/wp-json\/wp\/v2\/types\/product"}],"replies":[{"embeddable":true,"href":"https:\/\/holali.co.uk\/fr\/wp-json\/wp\/v2\/comments?post=6809"}],"wp:featuredmedia":[{"embeddable":true,"href":"https:\/\/holali.co.uk\/fr\/wp-json\/wp\/v2\/media\/6810"}],"wp:attachment":[{"href":"https:\/\/holali.co.uk\/fr\/wp-json\/wp\/v2\/media?parent=6809"}],"wp:term":[{"taxonomy":"product_brand","embeddable":true,"href":"https:\/\/holali.co.uk\/fr\/wp-json\/wp\/v2\/product_brand?post=6809"},{"taxonomy":"product_cat","embeddable":true,"href":"https:\/\/holali.co.uk\/fr\/wp-json\/wp\/v2\/product_cat?post=6809"},{"taxonomy":"product_tag","embeddable":true,"href":"https:\/\/holali.co.uk\/fr\/wp-json\/wp\/v2\/product_tag?post=6809"}],"curies":[{"name":"wp","href":"https:\/\/api.w.org\/{rel}","templated":true}]}}