{"id":6743,"date":"2022-08-30T19:54:31","date_gmt":"2022-08-30T19:54:31","guid":{"rendered":"https:\/\/holali.local\/product\/solid-shampoo-bar-60g-rhubarb\/"},"modified":"2025-07-18T22:06:24","modified_gmt":"2025-07-18T22:06:24","slug":"rhubarbe-ethique-shampooing-bar","status":"publish","type":"product","link":"https:\/\/holali.co.uk\/fr\/product\/solid-shampoo-and-conditioner\/","title":{"rendered":"Shampooing et apr\u00e8s-shampooing solides pour des cheveux sains"},"content":{"rendered":"<h2>Shampooing et apr\u00e8s-shampooing solides pour des cheveux sains<\/h2>\n<p>Le shampooing et l'apr\u00e8s-shampooing solide \u00e0 la rhubarbe, c'est le must des soins capillaires. Notre shampooing savon apr\u00e8s-shampooing \u00e0 la rhubarbe rend vos cheveux lisses, brillants et \u00e9galement d\u00e9pourvus d'accumulation.<\/p>\n<p>Il renforce \u00e9galement vos cheveux, et vous constaterez que vous n'avez pas besoin de vous laver les cheveux avec un apr\u00e8s-shampooing, et il est \u00e9galement assez l\u00e9ger pour voyager.<\/p>\n<p>Une \u00e9tude r\u00e9cente a montr\u00e9 que les shampooings et les apr\u00e8s-shampooings solides peuvent \u00eatre plus b\u00e9n\u00e9fiques que les liquides.<\/p>\n<p>The study was conducted by a group of scientists from the University of Southern California who set out to test the efficacy of solid <a href=\"https:\/\/holali.co.uk\/fr\/produit\/barre-de-shampoing-noir-framboise-ethique\/?wmc-currency=EUR\" title=\"Barres de shampooing et d&#039;apr\u00e8s-shampooing Amazing Black Raspberry\"  data-wpil-monitor-id=\"427\">shampoo and solid conditioner bars<\/a>.<\/p>\n<p>Ils ont constat\u00e9 que ces produits \u00e9taient plus efficaces pour traiter la perte de cheveux et les probl\u00e8mes de cuir chevelu comme les pellicules, ainsi que pour am\u00e9liorer la qualit\u00e9 des cheveux.<\/p>\n<p>Les chercheurs ont \u00e9galement d\u00e9couvert que les barres de shampooing \u00e9taient capables de p\u00e9n\u00e9trer profond\u00e9ment dans le cuir chevelu, ce qui a permis d'am\u00e9liorer le taux d'absorption des deux ingr\u00e9dients.<\/p>\n<h6>CARACT\u00c9RISTIQUES DE NOTRE SHAMPOOING \u00c0 LA RHUBARBE<\/h6>\n<ul>\n<li>Il convient \u00e0 tous les types de cheveux, y compris les cheveux secs, boucl\u00e9s, gras et color\u00e9s.<\/li>\n<li>Fonctionne bien avec de l'eau chaude<\/li>\n<li>Sans SLS, SLES, Paraben<\/li>\n<li>Eco-Friendly<\/li>\n<li>Les v\u00e9g\u00e9taliens et les v\u00e9g\u00e9tariens peuvent \u00e9galement l'appr\u00e9cier.<\/li>\n<li>contre les tests sur les animaux<\/li>\n<li>Sans cruaut\u00e9<\/li>\n<li>Sans plastique<\/li>\n<li>Poids : 60g<\/li>\n<\/ul>\n<p>REMARQUE : La couleur ou le design peuvent varier l\u00e9g\u00e8rement par rapport aux photos pr\u00e9sent\u00e9es. Si vous souhaitez en savoir plus sur nos produits, n'h\u00e9sitez pas \u00e0 nous contacter \u00e0 tout moment !<\/p>\n<p>Vous cherchez une id\u00e9e g\u00e9niale ? <a href=\"https:\/\/holali.co.uk\/fr\/categorie-de-produit\/soins-du-corps\/produits-de-soins-de-la-peau\/paper-soap\/?wmc-currency=EUR\" target=\"_blank\" rel=\"noopener noreferrer\">CLIQUEZ ICI<\/a><\/p>","protected":false},"excerpt":{"rendered":"<p>Solid Shampoo and Conditioner For Healthy Hair Rhubarb Solid shampoo and conditioner\u00a0it&#8217;s the must-have for hair care. Our Rhubarb conditioner soap shampoo makes your hair smooth, shiny, and also devoid of build-up. It likewise reinforces your hair, as well as you&#8217;ll observe that you don&#8217;t need to wash your hair with a conditioner, and also&#8230;<\/p>","protected":false},"featured_media":6744,"comment_status":"open","ping_status":"closed","template":"","meta":{"_kad_blocks_custom_css":"","_kad_blocks_head_custom_js":"","_kad_blocks_body_custom_js":"","_kad_blocks_footer_custom_js":"","_kad_post_transparent":"default","_kad_post_title":"","_kad_post_layout":"default","_kad_post_sidebar_id":"","_kad_post_content_style":"default","_kad_post_vertical_padding":"default","_kad_post_feature":"","_kad_post_feature_position":"","_kad_post_header":false,"_kad_post_footer":false,"_kad_post_classname":"","_daim_seo_power":"","_daim_enable_ail":""},"product_brand":[],"product_cat":[480,700],"product_tag":[],"class_list":{"0":"post-6743","1":"product","2":"type-product","3":"status-publish","4":"has-post-thumbnail","6":"product_cat-eco-friendly-shampoo-bar","7":"product_cat-friendly-shampoo-bar","9":"first","10":"instock","11":"taxable","12":"shipping-taxable","13":"purchasable","14":"product-type-simple","15":"entry","16":"content-bg","17":"loop-entry"},"taxonomy_info":{"product_cat":[{"value":480,"label":"Eco-Friendly Shampoo Bar"},{"value":700,"label":"Friendly Shampoo Bar"}]},"featured_image_src_large":["https:\/\/holali.co.uk\/wp-content\/uploads\/2022\/08\/196458.jpeg",828,828,false],"author_info":[],"comment_info":0,"_links":{"self":[{"href":"https:\/\/holali.co.uk\/fr\/wp-json\/wp\/v2\/product\/6743","targetHints":{"allow":["GET"]}}],"collection":[{"href":"https:\/\/holali.co.uk\/fr\/wp-json\/wp\/v2\/product"}],"about":[{"href":"https:\/\/holali.co.uk\/fr\/wp-json\/wp\/v2\/types\/product"}],"replies":[{"embeddable":true,"href":"https:\/\/holali.co.uk\/fr\/wp-json\/wp\/v2\/comments?post=6743"}],"wp:featuredmedia":[{"embeddable":true,"href":"https:\/\/holali.co.uk\/fr\/wp-json\/wp\/v2\/media\/6744"}],"wp:attachment":[{"href":"https:\/\/holali.co.uk\/fr\/wp-json\/wp\/v2\/media?parent=6743"}],"wp:term":[{"taxonomy":"product_brand","embeddable":true,"href":"https:\/\/holali.co.uk\/fr\/wp-json\/wp\/v2\/product_brand?post=6743"},{"taxonomy":"product_cat","embeddable":true,"href":"https:\/\/holali.co.uk\/fr\/wp-json\/wp\/v2\/product_cat?post=6743"},{"taxonomy":"product_tag","embeddable":true,"href":"https:\/\/holali.co.uk\/fr\/wp-json\/wp\/v2\/product_tag?post=6743"}],"curies":[{"name":"wp","href":"https:\/\/api.w.org\/{rel}","templated":true}]}}