{"id":6741,"date":"2022-08-30T19:54:30","date_gmt":"2022-08-30T19:54:30","guid":{"rendered":"https:\/\/holali.local\/product\/solid-shampoo-bar-60g-black-raspberry\/"},"modified":"2024-10-03T20:57:56","modified_gmt":"2024-10-03T20:57:56","slug":"barre-de-shampoing-noir-framboise-ethique","status":"publish","type":"product","link":"https:\/\/holali.co.uk\/fr\/product\/black-raspberry-shampoo-and-conditioner-bars\/","title":{"rendered":"Barres de shampooing et d'apr\u00e8s-shampooing Amazing Black Raspberry"},"content":{"rendered":"<h2>Barres de shampooing et d'apr\u00e8s-shampooing \u00e0 la framboise noire<\/h2>\n<p>Nos barres de shampooing et d'apr\u00e8s-shampooing \u00e0 la framboise noire ont \u00e9t\u00e9 con\u00e7ues avec un m\u00e9lange de framboise noire, pour avoir le meilleur soin des cheveux en maintenant la douceur de vos cheveux, et celle de votre cuir chevelu.<\/p>\n<p>Notre shampooing et notre apr\u00e8s-shampooing pour cheveux vous donneront des cheveux brillants et sans accumulation, ils prot\u00e8gent vos cheveux des effets de l'environnement et vous donneront un look sain et dynamique.<\/p>\n<h3>Pas besoin de produits capillaires suppl\u00e9mentaires comme les apr\u00e8s-shampooings sans rin\u00e7age !<\/h3>\n<p>Avec notre barre de shampoing apr\u00e8s-shampoing \u00e0 la framboise noire, vous aurez un produit 1-en-2<\/p>\n<ol>\n<li>un apr\u00e8s-shampooing et un shampooing<\/li>\n<li>qui vous donne plus d'espace dans votre sac de toilette.<\/li>\n<li>et le rend assez l\u00e9ger pour le voyage.<\/li>\n<\/ol>\n<h6>CARACT\u00c9RISTIQUES DE NOTRE SHAMPOOING, SAVON ET CONDITIONNEUR \u00c9COLOGIQUES<\/h6>\n<ul>\n<li>Il convient \u00e0 tous les types de cheveux, y compris les cheveux secs, boucl\u00e9s, gras et color\u00e9s.<\/li>\n<li>Fonctionne bien avec de l'eau chaude<\/li>\n<li>Sans SLS, SLES, Paraben<\/li>\n<li>Eco-Friendly<\/li>\n<li>Les v\u00e9g\u00e9taliens et les v\u00e9g\u00e9tariens peuvent \u00e9galement l'appr\u00e9cier.<\/li>\n<li>contre les tests sur les animaux<\/li>\n<li>Sans cruaut\u00e9<\/li>\n<li>Sans plastique<\/li>\n<li>Poids : 60g<\/li>\n<\/ul>\n<p>REMARQUE : La couleur ou le design peuvent varier l\u00e9g\u00e8rement par rapport aux photos pr\u00e9sent\u00e9es. Si vous souhaitez en savoir plus sur nos produits, n'h\u00e9sitez pas \u00e0 nous contacter \u00e0 tout moment !<\/p>\n<p>Vous cherchez une id\u00e9e g\u00e9niale ? <a href=\"https:\/\/holali.co.uk\/fr\/categorie-de-produit\/soins-du-corps\/produits-de-soins-de-la-peau\/paper-soap\/?wmc-currency=EUR\" target=\"_blank\" rel=\"noopener noreferrer\">CLIQUEZ ICI<\/a><\/p>","protected":false},"excerpt":{"rendered":"<p>Black Raspberry Shampoo and Conditioner Bars Our Black Raspberry Shampoo and Conditioner Bars have been designed with a blend of black Raspberry, to have the best hair care by maintaining the softness of your hair, and that of your scalp. Our hair shampoo as well as hair conditioner will give you shiny hair and free&#8230;<\/p>","protected":false},"featured_media":6742,"comment_status":"open","ping_status":"closed","template":"","meta":{"_kad_blocks_custom_css":"","_kad_blocks_head_custom_js":"","_kad_blocks_body_custom_js":"","_kad_blocks_footer_custom_js":"","_kad_post_transparent":"default","_kad_post_title":"","_kad_post_layout":"default","_kad_post_sidebar_id":"","_kad_post_content_style":"default","_kad_post_vertical_padding":"default","_kad_post_feature":"","_kad_post_feature_position":"","_kad_post_header":false,"_kad_post_footer":false,"_kad_post_classname":"","_daim_seo_power":"","_daim_enable_ail":""},"product_brand":[],"product_cat":[480,700],"product_tag":[],"class_list":{"0":"post-6741","1":"product","2":"type-product","3":"status-publish","4":"has-post-thumbnail","6":"product_cat-eco-friendly-shampoo-bar","7":"product_cat-friendly-shampoo-bar","9":"first","10":"instock","11":"taxable","12":"shipping-taxable","13":"purchasable","14":"product-type-simple","15":"entry","16":"content-bg","17":"loop-entry"},"taxonomy_info":{"product_cat":[{"value":480,"label":"Eco-Friendly Shampoo Bar"},{"value":700,"label":"Friendly Shampoo Bar"}]},"featured_image_src_large":["https:\/\/holali.co.uk\/wp-content\/uploads\/2022\/08\/196457.jpeg",775,775,false],"author_info":[],"comment_info":0,"_links":{"self":[{"href":"https:\/\/holali.co.uk\/fr\/wp-json\/wp\/v2\/product\/6741","targetHints":{"allow":["GET"]}}],"collection":[{"href":"https:\/\/holali.co.uk\/fr\/wp-json\/wp\/v2\/product"}],"about":[{"href":"https:\/\/holali.co.uk\/fr\/wp-json\/wp\/v2\/types\/product"}],"replies":[{"embeddable":true,"href":"https:\/\/holali.co.uk\/fr\/wp-json\/wp\/v2\/comments?post=6741"}],"wp:featuredmedia":[{"embeddable":true,"href":"https:\/\/holali.co.uk\/fr\/wp-json\/wp\/v2\/media\/6742"}],"wp:attachment":[{"href":"https:\/\/holali.co.uk\/fr\/wp-json\/wp\/v2\/media?parent=6741"}],"wp:term":[{"taxonomy":"product_brand","embeddable":true,"href":"https:\/\/holali.co.uk\/fr\/wp-json\/wp\/v2\/product_brand?post=6741"},{"taxonomy":"product_cat","embeddable":true,"href":"https:\/\/holali.co.uk\/fr\/wp-json\/wp\/v2\/product_cat?post=6741"},{"taxonomy":"product_tag","embeddable":true,"href":"https:\/\/holali.co.uk\/fr\/wp-json\/wp\/v2\/product_tag?post=6741"}],"curies":[{"name":"wp","href":"https:\/\/api.w.org\/{rel}","templated":true}]}}