{"id":6739,"date":"2022-08-30T19:54:30","date_gmt":"2022-08-30T19:54:30","guid":{"rendered":"https:\/\/holali.local\/product\/solid-shampoo-bar-60g-crazy-mango\/"},"modified":"2025-07-18T22:06:24","modified_gmt":"2025-07-18T22:06:24","slug":"mango-ethique-shampoo-bar","status":"publish","type":"product","link":"https:\/\/holali.co.uk\/fr\/product\/the-best-shampoo-and-conditioner-bars\/","title":{"rendered":"Les meilleures barres de shampooing et d'apr\u00e8s-shampooing pour vos cheveux"},"content":{"rendered":"<h2>Les meilleures barres de shampooing et d'apr\u00e8s-shampooing pour vos cheveux<\/h2>\n<p>Vous avez atteint la fin de votre bouteille de shampooing. Le moment est venu de vous procurer une nouvelle barre de shampooing pour cheveux. Vous avez essay\u00e9 toutes les marques les plus vendues, mais rien n'a fonctionn\u00e9 aussi bien que les meilleures barres de shampooing et d'apr\u00e8s-shampooing \u00e0 la mangue.<\/p>\n<p>Our mango <a href=\"https:\/\/holali.co.uk\/fr\/produit\/vegan-aloe-vera-shampoo-bar\/?wmc-currency=EUR\" title=\"Meilleur produit capillaire v\u00e9g\u00e9talien : Barre de shampoing \u00e0 l&#039;aloe vera\"  data-wpil-monitor-id=\"360\">shampoo bar also conditioned your hair<\/a>, so you will\u00a0certainly see\u00a0that you do not need to make use of conditioner as well as an easy-to-travel hair shampoo <a href=\"https:\/\/holali.co.uk\/fr\/product\/white-pink-soap-bar\/\">soap bar<\/a>.<\/p>\n<h4>VIRAGE VERT<\/h4>\n<p>There are many ways to go green when it comes to your beauty routine, and the best <a href=\"https:\/\/holali.co.uk\/fr\/produit\/barre-de-shampoing-noir-framboise-ethique\/?wmc-currency=EUR\" title=\"Barres de shampooing et d&#039;apr\u00e8s-shampooing Amazing Black Raspberry\"  data-wpil-monitor-id=\"425\">shampoo and conditioner bars<\/a> are a great way to do so.<\/p>\n<p><a href=\"https:\/\/holali.co.uk\/fr\/produit\/bubblegum-ethique-shampooing-bar\/?wmc-currency=EUR\" title=\"Barres de shampooing et d&#039;apr\u00e8s-shampooing Bubblegum : la nouvelle normalit\u00e9\"  data-wpil-monitor-id=\"424\">Shampoo and solid conditioner bars<\/a> are a great way to go green in the beauty routine. They use less packaging material, they don&#8217;t have any harmful ingredients, and they can last up to six months.<\/p>\n<p>Le site <a href=\"https:\/\/holali.co.uk\/fr\/produit\/meilleur-shampoing-solide-en-barre-a-leucalyptus-pour-le-soin-des-cheveux-90g\/?wmc-currency=EUR\" title=\"Meilleur Shampoing Solide en Barre \u00e0 l&#039;Eucalyptus Pour le Soin Des Cheveux 90g\"  data-wpil-monitor-id=\"530\">solid shampoo bars<\/a> are especially good for those with sensitive scalps who have issues with regular liquid shampoo.<\/p>\n<h6>CARACT\u00c9RISTIQUES DE NOTRE BARRE DE SHAMPOOING V\u00c9G\u00c9TALIEN<\/h6>\n<ul>\n<li>Il convient \u00e0 tous les types de cheveux, y compris les cheveux secs, boucl\u00e9s, gras et color\u00e9s.<\/li>\n<li>Fonctionne bien avec de l'eau chaude<\/li>\n<li>Sans SLS, SLES, Paraben<\/li>\n<li>Eco-Friendly<\/li>\n<li>Les v\u00e9g\u00e9taliens et les v\u00e9g\u00e9tariens peuvent \u00e9galement l'appr\u00e9cier.<\/li>\n<li>contre les tests sur les animaux<\/li>\n<li>Sans cruaut\u00e9<\/li>\n<li>Sans plastique<\/li>\n<li>Poids : 60g<\/li>\n<\/ul>\n<p>REMARQUE : La couleur ou le design peuvent varier l\u00e9g\u00e8rement par rapport aux photos pr\u00e9sent\u00e9es. Si vous souhaitez en savoir plus sur nos produits, n'h\u00e9sitez pas \u00e0 nous contacter \u00e0 tout moment !<\/p>\n<p>Vous cherchez une id\u00e9e g\u00e9niale ? <a href=\"https:\/\/holali.co.uk\/fr\/categorie-de-produit\/soins-du-corps\/produits-de-soins-de-la-peau\/paper-soap\/?wmc-currency=EUR\" target=\"_blank\" rel=\"noopener noreferrer\">CLIQUEZ ICI<\/a><\/p>","protected":false},"excerpt":{"rendered":"<p>The Best Shampoo and Conditioner Bars For Your Hair You&#8217;ve reached the end of your bottle of shampoo. The time has come for a new hair shampoo bar. You&#8217;ve tried all the top-selling brands, but nothing&#8217;s worked as well as the best shampoo and conditioner bars with mango. Our mango shampoo bar also conditioned your&#8230;<\/p>","protected":false},"featured_media":6740,"comment_status":"open","ping_status":"closed","template":"","meta":{"_kad_blocks_custom_css":"","_kad_blocks_head_custom_js":"","_kad_blocks_body_custom_js":"","_kad_blocks_footer_custom_js":"","_kad_post_transparent":"default","_kad_post_title":"","_kad_post_layout":"default","_kad_post_sidebar_id":"","_kad_post_content_style":"default","_kad_post_vertical_padding":"default","_kad_post_feature":"","_kad_post_feature_position":"","_kad_post_header":false,"_kad_post_footer":false,"_kad_post_classname":"","_daim_seo_power":"","_daim_enable_ail":""},"product_brand":[],"product_cat":[480,700],"product_tag":[],"class_list":{"0":"post-6739","1":"product","2":"type-product","3":"status-publish","4":"has-post-thumbnail","6":"product_cat-eco-friendly-shampoo-bar","7":"product_cat-friendly-shampoo-bar","9":"first","10":"instock","11":"sale","12":"taxable","13":"shipping-taxable","14":"purchasable","15":"product-type-simple","16":"entry","17":"content-bg","18":"loop-entry"},"taxonomy_info":{"product_cat":[{"value":480,"label":"Eco-Friendly Shampoo Bar"},{"value":700,"label":"Friendly Shampoo Bar"}]},"featured_image_src_large":["https:\/\/holali.co.uk\/wp-content\/uploads\/2022\/08\/196456.jpeg",828,828,false],"author_info":[],"comment_info":0,"_links":{"self":[{"href":"https:\/\/holali.co.uk\/fr\/wp-json\/wp\/v2\/product\/6739","targetHints":{"allow":["GET"]}}],"collection":[{"href":"https:\/\/holali.co.uk\/fr\/wp-json\/wp\/v2\/product"}],"about":[{"href":"https:\/\/holali.co.uk\/fr\/wp-json\/wp\/v2\/types\/product"}],"replies":[{"embeddable":true,"href":"https:\/\/holali.co.uk\/fr\/wp-json\/wp\/v2\/comments?post=6739"}],"wp:featuredmedia":[{"embeddable":true,"href":"https:\/\/holali.co.uk\/fr\/wp-json\/wp\/v2\/media\/6740"}],"wp:attachment":[{"href":"https:\/\/holali.co.uk\/fr\/wp-json\/wp\/v2\/media?parent=6739"}],"wp:term":[{"taxonomy":"product_brand","embeddable":true,"href":"https:\/\/holali.co.uk\/fr\/wp-json\/wp\/v2\/product_brand?post=6739"},{"taxonomy":"product_cat","embeddable":true,"href":"https:\/\/holali.co.uk\/fr\/wp-json\/wp\/v2\/product_cat?post=6739"},{"taxonomy":"product_tag","embeddable":true,"href":"https:\/\/holali.co.uk\/fr\/wp-json\/wp\/v2\/product_tag?post=6739"}],"curies":[{"name":"wp","href":"https:\/\/api.w.org\/{rel}","templated":true}]}}