{"id":6737,"date":"2022-08-30T19:54:29","date_gmt":"2022-08-30T19:54:29","guid":{"rendered":"https:\/\/holali.local\/product\/solid-shampoo-bar-60g-active-sport\/"},"modified":"2025-07-18T21:56:56","modified_gmt":"2025-07-18T21:56:56","slug":"active-sport-ethique-shampooing-bar","status":"publish","type":"product","link":"https:\/\/holali.co.uk\/fr\/product\/the-best-sport-shampoo-conditioner-bar\/","title":{"rendered":"Le meilleur shampoing apr\u00e8s-shampoing sportif du march\u00e9"},"content":{"rendered":"<h2>La meilleure barre de shampooing et d'apr\u00e8s-shampooing pour le sport sur le march\u00e9 !<\/h2>\n<p>Vos cheveux seront moins gras et plus brillants gr\u00e2ce \u00e0 la barre de shampooing et de conditionnement apr\u00e8s l'effort. Vous adorerez cette sensation de fra\u00eecheur et de propret\u00e9.<\/p>\n<p>Notre shampooing en barre pr\u00e9sente de nombreux avantages :<\/p>\n<ol>\n<li>Barre de shampooing ainsi qu'un excellent apr\u00e8s-shampooing<\/li>\n<li>Plus de place sur votre trousse de toilette bye bye au shampooing en bouteille<\/li>\n<li>Le shampooing solide est un produit de voyage l\u00e9ger<\/li>\n<\/ol>\n<h4>BOUTEILLE EN PLASTIQUE OU NON ?<\/h4>\n<p>The best sports <a href=\"https:\/\/holali.co.uk\/fr\/produit\/barre-de-shampoing-noir-framboise-ethique\/?wmc-currency=EUR\" title=\"Barres de shampooing et d&#039;apr\u00e8s-shampooing Amazing Black Raspberry\"  data-wpil-monitor-id=\"421\">shampoo conditioner bar<\/a> is a great option for those who are always on the go. It is both a shampoo and a conditioner in one product. It contains Keravis protein which helps restore the hair&#8217;s natural balance, Cocoa Butter to moisturize, and it smells great too!<\/p>\n<p>Il a \u00e9t\u00e9 prouv\u00e9 que les shampooings liquides ne sont pas aussi efficaces pour nettoyer vos cheveux que les shampooings en barre. Ils sont \u00e9galement plus susceptibles d'obstruer le drain de votre douche, car ils sont liquides et vous devez en utiliser une grande quantit\u00e9.<\/p>\n<p>Le site <a href=\"https:\/\/holali.co.uk\/fr\/produit\/barre-de-shampoing-vegan-orchide\/?wmc-currency=EUR\" title=\"Barre de shampooing biologique Orchid pour r\u00e9parer et faire pousser les cheveux\"  data-wpil-monitor-id=\"358\">shampoo conditioner bar is a great hair<\/a> care product that will gently cleanse it as well as an eco-friendly alternative that will save you time, money, and energy.<\/p>\n<h6>FEATURES<\/h6>\n<ul>\n<li>Il convient \u00e0 tous les types de cheveux, y compris les cheveux secs, les cheveux boucl\u00e9s, les cheveux fins, les cheveux gras et les cheveux color\u00e9s.<\/li>\n<li>Fonctionne bien avec de l'eau chaude<\/li>\n<li>Sans SLS, SLES, Paraben<\/li>\n<li>Eco-Friendly<\/li>\n<li>Les v\u00e9g\u00e9taliens et les v\u00e9g\u00e9tariens peuvent \u00e9galement l'appr\u00e9cier.<\/li>\n<li>contre les tests sur les animaux<\/li>\n<li>Sans cruaut\u00e9<\/li>\n<li>100% Sans plastique<\/li>\n<li>Poids : 60g<\/li>\n<\/ul>\n<p>REMARQUE : La couleur ou le design peuvent varier l\u00e9g\u00e8rement par rapport aux photos pr\u00e9sent\u00e9es. Si vous souhaitez en savoir plus sur nos produits, n'h\u00e9sitez pas \u00e0 nous contacter \u00e0 tout moment !<\/p>\n<p>Vous cherchez une id\u00e9e g\u00e9niale ? <a href=\"https:\/\/holali.co.uk\/fr\/categorie-de-produit\/soins-du-corps\/produits-de-soins-de-la-peau\/paper-soap\/?wmc-currency=EUR\" target=\"_blank\" rel=\"noopener noreferrer\">CLIQUEZ ICI<\/a><\/p>","protected":false},"excerpt":{"rendered":"<p>The Best Sport Shampoo Conditioner Bar on the Market! Your hair will feel less greasy, and it will look shinier with the shampoo conditioner bar post-workout. You will love the fresh and clean feeling. Our bar shampoo has large advantages: Shampoo bar as well as a great conditioner More space on your toilet bag bye&#8230;<\/p>","protected":false},"featured_media":6738,"comment_status":"open","ping_status":"closed","template":"","meta":{"_kad_blocks_custom_css":"","_kad_blocks_head_custom_js":"","_kad_blocks_body_custom_js":"","_kad_blocks_footer_custom_js":"","_kad_post_transparent":"default","_kad_post_title":"","_kad_post_layout":"default","_kad_post_sidebar_id":"","_kad_post_content_style":"default","_kad_post_vertical_padding":"default","_kad_post_feature":"","_kad_post_feature_position":"","_kad_post_header":false,"_kad_post_footer":false,"_kad_post_classname":"","_daim_seo_power":"","_daim_enable_ail":""},"product_brand":[],"product_cat":[480,700],"product_tag":[],"class_list":{"0":"post-6737","1":"product","2":"type-product","3":"status-publish","4":"has-post-thumbnail","6":"product_cat-eco-friendly-shampoo-bar","7":"product_cat-friendly-shampoo-bar","9":"first","10":"instock","11":"taxable","12":"shipping-taxable","13":"purchasable","14":"product-type-simple","15":"entry","16":"content-bg","17":"loop-entry"},"taxonomy_info":{"product_cat":[{"value":480,"label":"Eco-Friendly Shampoo Bar"},{"value":700,"label":"Friendly Shampoo Bar"}]},"featured_image_src_large":["https:\/\/holali.co.uk\/wp-content\/uploads\/2022\/08\/196455.jpeg",807,807,false],"author_info":[],"comment_info":0,"_links":{"self":[{"href":"https:\/\/holali.co.uk\/fr\/wp-json\/wp\/v2\/product\/6737","targetHints":{"allow":["GET"]}}],"collection":[{"href":"https:\/\/holali.co.uk\/fr\/wp-json\/wp\/v2\/product"}],"about":[{"href":"https:\/\/holali.co.uk\/fr\/wp-json\/wp\/v2\/types\/product"}],"replies":[{"embeddable":true,"href":"https:\/\/holali.co.uk\/fr\/wp-json\/wp\/v2\/comments?post=6737"}],"wp:featuredmedia":[{"embeddable":true,"href":"https:\/\/holali.co.uk\/fr\/wp-json\/wp\/v2\/media\/6738"}],"wp:attachment":[{"href":"https:\/\/holali.co.uk\/fr\/wp-json\/wp\/v2\/media?parent=6737"}],"wp:term":[{"taxonomy":"product_brand","embeddable":true,"href":"https:\/\/holali.co.uk\/fr\/wp-json\/wp\/v2\/product_brand?post=6737"},{"taxonomy":"product_cat","embeddable":true,"href":"https:\/\/holali.co.uk\/fr\/wp-json\/wp\/v2\/product_cat?post=6737"},{"taxonomy":"product_tag","embeddable":true,"href":"https:\/\/holali.co.uk\/fr\/wp-json\/wp\/v2\/product_tag?post=6737"}],"curies":[{"name":"wp","href":"https:\/\/api.w.org\/{rel}","templated":true}]}}