{"id":6735,"date":"2022-08-30T19:54:29","date_gmt":"2022-08-30T19:54:29","guid":{"rendered":"https:\/\/holali.local\/product\/solid-shampoo-bar-60g-bubble-gum\/"},"modified":"2024-10-03T20:57:56","modified_gmt":"2024-10-03T20:57:56","slug":"bubblegum-ethique-shampooing-bar","status":"publish","type":"product","link":"https:\/\/holali.co.uk\/fr\/product\/bubblegum-shampoo-and-conditioner-bars\/","title":{"rendered":"Barres de shampooing et d'apr\u00e8s-shampooing Bubblegum : la nouvelle normalit\u00e9"},"content":{"rendered":"<h2>Barres de shampooing et d'apr\u00e8s-shampooing Bubblegum : la nouvelle normalit\u00e9<\/h2>\n<p>Les barres de shampooing et d'apr\u00e8s-shampooing Bubblegum sont les barres de shampooing et d'apr\u00e8s-shampooing solides les plus utiles \u00e0 ce jour !<\/p>\n<p><strong>Elle pr\u00e9sente \u00e9galement de grands avantages :<\/strong><\/p>\n<ol>\n<li>Une barre de shampooing deux en un qui revitalise et nettoie vos cheveux en m\u00eame temps. Pas besoin d'autres shampooings en bouteille ou d'apr\u00e8s-shampooings sans rin\u00e7age.<\/li>\n<li>Bon pour les soins des cheveux : il ne s'accumule pas dans les cheveux.<\/li>\n<li>It&#8217;s an easy-to-travel <a href=\"https:\/\/holali.co.uk\/fr\/produit\/barre-de-shampooing-citron-gingembre-ethique-2\/?wmc-currency=EUR\" title=\"Barres de shampooing et d&#039;apr\u00e8s-shampooing au citron et au gingembre : nettoyant pour les cheveux\"  data-wpil-monitor-id=\"483\">shampoo and conditioner bar<\/a> that leaves space in your commode bag for various other items.<\/li>\n<\/ol>\n<h5>Les barres de shampooing et d'apr\u00e8s-shampooing sont compos\u00e9es d'un m\u00e9lange de beurre de cacao et de prot\u00e9ines de Keravis.<\/h5>\n<p>Le site <a href=\"https:\/\/holali.co.uk\/fr\/produit\/rhubarbe-ethique-shampooing-bar\/?wmc-currency=EUR\" title=\"Shampooing et apr\u00e8s-shampooing solides pour des cheveux sains\"  data-wpil-monitor-id=\"420\">solid shampoo and conditioner<\/a> bars are made to be easy to use, so you can easily wash your hair on the go. The shampoo bar is for washing, while the <a href=\"https:\/\/holali.co.uk\/fr\/produit\/barre-revitalisante-vegan-lavande-arbre-a-the\/?wmc-currency=EUR\" title=\"Apr\u00e8s-shampooing v\u00e9g\u00e9talien \u00e0 la lavande et au th\u00e9ier\"  data-wpil-monitor-id=\"347\">conditioner bar<\/a> is for conditioning.<\/p>\n<p>Le beurre de cacao et les prot\u00e9ines de Keravis aident \u00e0 hydrater et \u00e0 garder les cheveux forts et sains, laissant les cheveux doux, brillants et faciles \u00e0 coiffer, avec un parfum subtil.<\/p>\n<h6>FEATURES<\/h6>\n<ul>\n<li>Il convient \u00e0 tous les types de cheveux, y compris les cheveux secs, fris\u00e9s, gras et color\u00e9s.<\/li>\n<li>Fonctionne bien avec de l'eau chaude<\/li>\n<li>Sans SLS, SLES, Paraben<\/li>\n<li>Eco-Friendly<\/li>\n<li><a href=\"https:\/\/holali.co.uk\/fr\/product\/white-pink-soap-bar\/\">Vegan<\/a> friendly &amp; vegetarians are also able to enjoy it.<\/li>\n<li>contre les tests sur les animaux<\/li>\n<li>Sans cruaut\u00e9<\/li>\n<li>Sans plastique<\/li>\n<li>Poids : 60g<\/li>\n<\/ul>\n<p>REMARQUE : La couleur ou le design peuvent varier l\u00e9g\u00e8rement par rapport aux photos pr\u00e9sent\u00e9es. Si vous souhaitez en savoir plus sur nos produits, n'h\u00e9sitez pas \u00e0 nous contacter \u00e0 tout moment !<\/p>\n<p>Vous cherchez une id\u00e9e g\u00e9niale ? <a href=\"https:\/\/holali.co.uk\/fr\/categorie-de-produit\/soins-du-corps\/produits-de-soins-de-la-peau\/paper-soap\/?wmc-currency=EUR\" target=\"_blank\" rel=\"noopener noreferrer\">CLIQUEZ ICI<\/a><\/p>","protected":false},"excerpt":{"rendered":"<p>Bubblegum Shampoo and Conditioner Bars: The New Normal Bubblegum Shampoo and Conditioner Bars are the most useful solid shampoo bar and hair conditioner yet! It also has large advantages: A Two-in-One hair shampoo bar that conditions as well as cleans your hair at the same time. no need for other bottled shampoo or leave-in conditioners&#8230;<\/p>","protected":false},"featured_media":6736,"comment_status":"open","ping_status":"closed","template":"","meta":{"_kad_blocks_custom_css":"","_kad_blocks_head_custom_js":"","_kad_blocks_body_custom_js":"","_kad_blocks_footer_custom_js":"","_kad_post_transparent":"default","_kad_post_title":"","_kad_post_layout":"default","_kad_post_sidebar_id":"","_kad_post_content_style":"default","_kad_post_vertical_padding":"default","_kad_post_feature":"","_kad_post_feature_position":"","_kad_post_header":false,"_kad_post_footer":false,"_kad_post_classname":"","_daim_seo_power":"","_daim_enable_ail":""},"product_brand":[],"product_cat":[480,700],"product_tag":[],"class_list":{"0":"post-6735","1":"product","2":"type-product","3":"status-publish","4":"has-post-thumbnail","6":"product_cat-eco-friendly-shampoo-bar","7":"product_cat-friendly-shampoo-bar","9":"first","10":"instock","11":"taxable","12":"shipping-taxable","13":"purchasable","14":"product-type-simple","15":"entry","16":"content-bg","17":"loop-entry"},"taxonomy_info":{"product_cat":[{"value":480,"label":"Eco-Friendly Shampoo Bar"},{"value":700,"label":"Friendly Shampoo Bar"}]},"featured_image_src_large":["https:\/\/holali.co.uk\/wp-content\/uploads\/2022\/08\/196454.jpeg",802,802,false],"author_info":[],"comment_info":0,"_links":{"self":[{"href":"https:\/\/holali.co.uk\/fr\/wp-json\/wp\/v2\/product\/6735","targetHints":{"allow":["GET"]}}],"collection":[{"href":"https:\/\/holali.co.uk\/fr\/wp-json\/wp\/v2\/product"}],"about":[{"href":"https:\/\/holali.co.uk\/fr\/wp-json\/wp\/v2\/types\/product"}],"replies":[{"embeddable":true,"href":"https:\/\/holali.co.uk\/fr\/wp-json\/wp\/v2\/comments?post=6735"}],"wp:featuredmedia":[{"embeddable":true,"href":"https:\/\/holali.co.uk\/fr\/wp-json\/wp\/v2\/media\/6736"}],"wp:attachment":[{"href":"https:\/\/holali.co.uk\/fr\/wp-json\/wp\/v2\/media?parent=6735"}],"wp:term":[{"taxonomy":"product_brand","embeddable":true,"href":"https:\/\/holali.co.uk\/fr\/wp-json\/wp\/v2\/product_brand?post=6735"},{"taxonomy":"product_cat","embeddable":true,"href":"https:\/\/holali.co.uk\/fr\/wp-json\/wp\/v2\/product_cat?post=6735"},{"taxonomy":"product_tag","embeddable":true,"href":"https:\/\/holali.co.uk\/fr\/wp-json\/wp\/v2\/product_tag?post=6735"}],"curies":[{"name":"wp","href":"https:\/\/api.w.org\/{rel}","templated":true}]}}