{"id":6585,"date":"2022-08-30T19:53:51","date_gmt":"2022-08-30T19:53:51","guid":{"rendered":"https:\/\/holali.local\/product\/hand-crafted-soap-vanilla-slice-100g\/"},"modified":"2025-09-15T02:39:35","modified_gmt":"2025-09-15T02:39:35","slug":"savons-faits-a-la-main-avec-de-la-vanille","status":"publish","type":"product","link":"https:\/\/holali.co.uk\/fr\/product\/handmade-soaps-with-vanilla\/","title":{"rendered":"Savons artisanaux \u00e0 la vanille"},"content":{"rendered":"<h2>Savons artisanaux \u00e0 la vanille<\/h2>\n<p dir=\"auto\" data-pm-slice=\"1 1 []\">Vous aimez faire votre propre savon, mais savez-vous comment faire ? Vous \u00eates s\u00fbr de pouvoir le faire, mais c'est tellement plus facile d'acheter un savon tout fait.<\/p>\n<p dir=\"auto\" data-pm-slice=\"1 1 []\">Making your own soap does take some time and commitment, but these handmade soaps with Vanilla are made with the highest quality ingredients. The <a href=\"https:\/\/holali.co.uk\/fr\/produit\/savons-faits-a-la-main-avec-des-fraises\/?wmc-currency=EUR\" title=\"Savons artisanaux \u00e0 la fraise\" target=\"_blank\" rel=\"noopener\"  data-wpil-monitor-id=\"1191\">melt and pour method<\/a> allow for perfect soap every time!<\/p>\n<p dir=\"auto\" data-pm-slice=\"1 1 []\">Ces <a href=\"https:\/\/holali.co.uk\/fr\/produit\/double-beurre-luxe-savon-glace-huile-de-bois\/?wmc-currency=EUR\" title=\"Savon de luxe fabriqu\u00e9 \u00e0 partir d&#039;huiles de bois naturelles\"  data-wpil-monitor-id=\"398\">Handmade soaps with Vanilla<\/a> are made from natural, unprocessed ingredients.<\/p>\n<p dir=\"auto\" data-pm-slice=\"1 1 []\">Notre site <a href=\"https:\/\/holali.co.uk\/fr\/produit\/vanilla-hand-soap-with-olive-oil\/?wmc-currency=EUR\" title=\"Le meilleur savon \u00e0 la vanille pour les mains s\u00e8ches\" target=\"_blank\" rel=\"noopener\"  data-wpil-monitor-id=\"1239\">Handmade soap&#8217;s<\/a> fragrance is very delicate that makes your hands, body, and soul feel cleansed, nourished, and moisturized.<\/p>\n<p dir=\"auto\" data-pm-slice=\"1 1 []\">Leur design en forme de vague et leur m\u00e9thode de fabrication en font un produit \u00e9cologique super cool.<\/p>\n<ul>\n<li>Types de peau : Tous<\/li>\n<li>Zone de soins de la peau : Visage, corps<\/li>\n<li>Poids : 100g environ<\/li>\n<\/ul>\n<p>REMARQUE : La couleur ou le design peuvent varier l\u00e9g\u00e8rement par rapport aux photos pr\u00e9sent\u00e9es. Si vous souhaitez en savoir plus sur nos produits, n'h\u00e9sitez pas \u00e0 nous contacter \u00e0 tout moment !<\/p>\n<p><a href=\"https:\/\/holali.co.uk\/fr\/categorie-de-produit\/soins-du-corps\/produits-de-soins-de-la-peau\/paper-soap\/?wmc-currency=EUR\">L'INDISPENSABLE POUR VOTRE ROUTINE DE SOINS DE LA PEAU<\/a><\/p>","protected":false},"excerpt":{"rendered":"<p>Handmade Soaps With Vanilla You love it when you make your own soap, but do you know how? You&#8217;re sure you could, but it&#8217;s so much easier to buy a ready-made wash. Making your own soap does take some time and commitment, but these handmade soaps with Vanilla are made with the highest quality ingredients&#8230;.<\/p>","protected":false},"featured_media":6586,"comment_status":"open","ping_status":"closed","template":"","meta":{"_kad_blocks_custom_css":"","_kad_blocks_head_custom_js":"","_kad_blocks_body_custom_js":"","_kad_blocks_footer_custom_js":"","_kad_post_transparent":"default","_kad_post_title":"","_kad_post_layout":"default","_kad_post_sidebar_id":"","_kad_post_content_style":"default","_kad_post_vertical_padding":"default","_kad_post_feature":"","_kad_post_feature_position":"","_kad_post_header":false,"_kad_post_footer":false,"_kad_post_classname":"","_daim_seo_power":"","_daim_enable_ail":""},"product_brand":[],"product_cat":[471],"product_tag":[],"class_list":{"0":"post-6585","1":"product","2":"type-product","3":"status-publish","4":"has-post-thumbnail","6":"product_cat-scented-soaps","8":"first","9":"instock","10":"taxable","11":"shipping-taxable","12":"purchasable","13":"product-type-simple","14":"entry","15":"content-bg","16":"loop-entry"},"taxonomy_info":{"product_cat":[{"value":471,"label":"Scented Soaps"}]},"featured_image_src_large":["https:\/\/holali.co.uk\/wp-content\/uploads\/2022\/08\/195774-1024x1024.jpeg",1024,1024,true],"author_info":[],"comment_info":0,"_links":{"self":[{"href":"https:\/\/holali.co.uk\/fr\/wp-json\/wp\/v2\/product\/6585","targetHints":{"allow":["GET"]}}],"collection":[{"href":"https:\/\/holali.co.uk\/fr\/wp-json\/wp\/v2\/product"}],"about":[{"href":"https:\/\/holali.co.uk\/fr\/wp-json\/wp\/v2\/types\/product"}],"replies":[{"embeddable":true,"href":"https:\/\/holali.co.uk\/fr\/wp-json\/wp\/v2\/comments?post=6585"}],"wp:featuredmedia":[{"embeddable":true,"href":"https:\/\/holali.co.uk\/fr\/wp-json\/wp\/v2\/media\/6586"}],"wp:attachment":[{"href":"https:\/\/holali.co.uk\/fr\/wp-json\/wp\/v2\/media?parent=6585"}],"wp:term":[{"taxonomy":"product_brand","embeddable":true,"href":"https:\/\/holali.co.uk\/fr\/wp-json\/wp\/v2\/product_brand?post=6585"},{"taxonomy":"product_cat","embeddable":true,"href":"https:\/\/holali.co.uk\/fr\/wp-json\/wp\/v2\/product_cat?post=6585"},{"taxonomy":"product_tag","embeddable":true,"href":"https:\/\/holali.co.uk\/fr\/wp-json\/wp\/v2\/product_tag?post=6585"}],"curies":[{"name":"wp","href":"https:\/\/api.w.org\/{rel}","templated":true}]}}