{"id":6581,"date":"2022-08-30T19:53:50","date_gmt":"2022-08-30T19:53:50","guid":{"rendered":"https:\/\/holali.local\/product\/hand-crafted-soap-strawberry-slice-100g\/"},"modified":"2024-10-03T20:57:57","modified_gmt":"2024-10-03T20:57:57","slug":"savons-faits-a-la-main-avec-des-fraises","status":"publish","type":"product","link":"https:\/\/holali.co.uk\/fr\/product\/handmade-soaps-with-strawberry\/","title":{"rendered":"Savons artisanaux \u00e0 la fraise"},"content":{"rendered":"<h2>Savons artisanaux \u00e0 la fraise<\/h2>\n<p dir=\"auto\" data-pm-slice=\"1 1 []\">Vous allez adorer ces savons artisanaux \u00e0 l'extrait de fraise, fabriqu\u00e9s \u00e0 partir d'ingr\u00e9dients de la plus haute qualit\u00e9 selon la m\u00e9thode \"melt and pour\", qui permet de cr\u00e9er plus de bulles.<\/p>\n<p dir=\"auto\" data-pm-slice=\"1 1 []\">Le parfum de notre savon artisanal est tr\u00e8s d\u00e9licat et donne \u00e0 vos mains, votre corps et votre \u00e2me la sensation d'\u00eatre nettoy\u00e9s, nourris et hydrat\u00e9s.<\/p>\n<p dir=\"auto\" data-pm-slice=\"1 1 []\">Leur design en forme de vague et leur m\u00e9thode de fabrication en font un produit \u00e9cologique super cool.<\/p>\n<ul>\n<li>Types de peau : Tous<\/li>\n<li>Zone de soins de la peau : Visage, corps<\/li>\n<li>Poids : 100g environ<\/li>\n<\/ul>\n<p>REMARQUE : La couleur ou le design peuvent varier l\u00e9g\u00e8rement par rapport aux photos pr\u00e9sent\u00e9es. Si vous souhaitez en savoir plus sur nos produits, n'h\u00e9sitez pas \u00e0 nous contacter \u00e0 tout moment !<\/p>\n<p><a href=\"https:\/\/holali.co.uk\/fr\/categorie-de-produit\/soins-du-corps\/produits-de-soins-de-la-peau\/paper-soap\/?wmc-currency=EUR\">L'INDISPENSABLE POUR VOTRE ROUTINE DE SOINS DE LA PEAU<\/a><\/p>","protected":false},"excerpt":{"rendered":"<p>Handmade Soaps With Strawberry You&#8217;ll love these handmade soaps with strawberry extract, made from the highest quality ingredients using the melt and pour method, which allows you to create more bubbles. Our Handmade soap&#8217;s fragrance is very delicate that makes your hands, body, and soul feel cleansed, nourished, and moisturized. Their wave twirl design and&#8230;<\/p>","protected":false},"featured_media":6582,"comment_status":"open","ping_status":"closed","template":"","meta":{"_kad_blocks_custom_css":"","_kad_blocks_head_custom_js":"","_kad_blocks_body_custom_js":"","_kad_blocks_footer_custom_js":"","_kad_post_transparent":"default","_kad_post_title":"","_kad_post_layout":"default","_kad_post_sidebar_id":"","_kad_post_content_style":"default","_kad_post_vertical_padding":"default","_kad_post_feature":"","_kad_post_feature_position":"","_kad_post_header":false,"_kad_post_footer":false,"_kad_post_classname":"","_daim_seo_power":"","_daim_enable_ail":""},"product_brand":[],"product_cat":[471],"product_tag":[],"class_list":{"0":"post-6581","1":"product","2":"type-product","3":"status-publish","4":"has-post-thumbnail","6":"product_cat-scented-soaps","8":"first","9":"instock","10":"taxable","11":"shipping-taxable","12":"purchasable","13":"product-type-simple","14":"entry","15":"content-bg","16":"loop-entry"},"taxonomy_info":{"product_cat":[{"value":471,"label":"Scented Soaps"}]},"featured_image_src_large":["https:\/\/holali.co.uk\/wp-content\/uploads\/2022\/08\/195764-1024x1024.jpeg",1024,1024,true],"author_info":[],"comment_info":0,"_links":{"self":[{"href":"https:\/\/holali.co.uk\/fr\/wp-json\/wp\/v2\/product\/6581","targetHints":{"allow":["GET"]}}],"collection":[{"href":"https:\/\/holali.co.uk\/fr\/wp-json\/wp\/v2\/product"}],"about":[{"href":"https:\/\/holali.co.uk\/fr\/wp-json\/wp\/v2\/types\/product"}],"replies":[{"embeddable":true,"href":"https:\/\/holali.co.uk\/fr\/wp-json\/wp\/v2\/comments?post=6581"}],"wp:featuredmedia":[{"embeddable":true,"href":"https:\/\/holali.co.uk\/fr\/wp-json\/wp\/v2\/media\/6582"}],"wp:attachment":[{"href":"https:\/\/holali.co.uk\/fr\/wp-json\/wp\/v2\/media?parent=6581"}],"wp:term":[{"taxonomy":"product_brand","embeddable":true,"href":"https:\/\/holali.co.uk\/fr\/wp-json\/wp\/v2\/product_brand?post=6581"},{"taxonomy":"product_cat","embeddable":true,"href":"https:\/\/holali.co.uk\/fr\/wp-json\/wp\/v2\/product_cat?post=6581"},{"taxonomy":"product_tag","embeddable":true,"href":"https:\/\/holali.co.uk\/fr\/wp-json\/wp\/v2\/product_tag?post=6581"}],"curies":[{"name":"wp","href":"https:\/\/api.w.org\/{rel}","templated":true}]}}