{"id":6579,"date":"2022-08-30T19:53:49","date_gmt":"2022-08-30T19:53:49","guid":{"rendered":"https:\/\/holali.local\/product\/hand-crafted-soap-lilac-slice-100g\/"},"modified":"2024-10-03T20:57:57","modified_gmt":"2024-10-03T20:57:57","slug":"savons-faits-a-la-main-avec-du-lilas","status":"publish","type":"product","link":"https:\/\/holali.co.uk\/fr\/product\/handmade-soaps-with-lilac\/","title":{"rendered":"Savons faits \u00e0 la main avec du lilas"},"content":{"rendered":"<h2>Savons faits \u00e0 la main avec du lilas<\/h2>\n<p dir=\"auto\" data-pm-slice=\"1 1 []\">Si vous recherchez un savon de haute qualit\u00e9 qui laissera votre peau douce, hydrat\u00e9e et ros\u00e9e, les savons artisanaux au lilas sont faits pour vous.<\/p>\n<p dir=\"auto\" data-pm-slice=\"1 1 []\">Fabriqu\u00e9s \u00e0 partir d'ingr\u00e9dients de la plus haute qualit\u00e9 selon la m\u00e9thode \"melt and pour\", comme le veut la tradition des savons, ils sont tr\u00e8s faciles \u00e0 utiliser, comme n'importe quel autre savon.<\/p>\n<p dir=\"auto\" data-pm-slice=\"1 1 []\">Le parfum de notre savon artisanal est tr\u00e8s d\u00e9licat et donne \u00e0 vos mains, votre corps et votre \u00e2me la sensation d'\u00eatre nettoy\u00e9s, nourris et hydrat\u00e9s.<\/p>\n<p dir=\"auto\" data-pm-slice=\"1 1 []\">Their <a href=\"https:\/\/holali.co.uk\/fr\/produit\/savons-faits-a-la-main-avec-de-la-vanille\/?wmc-currency=EUR\" title=\"Savons artisanaux \u00e0 la vanille\" target=\"_blank\" rel=\"noopener\"  data-wpil-monitor-id=\"1564\">wave twirl design<\/a> and their method of manufacturing make them a super cool eco-friendly product.<\/p>\n<ul>\n<li>Types de peau : Tous<\/li>\n<li>Zone de soins de la peau : Visage, corps<\/li>\n<li>Poids : 100g environ<\/li>\n<\/ul>\n<p>REMARQUE : La couleur ou le design peuvent varier l\u00e9g\u00e8rement par rapport aux photos pr\u00e9sent\u00e9es. Si vous souhaitez en savoir plus sur nos produits, n'h\u00e9sitez pas \u00e0 nous contacter \u00e0 tout moment !<\/p>\n<p><a href=\"https:\/\/holali.co.uk\/fr\/categorie-de-produit\/soins-du-corps\/produits-de-soins-de-la-peau\/paper-soap\/?wmc-currency=EUR\">L'INDISPENSABLE POUR VOTRE ROUTINE DE SOINS DE LA PEAU<\/a><\/p>","protected":false},"excerpt":{"rendered":"<p>Handmade Soaps With Lilac If you&#8217;re looking for a high-quality soap that will leave your skin feeling soft, hydrating, and dewy, then handmade soaps with lilac are for you. Made from the highest quality ingredients using the melt and pour method as is the tradition in soaps, making them super easy to use, like any&#8230;<\/p>","protected":false},"featured_media":6580,"comment_status":"open","ping_status":"closed","template":"","meta":{"_kad_blocks_custom_css":"","_kad_blocks_head_custom_js":"","_kad_blocks_body_custom_js":"","_kad_blocks_footer_custom_js":"","_kad_post_transparent":"default","_kad_post_title":"","_kad_post_layout":"default","_kad_post_sidebar_id":"","_kad_post_content_style":"default","_kad_post_vertical_padding":"default","_kad_post_feature":"","_kad_post_feature_position":"","_kad_post_header":false,"_kad_post_footer":false,"_kad_post_classname":"","_daim_seo_power":"","_daim_enable_ail":""},"product_brand":[],"product_cat":[471],"product_tag":[],"class_list":{"0":"post-6579","1":"product","2":"type-product","3":"status-publish","4":"has-post-thumbnail","6":"product_cat-scented-soaps","8":"first","9":"instock","10":"taxable","11":"shipping-taxable","12":"purchasable","13":"product-type-simple","14":"entry","15":"content-bg","16":"loop-entry"},"taxonomy_info":{"product_cat":[{"value":471,"label":"Scented Soaps"}]},"featured_image_src_large":["https:\/\/holali.co.uk\/wp-content\/uploads\/2022\/08\/195757-1024x1024.jpeg",1024,1024,true],"author_info":[],"comment_info":0,"_links":{"self":[{"href":"https:\/\/holali.co.uk\/fr\/wp-json\/wp\/v2\/product\/6579","targetHints":{"allow":["GET"]}}],"collection":[{"href":"https:\/\/holali.co.uk\/fr\/wp-json\/wp\/v2\/product"}],"about":[{"href":"https:\/\/holali.co.uk\/fr\/wp-json\/wp\/v2\/types\/product"}],"replies":[{"embeddable":true,"href":"https:\/\/holali.co.uk\/fr\/wp-json\/wp\/v2\/comments?post=6579"}],"wp:featuredmedia":[{"embeddable":true,"href":"https:\/\/holali.co.uk\/fr\/wp-json\/wp\/v2\/media\/6580"}],"wp:attachment":[{"href":"https:\/\/holali.co.uk\/fr\/wp-json\/wp\/v2\/media?parent=6579"}],"wp:term":[{"taxonomy":"product_brand","embeddable":true,"href":"https:\/\/holali.co.uk\/fr\/wp-json\/wp\/v2\/product_brand?post=6579"},{"taxonomy":"product_cat","embeddable":true,"href":"https:\/\/holali.co.uk\/fr\/wp-json\/wp\/v2\/product_cat?post=6579"},{"taxonomy":"product_tag","embeddable":true,"href":"https:\/\/holali.co.uk\/fr\/wp-json\/wp\/v2\/product_tag?post=6579"}],"curies":[{"name":"wp","href":"https:\/\/api.w.org\/{rel}","templated":true}]}}