{"id":6387,"date":"2022-08-30T19:52:56","date_gmt":"2022-08-30T19:52:56","guid":{"rendered":"https:\/\/holali.local\/product\/large-pink-bouquet-in-wicker-basket\/"},"modified":"2025-07-19T07:20:00","modified_gmt":"2025-07-19T07:20:00","slug":"grand-bouquet-rose-dans-panier-dosier","status":"publish","type":"product","link":"https:\/\/holali.co.uk\/fr\/product\/soap-bouquet-flowers\/","title":{"rendered":"Bouquet de fleurs de savon : Parfait pour la Saint-Valentin"},"content":{"rendered":"<h2 dir=\"auto\" data-pm-slice=\"1 1 []\">Bouquet de fleurs de savon : Parfait pour la Saint-Valentin<\/h2>\n<p>Experience the elegance of fresh flowers with the luxurious touch of our Soap Bouquet Flowers. Perfectly designed to capture the essence of nature&#8217;s beauty, these soap flowers bring both visual appeal and a naturally fragrant aroma that will make you feel like a million dollars.<\/p>\n<p>Our Soap Bouquet Flowers are an effortless way to indulge in the charm of a bouquet without the hassle of buying or crafting individual soap flowers. Each bouquet is meticulously crafted to ensure that every petal not only looks exquisite but also delivers a delightful, soothing fragrance.<\/p>\n<p><strong>How to Use It?<\/strong><\/p>\n<p>Enhance your bath experience by adding a few <a href=\"https:\/\/holali.co.uk\/fr\/produit\/debout-fleur-de-savon-bouquet-violet\/?wmc-currency=EUR\" title=\"Violet Savon Bouquet De Fleurs\"  data-wpil-monitor-id=\"618\">Soap Bouquet Flowers<\/a> to warm water. As the roses gently dissolve, they release their captivating scent, creating a spa-like atmosphere that invites relaxation and tranquility. The petals are also perfect for adding a touch of elegance to your sink, hand soap, or bath, transforming everyday moments into luxurious experiences.<\/p>\n<p>Share the joy and beauty of <a href=\"https:\/\/holali.co.uk\/fr\/produit\/debout-fleur-de-savon-bouquet-vert-jaune\/?wmc-currency=EUR\" title=\"Vert Jaune Savon Bouquet De Fleurs\"  data-wpil-monitor-id=\"644\">Soap Bouquet Flowers<\/a> with those you love, or simply treat yourself to a moment of indulgence. Ideal for Valentine\u2019s Day or any special occasion, our <a href=\"https:\/\/holali.co.uk\/fr\/produit\/savon-frais-citron-vegan-sur-une-rope\/?wmc-currency=EUR\" title=\"Savon v\u00e9g\u00e9talien sur corde aux agrumes frais\"  data-wpil-monitor-id=\"44\">Soap Bouquet Flowers<\/a> provide a beautiful and practical way to enjoy the allure of fresh blooms with the added benefit of a cleansing touch.<\/p>\n<p>VOIR PLUS <a href=\"https:\/\/holali.co.uk\/fr\/produits-pour-le-bain\/savon-fleurs-bouquets\/boite-a-savon\/?wmc-currency=EUR\">CADEAU DE VALENTINE EN SAVON<\/a><\/p>","protected":false},"excerpt":{"rendered":"<p>Glyc\u00e9rine, Sulfate de sodium dod\u00e9cylique, Alcool polyvinylique, Cocamidopropyl Betaine, Cocamide DEA, Amidon de Zea Mays (Ma\u00efs), Parfum, Aqua, (+\/- CI 19140, CI 42090, CI 18050, CI 47005, CI 16255, CI 14720, CI 45430)<\/p>","protected":false},"featured_media":6388,"comment_status":"open","ping_status":"closed","template":"","meta":{"_kad_blocks_custom_css":"","_kad_blocks_head_custom_js":"","_kad_blocks_body_custom_js":"","_kad_blocks_footer_custom_js":"","_kad_post_transparent":"default","_kad_post_title":"","_kad_post_layout":"default","_kad_post_sidebar_id":"","_kad_post_content_style":"default","_kad_post_vertical_padding":"default","_kad_post_feature":"","_kad_post_feature_position":"","_kad_post_header":false,"_kad_post_footer":false,"_kad_post_classname":"","_daim_seo_power":"","_daim_enable_ail":""},"product_brand":[],"product_cat":[660],"product_tag":[],"class_list":{"0":"post-6387","1":"product","2":"type-product","3":"status-publish","4":"has-post-thumbnail","6":"product_cat-valentine-soap-gifts","8":"first","9":"instock","10":"taxable","11":"shipping-taxable","12":"purchasable","13":"product-type-simple","14":"entry","15":"content-bg","16":"loop-entry"},"taxonomy_info":{"product_cat":[{"value":660,"label":"Valentine Soap Gifts"}]},"featured_image_src_large":["https:\/\/holali.co.uk\/wp-content\/uploads\/2022\/08\/165015-1024x1024.jpeg",1024,1024,true],"author_info":[],"comment_info":0,"_links":{"self":[{"href":"https:\/\/holali.co.uk\/fr\/wp-json\/wp\/v2\/product\/6387","targetHints":{"allow":["GET"]}}],"collection":[{"href":"https:\/\/holali.co.uk\/fr\/wp-json\/wp\/v2\/product"}],"about":[{"href":"https:\/\/holali.co.uk\/fr\/wp-json\/wp\/v2\/types\/product"}],"replies":[{"embeddable":true,"href":"https:\/\/holali.co.uk\/fr\/wp-json\/wp\/v2\/comments?post=6387"}],"wp:featuredmedia":[{"embeddable":true,"href":"https:\/\/holali.co.uk\/fr\/wp-json\/wp\/v2\/media\/6388"}],"wp:attachment":[{"href":"https:\/\/holali.co.uk\/fr\/wp-json\/wp\/v2\/media?parent=6387"}],"wp:term":[{"taxonomy":"product_brand","embeddable":true,"href":"https:\/\/holali.co.uk\/fr\/wp-json\/wp\/v2\/product_brand?post=6387"},{"taxonomy":"product_cat","embeddable":true,"href":"https:\/\/holali.co.uk\/fr\/wp-json\/wp\/v2\/product_cat?post=6387"},{"taxonomy":"product_tag","embeddable":true,"href":"https:\/\/holali.co.uk\/fr\/wp-json\/wp\/v2\/product_tag?post=6387"}],"curies":[{"name":"wp","href":"https:\/\/api.w.org\/{rel}","templated":true}]}}