{"id":5975,"date":"2022-08-30T19:51:13","date_gmt":"2022-08-30T19:51:13","guid":{"rendered":"https:\/\/holali.local\/product\/solid-shampoo-bar-60g-lemon-ginger\/"},"modified":"2024-10-03T20:57:58","modified_gmt":"2024-10-03T20:57:58","slug":"barre-de-shampooing-citron-gingembre-ethique-2","status":"publish","type":"product","link":"https:\/\/holali.co.uk\/fr\/product\/lemon-ginger-shampoo-and-conditioner-bars\/","title":{"rendered":"Barres de shampooing et d'apr\u00e8s-shampooing au citron et au gingembre : nettoyant pour les cheveux"},"content":{"rendered":"<h2>Barres de shampooing et d'apr\u00e8s-shampooing au citron et au gingembre : nettoyant pour les cheveux<\/h2>\n<p>Vos cheveux sont votre fiert\u00e9, alors gardez-les sains et forts avec nos barres de shampooing et d'apr\u00e8s-shampooing au gingembre et au citron.<\/p>\n<p>La barre de shampooing pour cheveux aide \u00e0 revitaliser vos cheveux, et vous constaterez que vous n'avez pas besoin d'utiliser d'apr\u00e8s-shampooing. Vous pouvez \u00e9galement utiliser la barre de shampooing l\u00e9g\u00e8re pour voyager.<\/p>\n<h5>La barre de shampooing solide associe des ingr\u00e9dients nettoyants doux \u00e0 des huiles pures.<\/h5>\n<p>Les barres de shampooing et d'apr\u00e8s-shampooing au citron et au gingembre sont un nouveau produit sur le march\u00e9 qui combine les avantages d'un shampooing et d'un apr\u00e8s-shampooing en une seule barre.<\/p>\n<p>Le site <a href=\"https:\/\/holali.co.uk\/fr\/produit\/savon-citron-huile-olive\/?wmc-currency=EUR\" title=\"Savon au citron - propre, doux et hydratant\"  data-wpil-monitor-id=\"286\">lemon ginger shampoo bar<\/a> is a great hair treatment made with gentle cleansing agents, ginger extract, and lemon oil.<\/p>\n<p>The conditioner bar is made with pure cocoa butter and keravis protein that will moisturize and eliminate the damage caused by the everyday daily use of harsh chemicals on your <a href=\"https:\/\/holali.co.uk\/fr\/produit\/mango-ethique-shampoo-bar\/?wmc-currency=EUR\" title=\"Les meilleures barres de shampooing et d&#039;apr\u00e8s-shampooing pour vos cheveux\" target=\"_blank\" rel=\"noopener\"  data-wpil-monitor-id=\"1202\">hair<\/a>.<\/p>\n<p>Ces barres d'apr\u00e8s-shampoing solides sont trait\u00e9es par couleur pour garantir qu'elles sont sans danger pour les cheveux et le cuir chevelu.<\/p>\n<h6>CARACT\u00c9RISTIQUES DE NOTRE PRODUIT CAPILLAIRE<\/h6>\n<ul>\n<li>Il convient \u00e0 tous les types de cheveux, y compris les cheveux secs, boucl\u00e9s, gras et color\u00e9s.<\/li>\n<li>Fonctionne bien avec de l'eau chaude<\/li>\n<li>Sans SLS, SLES, Paraben<\/li>\n<li>Eco-Friendly<\/li>\n<li>Les v\u00e9g\u00e9taliens et les v\u00e9g\u00e9tariens peuvent \u00e9galement l'appr\u00e9cier.<\/li>\n<li>contre les tests sur les animaux<\/li>\n<li>Sans cruaut\u00e9<\/li>\n<li>Sans plastique<\/li>\n<li>Poids : 60g<\/li>\n<\/ul>\n<p>REMARQUE : La couleur ou le design peuvent varier l\u00e9g\u00e8rement par rapport aux photos pr\u00e9sent\u00e9es. Si vous souhaitez en savoir plus sur nos produits, n'h\u00e9sitez pas \u00e0 nous contacter \u00e0 tout moment !<\/p>\n<p>Vous cherchez une id\u00e9e g\u00e9niale ? <a href=\"https:\/\/holali.co.uk\/fr\/categorie-de-produit\/soins-du-corps\/produits-de-soins-de-la-peau\/paper-soap\/?wmc-currency=EUR\" target=\"_blank\" rel=\"noopener noreferrer\">CLIQUEZ ICI<\/a><\/p>","protected":false},"excerpt":{"rendered":"<p>Lemon Ginger Shampoo and Conditioner Bars: Hair Cleanser Your hair care is your place of pride, so keep it healthy and strong with our Lemon Ginger Shampoo and Conditioner Bars. The shampoo bar for hair helps to condition your hair, and you&#8217;ll find that you don&#8217;t need to use conditioner, and you can also use&#8230;<\/p>","protected":false},"featured_media":5976,"comment_status":"open","ping_status":"closed","template":"","meta":{"_kad_blocks_custom_css":"","_kad_blocks_head_custom_js":"","_kad_blocks_body_custom_js":"","_kad_blocks_footer_custom_js":"","_kad_post_transparent":"default","_kad_post_title":"","_kad_post_layout":"default","_kad_post_sidebar_id":"","_kad_post_content_style":"default","_kad_post_vertical_padding":"default","_kad_post_feature":"","_kad_post_feature_position":"","_kad_post_header":false,"_kad_post_footer":false,"_kad_post_classname":"","_daim_seo_power":"","_daim_enable_ail":""},"product_brand":[],"product_cat":[480,700],"product_tag":[],"class_list":{"0":"post-5975","1":"product","2":"type-product","3":"status-publish","4":"has-post-thumbnail","6":"product_cat-eco-friendly-shampoo-bar","7":"product_cat-friendly-shampoo-bar","9":"first","10":"instock","11":"taxable","12":"shipping-taxable","13":"purchasable","14":"product-type-simple","15":"entry","16":"content-bg","17":"loop-entry"},"taxonomy_info":{"product_cat":[{"value":480,"label":"Eco-Friendly Shampoo Bar"},{"value":700,"label":"Friendly Shampoo Bar"}]},"featured_image_src_large":["https:\/\/holali.co.uk\/wp-content\/uploads\/2022\/08\/189838.jpeg",828,828,false],"author_info":[],"comment_info":0,"_links":{"self":[{"href":"https:\/\/holali.co.uk\/fr\/wp-json\/wp\/v2\/product\/5975","targetHints":{"allow":["GET"]}}],"collection":[{"href":"https:\/\/holali.co.uk\/fr\/wp-json\/wp\/v2\/product"}],"about":[{"href":"https:\/\/holali.co.uk\/fr\/wp-json\/wp\/v2\/types\/product"}],"replies":[{"embeddable":true,"href":"https:\/\/holali.co.uk\/fr\/wp-json\/wp\/v2\/comments?post=5975"}],"wp:featuredmedia":[{"embeddable":true,"href":"https:\/\/holali.co.uk\/fr\/wp-json\/wp\/v2\/media\/5976"}],"wp:attachment":[{"href":"https:\/\/holali.co.uk\/fr\/wp-json\/wp\/v2\/media?parent=5975"}],"wp:term":[{"taxonomy":"product_brand","embeddable":true,"href":"https:\/\/holali.co.uk\/fr\/wp-json\/wp\/v2\/product_brand?post=5975"},{"taxonomy":"product_cat","embeddable":true,"href":"https:\/\/holali.co.uk\/fr\/wp-json\/wp\/v2\/product_cat?post=5975"},{"taxonomy":"product_tag","embeddable":true,"href":"https:\/\/holali.co.uk\/fr\/wp-json\/wp\/v2\/product_tag?post=5975"}],"curies":[{"name":"wp","href":"https:\/\/api.w.org\/{rel}","templated":true}]}}