{"id":5957,"date":"2022-08-30T19:51:09","date_gmt":"2022-08-30T19:51:09","guid":{"rendered":"https:\/\/holali.local\/product\/shea-body-butter-180g-sexy\/"},"modified":"2025-07-19T07:18:51","modified_gmt":"2025-07-19T07:18:51","slug":"beurre-corporel-au-karite-180g-sexy","status":"publish","type":"product","link":"https:\/\/holali.co.uk\/fr\/product\/shea-body-butter\/","title":{"rendered":"Shea Body Butter"},"content":{"rendered":"<p>Shea Body Butter slightly scented is ideal for everyday use after a bath or shower as well as for body massages. This luxurious product is crafted to provide a deeply nourishing experience that caters to all your skincare needs.<\/p>\n<p>Richly moisturizing, this range of Shea Body Butter is the ideal treat for treating dry and very dry skin. Its rich and creamy texture ensures that your skin receives the intense hydration it needs, leaving it feeling rejuvenated and refreshed. Whether you&#8217;re combating the harsh effects of cold weather or simply looking to maintain silky smooth skin year-round, our <a href=\"https:\/\/holali.co.uk\/fr\/produit\/aromatherapie-bain-de-karite-90g-geranium\/?wmc-currency=EUR\" title=\"Huile essentielle de g\u00e9ranium et beurre corporel au karit\u00e9 90g\"  data-wpil-monitor-id=\"316\">Shea Body Butter<\/a> is the perfect solution.<\/p>\n<p>Offering the <a href=\"https:\/\/holali.co.uk\/fr\/produit\/greenman-savon-100g-genre-doux\/?wmc-currency=EUR\" title=\"Savon naturel aux graines de carotte et au beurre de karit\u00e9\"  data-wpil-monitor-id=\"614\">naturally nourishing goodness of shea butter<\/a>, indulgently rich body butter works to leave skin feeling perfectly conditioned, soft, and smooth. Enriched with <a href=\"https:\/\/holali.co.uk\/fr\/produit\/aromatherapie-bain-de-karite-90g-menthe-poivree\/?wmc-currency=EUR\" title=\"Huile essentielle de menthe poivr\u00e9e et beurre de karit\u00e9 brut 90g\" target=\"_blank\" rel=\"noopener\"  data-wpil-monitor-id=\"1380\">essential vitamins and fatty acids<\/a>, it provides lasting hydration and promotes healthy, glowing skin. The gentle, natural scent adds a touch of luxury to your skincare routine, making each use a delightful sensory experience.<\/p>\n<p>HOW TO USE <a href=\"https:\/\/holali.co.uk\/fr\/produit\/beurre-corporel-au-karite-180g-pamplemousse-2\/?wmc-currency=EUR\" title=\"Shea Body Butter Flower Lake Vegan\"  data-wpil-monitor-id=\"500\">SHEA BODY BUTTER<\/a>?<\/p>\n<p>Before application, cleanse the skin in a warm-to-hot shower or bath to help open pores. Gently massage a small dollop of our <a href=\"https:\/\/holali.co.uk\/fr\/produit\/savon-au-romarin-pour-une-peau-douce-et-non-seche\/?wmc-currency=EUR\" title=\"Savon au romarin pour une peau douce et non dess\u00e9chante\"  data-wpil-monitor-id=\"148\">Shea Body Butter<\/a> into your skin, focusing on particularly dry areas such as elbows, knees, and heels. Allow a few minutes for the butter to sink in before getting dressed. For best results, use daily to maintain a soft, smooth, and healthy complexion.<\/p>\n<p>Indulge in the ultimate skincare treat with our <a href=\"https:\/\/holali.co.uk\/fr\/produit\/beurre-corporel-parfume-au-nenuphar-90-g-guimauve-floconneuse\/?wmc-currency=EUR\" title=\"Beurre de karit\u00e9 parfum\u00e9 \u00e0 la guimauve 90g\" target=\"_blank\" rel=\"noopener\"  data-wpil-monitor-id=\"1231\">Shea Body Butter<\/a>, and experience the transformative power of deeply moisturized and nourished skin.<\/p>","protected":false},"excerpt":{"rendered":"<p>Shea Body Butter slightly scented is ideal for everyday use after a bath or shower as well as for body massages. This luxurious product is crafted to provide a deeply nourishing experience that caters to all your skincare needs. Richly moisturizing, this range of Shea Body Butter is the ideal treat for treating dry and&#8230;<\/p>","protected":false},"featured_media":5958,"comment_status":"open","ping_status":"closed","template":"","meta":{"_kad_blocks_custom_css":"","_kad_blocks_head_custom_js":"","_kad_blocks_body_custom_js":"","_kad_blocks_footer_custom_js":"","_kad_post_transparent":"default","_kad_post_title":"","_kad_post_layout":"default","_kad_post_sidebar_id":"","_kad_post_content_style":"default","_kad_post_vertical_padding":"default","_kad_post_feature":"","_kad_post_feature_position":"","_kad_post_header":false,"_kad_post_footer":false,"_kad_post_classname":"","_daim_seo_power":"","_daim_enable_ail":""},"product_brand":[],"product_cat":[570,692],"product_tag":[],"class_list":{"0":"post-5957","1":"product","2":"type-product","3":"status-publish","4":"has-post-thumbnail","6":"product_cat-body-butter","7":"product_cat-vegan-body-butter","9":"first","10":"instock","11":"taxable","12":"shipping-taxable","13":"purchasable","14":"product-type-simple","15":"entry","16":"content-bg","17":"loop-entry"},"taxonomy_info":{"product_cat":[{"value":570,"label":"Body Butter"},{"value":692,"label":"Vegan Body Butter"}]},"featured_image_src_large":["https:\/\/holali.co.uk\/wp-content\/uploads\/2022\/08\/189860.jpeg",673,673,false],"author_info":[],"comment_info":0,"_links":{"self":[{"href":"https:\/\/holali.co.uk\/fr\/wp-json\/wp\/v2\/product\/5957","targetHints":{"allow":["GET"]}}],"collection":[{"href":"https:\/\/holali.co.uk\/fr\/wp-json\/wp\/v2\/product"}],"about":[{"href":"https:\/\/holali.co.uk\/fr\/wp-json\/wp\/v2\/types\/product"}],"replies":[{"embeddable":true,"href":"https:\/\/holali.co.uk\/fr\/wp-json\/wp\/v2\/comments?post=5957"}],"wp:featuredmedia":[{"embeddable":true,"href":"https:\/\/holali.co.uk\/fr\/wp-json\/wp\/v2\/media\/5958"}],"wp:attachment":[{"href":"https:\/\/holali.co.uk\/fr\/wp-json\/wp\/v2\/media?parent=5957"}],"wp:term":[{"taxonomy":"product_brand","embeddable":true,"href":"https:\/\/holali.co.uk\/fr\/wp-json\/wp\/v2\/product_brand?post=5957"},{"taxonomy":"product_cat","embeddable":true,"href":"https:\/\/holali.co.uk\/fr\/wp-json\/wp\/v2\/product_cat?post=5957"},{"taxonomy":"product_tag","embeddable":true,"href":"https:\/\/holali.co.uk\/fr\/wp-json\/wp\/v2\/product_tag?post=5957"}],"curies":[{"name":"wp","href":"https:\/\/api.w.org\/{rel}","templated":true}]}}