{"id":5819,"date":"2022-08-30T19:50:31","date_gmt":"2022-08-30T19:50:31","guid":{"rendered":"https:\/\/holali.local\/product\/handcrafted-soap-lavender-slice-100g\/"},"modified":"2025-09-15T02:05:53","modified_gmt":"2025-09-15T02:05:53","slug":"savons-faits-a-la-main-avec-de-la-lavande","status":"publish","type":"product","link":"https:\/\/holali.co.uk\/fr\/product\/handmade-soaps-with-lavender\/","title":{"rendered":"Savons artisanaux \u00e0 la lavande"},"content":{"rendered":"<h2>Savons artisanaux \u00e0 la lavande<\/h2>\n<p dir=\"auto\" data-pm-slice=\"1 1 []\">Rester actif et se sentir frais est facile, avec nos savons artisanaux \u00e0 la lavande.<\/p>\n<p dir=\"auto\" data-pm-slice=\"1 1 []\">Utilisez l'un de nos nouveaux savons \u00e0 main \u00e0 la lavande pour donner un coup de pouce \u00e0 votre voyage, et profitez du confort d'un gel douche apaisant pour vous sentir bien.<\/p>\n<p dir=\"auto\" data-pm-slice=\"1 1 []\">Le parfum de notre savon artisanal est tr\u00e8s d\u00e9licat et donne \u00e0 vos mains, votre corps et votre \u00e2me la sensation d'\u00eatre nettoy\u00e9s, nourris et hydrat\u00e9s.<\/p>\n<p dir=\"auto\" data-pm-slice=\"1 1 []\">Their <a href=\"https:\/\/holali.co.uk\/fr\/produit\/savons-faits-a-la-main-avec-de-la-marine-fraiche\/?wmc-currency=EUR\" title=\"Savons faits \u00e0 la main avec de la fra\u00eecheur marine\" target=\"_blank\" rel=\"noopener\"  data-wpil-monitor-id=\"1438\">wave twirl design<\/a> and their method of manufacturing make them a super cool eco-friendly product.<\/p>\n<ul>\n<li>Types de peau : Tous<\/li>\n<li><a href=\"https:\/\/holali.co.uk\/fr\/produit\/savons-faits-a-la-main-avec-des-fraises\/?wmc-currency=EUR\" title=\"Savons artisanaux \u00e0 la fraise\" target=\"_blank\" rel=\"noopener\"  data-wpil-monitor-id=\"1193\">Skin care area<\/a>: Face, Body<\/li>\n<li>Poids : 100g environ<\/li>\n<\/ul>\n<p>REMARQUE : La couleur ou le design peuvent varier l\u00e9g\u00e8rement par rapport aux photos pr\u00e9sent\u00e9es. Si vous souhaitez en savoir plus sur nos produits, n'h\u00e9sitez pas \u00e0 nous contacter \u00e0 tout moment !<\/p>\n<p><a href=\"https:\/\/holali.co.uk\/fr\/categorie-de-produit\/soins-du-corps\/produits-de-soins-de-la-peau\/paper-soap\/?wmc-currency=EUR\">L'INDISPENSABLE POUR VOTRE ROUTINE DE SOINS DE LA PEAU<\/a><\/p>","protected":false},"excerpt":{"rendered":"<p>Handmade Soaps With Lavender Keeping active and feeling fresh is easy, with our handmade soaps with lavender. Use one of our new lavender hand soaps to add a boost to your journey, and enjoy the comfort of a soothing body wash to help you feel great. Our Handmade soap&#8217;s fragrance is very delicate that makes&#8230;<\/p>","protected":false},"featured_media":5820,"comment_status":"open","ping_status":"closed","template":"","meta":{"_kad_blocks_custom_css":"","_kad_blocks_head_custom_js":"","_kad_blocks_body_custom_js":"","_kad_blocks_footer_custom_js":"","_kad_post_transparent":"default","_kad_post_title":"","_kad_post_layout":"default","_kad_post_sidebar_id":"","_kad_post_content_style":"default","_kad_post_vertical_padding":"default","_kad_post_feature":"","_kad_post_feature_position":"","_kad_post_header":false,"_kad_post_footer":false,"_kad_post_classname":"","_daim_seo_power":"","_daim_enable_ail":""},"product_brand":[],"product_cat":[471],"product_tag":[],"class_list":{"0":"post-5819","1":"product","2":"type-product","3":"status-publish","4":"has-post-thumbnail","6":"product_cat-scented-soaps","8":"first","9":"instock","10":"taxable","11":"shipping-taxable","12":"purchasable","13":"product-type-simple","14":"entry","15":"content-bg","16":"loop-entry"},"taxonomy_info":{"product_cat":[{"value":471,"label":"Scented Soaps"}]},"featured_image_src_large":["https:\/\/holali.co.uk\/wp-content\/uploads\/2022\/08\/188629-scaled-1024x1024.jpeg",1024,1024,true],"author_info":[],"comment_info":0,"_links":{"self":[{"href":"https:\/\/holali.co.uk\/fr\/wp-json\/wp\/v2\/product\/5819","targetHints":{"allow":["GET"]}}],"collection":[{"href":"https:\/\/holali.co.uk\/fr\/wp-json\/wp\/v2\/product"}],"about":[{"href":"https:\/\/holali.co.uk\/fr\/wp-json\/wp\/v2\/types\/product"}],"replies":[{"embeddable":true,"href":"https:\/\/holali.co.uk\/fr\/wp-json\/wp\/v2\/comments?post=5819"}],"wp:featuredmedia":[{"embeddable":true,"href":"https:\/\/holali.co.uk\/fr\/wp-json\/wp\/v2\/media\/5820"}],"wp:attachment":[{"href":"https:\/\/holali.co.uk\/fr\/wp-json\/wp\/v2\/media?parent=5819"}],"wp:term":[{"taxonomy":"product_brand","embeddable":true,"href":"https:\/\/holali.co.uk\/fr\/wp-json\/wp\/v2\/product_brand?post=5819"},{"taxonomy":"product_cat","embeddable":true,"href":"https:\/\/holali.co.uk\/fr\/wp-json\/wp\/v2\/product_cat?post=5819"},{"taxonomy":"product_tag","embeddable":true,"href":"https:\/\/holali.co.uk\/fr\/wp-json\/wp\/v2\/product_tag?post=5819"}],"curies":[{"name":"wp","href":"https:\/\/api.w.org\/{rel}","templated":true}]}}