{"id":5547,"date":"2022-08-30T19:49:21","date_gmt":"2022-08-30T19:49:21","guid":{"rendered":"https:\/\/holali.local\/product\/eucalyptus-solid-shampoo-90g\/"},"modified":"2024-10-03T20:58:00","modified_gmt":"2024-10-03T20:58:00","slug":"meilleur-shampoing-solide-en-barre-a-leucalyptus-pour-le-soin-des-cheveux-90g","status":"publish","type":"product","link":"https:\/\/holali.co.uk\/fr\/product\/eucalyptus-solid-shampoo-bar\/","title":{"rendered":"Meilleur Shampoing Solide en Barre \u00e0 l'Eucalyptus Pour le Soin Des Cheveux 90g"},"content":{"rendered":"<h2 dir=\"auto\" data-pm-slice=\"1 1 []\">Meilleur Shampoing Solide en Barre \u00e0 l'Eucalyptus Pour le Soin Des Cheveux 90g<\/h2>\n<p>Meilleur Shampoing Solide en Barre \u00e0 l'Eucalyptus Pour le Soin Des Cheveux 90g<\/p>\n<p>Nous avons con\u00e7u le Shampooing Solide \u00e0 l'eucalyptus pour que tous les types de cheveux paraissent plus forts et plus \u00e9clatants. En plus de favoriser la croissance et la force, l'huile d'eucalyptus pour les cheveux peut \u00e9galement am\u00e9liorer la brillance, l'\u00e9paisseur et la sant\u00e9 globale des cheveux.<\/p>\n<p>Nous l'avons m\u00e9lang\u00e9 \u00e0 une huile essentielle rafra\u00eechissante pour obtenir un shampoing au parfum vivifiant, qui peut aider \u00e0 \u00e9quilibrer les cheveux gras et \u00e0 donner \u00e0 votre cuir chevelu un traitement doux et nettoyant en profondeur.<\/p>\n<p>Notre nouvelle formule am\u00e9lior\u00e9e est faite \u00e0 base d'huile d'argan et est sans SLS.<\/p>\n<p>Fabriqu\u00e9s \u00e0 la main avec des huiles essentielles et de belles couleurs vives, ces savons de shampoing sont id\u00e9aux pour voyager sans risque de d\u00e9bordement. Les barres de shampoing sont vendues emball\u00e9es dans du papier cir\u00e9 avec une \u00e9tiquette des ingr\u00e9dients et p\u00e8sent environ 90g.<\/p>\n<p>REMARQUE : Nos savons sont fabriqu\u00e9s \u00e0 la main et la couleur peut varier l\u00e9g\u00e8rement par rapport aux photos pr\u00e9sent\u00e9es.<\/p>","protected":false},"excerpt":{"rendered":"<p>Best Eucalyptus Solid Shampoo Bar For Hair Care 90g Best Eucalyptus Solid Shampoo Bar For Hair Care 90g We&#8217;ve designed Eucalyptus Solid Shampoo Bar to make all hair types look stronger and more vibrant. In addition to promoting growth and strength, eucalyptus oil for hair can also improve shine, thickness, and overall hair health. We&#8217;ve&#8230;<\/p>","protected":false},"featured_media":5548,"comment_status":"open","ping_status":"closed","template":"","meta":{"_kad_blocks_custom_css":"","_kad_blocks_head_custom_js":"","_kad_blocks_body_custom_js":"","_kad_blocks_footer_custom_js":"","_kad_post_transparent":"default","_kad_post_title":"","_kad_post_layout":"default","_kad_post_sidebar_id":"","_kad_post_content_style":"default","_kad_post_vertical_padding":"default","_kad_post_feature":"","_kad_post_feature_position":"","_kad_post_header":false,"_kad_post_footer":false,"_kad_post_classname":"","_daim_seo_power":"","_daim_enable_ail":""},"product_brand":[],"product_cat":[569,699],"product_tag":[],"class_list":{"0":"post-5547","1":"product","2":"type-product","3":"status-publish","4":"has-post-thumbnail","6":"product_cat-shampoo-bar","7":"product_cat-vegan-shampoo-bar","9":"first","10":"instock","11":"taxable","12":"shipping-taxable","13":"purchasable","14":"product-type-simple","15":"entry","16":"content-bg","17":"loop-entry"},"taxonomy_info":{"product_cat":[{"value":569,"label":"Shampoo Bar"},{"value":699,"label":"Vegan Shampoo Bar"}]},"featured_image_src_large":["https:\/\/holali.co.uk\/wp-content\/uploads\/2022\/08\/187777.jpeg",1000,1000,false],"author_info":[],"comment_info":0,"_links":{"self":[{"href":"https:\/\/holali.co.uk\/fr\/wp-json\/wp\/v2\/product\/5547","targetHints":{"allow":["GET"]}}],"collection":[{"href":"https:\/\/holali.co.uk\/fr\/wp-json\/wp\/v2\/product"}],"about":[{"href":"https:\/\/holali.co.uk\/fr\/wp-json\/wp\/v2\/types\/product"}],"replies":[{"embeddable":true,"href":"https:\/\/holali.co.uk\/fr\/wp-json\/wp\/v2\/comments?post=5547"}],"wp:featuredmedia":[{"embeddable":true,"href":"https:\/\/holali.co.uk\/fr\/wp-json\/wp\/v2\/media\/5548"}],"wp:attachment":[{"href":"https:\/\/holali.co.uk\/fr\/wp-json\/wp\/v2\/media?parent=5547"}],"wp:term":[{"taxonomy":"product_brand","embeddable":true,"href":"https:\/\/holali.co.uk\/fr\/wp-json\/wp\/v2\/product_brand?post=5547"},{"taxonomy":"product_cat","embeddable":true,"href":"https:\/\/holali.co.uk\/fr\/wp-json\/wp\/v2\/product_cat?post=5547"},{"taxonomy":"product_tag","embeddable":true,"href":"https:\/\/holali.co.uk\/fr\/wp-json\/wp\/v2\/product_tag?post=5547"}],"curies":[{"name":"wp","href":"https:\/\/api.w.org\/{rel}","templated":true}]}}