{"id":5461,"date":"2022-08-30T19:48:59","date_gmt":"2022-08-30T19:48:59","guid":{"rendered":"https:\/\/holali.local\/product\/tangerine-grapefruit-bath-bomb-180g\/"},"modified":"2025-09-15T02:31:02","modified_gmt":"2025-09-15T02:31:02","slug":"bombe-de-bain-mandarine-pamplemousse-180g-2","status":"publish","type":"product","link":"https:\/\/holali.co.uk\/fr\/product\/grapefruit-fizzy-bombs\/","title":{"rendered":"Bombes p\u00e9tillantes \u00e0 la mandarine et au pamplemousse - 180g"},"content":{"rendered":"<p>If you are looking for a relaxing treat, then look no further. Our Tangerine &amp; Grapefruit <a href=\"https:\/\/holali.co.uk\/fr\/product\/bath-fizzer-provence\/\">Fizzy Bombs<\/a> are just the thing for anyone seeking to infuse their bath with delightful fizz and captivating fragrance. These luxurious <a href=\"https:\/\/holali.co.uk\/fr\/product\/angel-delight-bath-bomb\/\">bath bombs<\/a> will transform your ordinary bath into a fabulous at-home spa experience, enveloping you in a refreshing citrus blend that revitalizes both body and mind.<\/p>\n<p>The zesty aroma of grapefruit combined with the sweet notes of <a href=\"https:\/\/holali.co.uk\/fr\/produit\/bain-oeufs-tangerine-pamplemousse\/?wmc-currency=EUR\" title=\"Bombes de bain \u0152ufs de P\u00e2ques \u00e0 la mandarine et au pamplemousse\" target=\"_blank\" rel=\"noopener\"  data-wpil-monitor-id=\"887\">tangerine<\/a> creates a truly invigorating bath experience, perfect for unwinding after a long day or indulging in a moment of self-care. Our <a href=\"https:\/\/holali.co.uk\/fr\/produit\/1x-chamomille-pamplemousse-2\/?wmc-currency=EUR\" title=\"Bombe de bain p\u00e9tillante \u00e0 la camomille et au pamplemousse\" target=\"_blank\" rel=\"noopener\"  data-wpil-monitor-id=\"933\">Grapefruit Fizzy Bombs<\/a> also make an excellent gift for someone special, providing a touch of pampering and relaxation they\u2019ll appreciate. Each <a href=\"https:\/\/holali.co.uk\/fr\/produit\/five-for-her-bath-bomb-180g-2\/?wmc-currency=EUR\" title=\"Fizzy Bombs pour elle - 180g\" target=\"_blank\" rel=\"noopener\"  data-wpil-monitor-id=\"1224\">bomb weighs 180g<\/a>, ensuring a generous and long-lasting fizz that will elevate any bath time.<\/p>\n<p>Vous avez besoin d'une id\u00e9e de cadeau ? Cliquez simplement sur <a href=\"https:\/\/holali.co.uk\/en\/product-category\/gift-ideas\/\">ICI<\/a><\/p>","protected":false},"excerpt":{"rendered":"<p>If you are looking for a relaxing treat, then look no further. Our Tangerine &amp; Grapefruit Fizzy Bombs are just the thing for anyone seeking to infuse their bath with delightful fizz and captivating fragrance. These luxurious bath bombs will transform your ordinary bath into a fabulous at-home spa experience, enveloping you in a refreshing&#8230;<\/p>","protected":false},"featured_media":5462,"comment_status":"open","ping_status":"closed","template":"","meta":{"_kad_blocks_custom_css":"","_kad_blocks_head_custom_js":"","_kad_blocks_body_custom_js":"","_kad_blocks_footer_custom_js":"","_kad_post_transparent":"default","_kad_post_title":"","_kad_post_layout":"default","_kad_post_sidebar_id":"","_kad_post_content_style":"default","_kad_post_vertical_padding":"default","_kad_post_feature":"","_kad_post_feature_position":"","_kad_post_header":false,"_kad_post_footer":false,"_kad_post_classname":"","_daim_seo_power":"","_daim_enable_ail":""},"product_brand":[],"product_cat":[278,684],"product_tag":[],"class_list":{"0":"post-5461","1":"product","2":"type-product","3":"status-publish","4":"has-post-thumbnail","6":"product_cat-bath-fizzer","7":"product_cat-vegan-bath-fizzer","9":"first","10":"instock","11":"taxable","12":"shipping-taxable","13":"purchasable","14":"product-type-simple","15":"entry","16":"content-bg","17":"loop-entry"},"taxonomy_info":{"product_cat":[{"value":278,"label":"Bath Fizzer"},{"value":684,"label":"Vegan Bath Fizzer"}]},"featured_image_src_large":["https:\/\/holali.co.uk\/wp-content\/uploads\/2022\/08\/187734-1024x1024.jpeg",1024,1024,true],"author_info":[],"comment_info":0,"_links":{"self":[{"href":"https:\/\/holali.co.uk\/fr\/wp-json\/wp\/v2\/product\/5461","targetHints":{"allow":["GET"]}}],"collection":[{"href":"https:\/\/holali.co.uk\/fr\/wp-json\/wp\/v2\/product"}],"about":[{"href":"https:\/\/holali.co.uk\/fr\/wp-json\/wp\/v2\/types\/product"}],"replies":[{"embeddable":true,"href":"https:\/\/holali.co.uk\/fr\/wp-json\/wp\/v2\/comments?post=5461"}],"wp:featuredmedia":[{"embeddable":true,"href":"https:\/\/holali.co.uk\/fr\/wp-json\/wp\/v2\/media\/5462"}],"wp:attachment":[{"href":"https:\/\/holali.co.uk\/fr\/wp-json\/wp\/v2\/media?parent=5461"}],"wp:term":[{"taxonomy":"product_brand","embeddable":true,"href":"https:\/\/holali.co.uk\/fr\/wp-json\/wp\/v2\/product_brand?post=5461"},{"taxonomy":"product_cat","embeddable":true,"href":"https:\/\/holali.co.uk\/fr\/wp-json\/wp\/v2\/product_cat?post=5461"},{"taxonomy":"product_tag","embeddable":true,"href":"https:\/\/holali.co.uk\/fr\/wp-json\/wp\/v2\/product_tag?post=5461"}],"curies":[{"name":"wp","href":"https:\/\/api.w.org\/{rel}","templated":true}]}}