{"id":5445,"date":"2022-08-30T19:48:55","date_gmt":"2022-08-30T19:48:55","guid":{"rendered":"https:\/\/holali.local\/product\/rose-petals-bath-bomb-180g\/"},"modified":"2025-09-15T01:42:15","modified_gmt":"2025-09-15T01:42:15","slug":"rose-petales-bain-bombe-180g-2","status":"publish","type":"product","link":"https:\/\/holali.co.uk\/fr\/product\/petals-fizzy-bombs\/","title":{"rendered":"Bombes p\u00e9tillantes \u00e0 la rose et aux p\u00e9tales - 180g"},"content":{"rendered":"<p>If you are looking for a relaxing treat, then look no further. Our Rose &amp; Petals <a href=\"https:\/\/holali.co.uk\/fr\/product\/bath-fizzer-provence\/\">Fizzy Bombs<\/a> are the ultimate choice for anyone seeking to infuse their bath with delightful fizz and enchanting fragrance. These luxurious <a href=\"https:\/\/holali.co.uk\/fr\/product\/angel-delight-bath-bomb\/\">bath bombs<\/a> are designed to transform your ordinary bath into a fabulous spa experience right at home.<\/p>\n<p>With the soothing scent of <a href=\"https:\/\/holali.co.uk\/fr\/produit\/floral-fizz-romantique-rebel\/?wmc-currency=EUR\" title=\"Bombe de bain fleurie \u00e0 la lavande, au patchouli et \u00e0 la rose\" target=\"_blank\" rel=\"noopener\"  data-wpil-monitor-id=\"1051\">rose<\/a> and the gentle effervescence of our Petals Fizzy Bombs, you can unwind and rejuvenate in style. They also make an excellent gift for someone special, adding a touch of elegance and relaxation to their self-care routine. Pamper yourself or a loved one with the indulgent experience of our <a href=\"https:\/\/holali.co.uk\/fr\/produit\/1x-encens-rose-2\/?wmc-currency=EUR\" title=\"Bombe de bain p\u00e9tillante \u00e0 l&#039;encens et \u00e0 la rose\"  data-wpil-monitor-id=\"735\">Rose &amp; Petals Fizzy Bombs<\/a>.<\/p>\n<p>Poids : 180g<\/p>\n<p>Vous avez besoin d'une id\u00e9e de cadeau ? Cliquez simplement sur <a href=\"https:\/\/holali.co.uk\/en\/product-category\/gift-ideas\/\">ICI<\/a><\/p>","protected":false},"excerpt":{"rendered":"<p>If you are looking for a relaxing treat, then look no further. Our Rose &amp; Petals Fizzy Bombs are the ultimate choice for anyone seeking to infuse their bath with delightful fizz and enchanting fragrance. These luxurious bath bombs are designed to transform your ordinary bath into a fabulous spa experience right at home. With&#8230;<\/p>","protected":false},"featured_media":5446,"comment_status":"open","ping_status":"closed","template":"","meta":{"_kad_blocks_custom_css":"","_kad_blocks_head_custom_js":"","_kad_blocks_body_custom_js":"","_kad_blocks_footer_custom_js":"","_kad_post_transparent":"default","_kad_post_title":"","_kad_post_layout":"default","_kad_post_sidebar_id":"","_kad_post_content_style":"default","_kad_post_vertical_padding":"default","_kad_post_feature":"","_kad_post_feature_position":"","_kad_post_header":false,"_kad_post_footer":false,"_kad_post_classname":"","_daim_seo_power":"","_daim_enable_ail":""},"product_brand":[],"product_cat":[278,684],"product_tag":[],"class_list":{"0":"post-5445","1":"product","2":"type-product","3":"status-publish","4":"has-post-thumbnail","6":"product_cat-bath-fizzer","7":"product_cat-vegan-bath-fizzer","9":"first","10":"instock","11":"taxable","12":"shipping-taxable","13":"purchasable","14":"product-type-simple","15":"entry","16":"content-bg","17":"loop-entry"},"taxonomy_info":{"product_cat":[{"value":278,"label":"Bath Fizzer"},{"value":684,"label":"Vegan Bath Fizzer"}]},"featured_image_src_large":["https:\/\/holali.co.uk\/wp-content\/uploads\/2022\/08\/187726-1024x1024.jpeg",1024,1024,true],"author_info":[],"comment_info":0,"_links":{"self":[{"href":"https:\/\/holali.co.uk\/fr\/wp-json\/wp\/v2\/product\/5445","targetHints":{"allow":["GET"]}}],"collection":[{"href":"https:\/\/holali.co.uk\/fr\/wp-json\/wp\/v2\/product"}],"about":[{"href":"https:\/\/holali.co.uk\/fr\/wp-json\/wp\/v2\/types\/product"}],"replies":[{"embeddable":true,"href":"https:\/\/holali.co.uk\/fr\/wp-json\/wp\/v2\/comments?post=5445"}],"wp:featuredmedia":[{"embeddable":true,"href":"https:\/\/holali.co.uk\/fr\/wp-json\/wp\/v2\/media\/5446"}],"wp:attachment":[{"href":"https:\/\/holali.co.uk\/fr\/wp-json\/wp\/v2\/media?parent=5445"}],"wp:term":[{"taxonomy":"product_brand","embeddable":true,"href":"https:\/\/holali.co.uk\/fr\/wp-json\/wp\/v2\/product_brand?post=5445"},{"taxonomy":"product_cat","embeddable":true,"href":"https:\/\/holali.co.uk\/fr\/wp-json\/wp\/v2\/product_cat?post=5445"},{"taxonomy":"product_tag","embeddable":true,"href":"https:\/\/holali.co.uk\/fr\/wp-json\/wp\/v2\/product_tag?post=5445"}],"curies":[{"name":"wp","href":"https:\/\/api.w.org\/{rel}","templated":true}]}}