{"id":2714,"date":"2022-08-30T19:13:07","date_gmt":"2022-08-30T19:13:07","guid":{"rendered":"https:\/\/holali.local\/product\/bouquet-petite-basket-pastal-green\/"},"modified":"2024-10-03T20:58:04","modified_gmt":"2024-10-03T20:58:04","slug":"bouquet-petite-corbeille-vert-pastal","status":"publish","type":"product","link":"https:\/\/holali.co.uk\/fr\/product\/green-valentine-soap-gift\/","title":{"rendered":"Savon vert pour la Saint-Valentin"},"content":{"rendered":"<p>This Green Valentine Soap Gift is designed to leave your skin feeling soft, silky, and wonderfully fresh. Perfectly presented in a stunning basket, it makes an exquisite choice for Valentine&#8217;s Day, birthdays, weddings, or anniversaries. The Green Valentine Soap Gift features an array of delightful soap flowers that can be separated and used individually. Each petal releases a lovely scent and adds a touch of color to your bathwater, enhancing your bathing experience with a burst of fragrance and a splash of vibrancy.<\/p>\n<p><strong>COMMENT L'UTILISER ?<\/strong><\/p>\n<p>Simply add a few of the soap roses to your warm bath and let them dissolve, releasing their enchanting aroma as you unwind. The petals can also be used for decorating sinks, hand soap, and baths, providing both aesthetic appeal and a pleasant fragrance throughout your home. With the <a href=\"https:\/\/holali.co.uk\/fr\/produit\/boite-main-savon-fleur-bouquet-vert\/?wmc-currency=EUR\" title=\"Bo\u00eete cadeau de savon vert avec roses et \u0153illets\" target=\"_blank\" rel=\"noopener\"  data-wpil-monitor-id=\"1096\">Savon vert pour la Saint-Valentin<\/a>, you\u2019re not just giving a beautiful present but also an indulgent experience that will be cherished and enjoyed.<\/p>\n<p>VOIR PLUS <a href=\"https:\/\/holali.co.uk\/fr\/produits-pour-le-bain\/savon-fleurs-bouquets\/boite-a-savon\/?wmc-currency=EUR\">CADEAU DE VALENTINE EN SAVON<\/a><\/p>","protected":false},"excerpt":{"rendered":"<p>Zea Mays (Amidon de ma\u00efs), Alcool polyvinylique, Aqua, Dod\u00e9cylsulfate de sodium, Cocamide DEA, Propyl\u00e8ne Glycol, Paraffinum Liquidum, Parfum, Methylisothiazolinone, (+\/- CI 16035, CI 19140, CI 42090, CI 18050, CI 16255, CI 45430, CI 15985)<\/p>","protected":false},"featured_media":2715,"comment_status":"open","ping_status":"closed","template":"","meta":{"_kad_blocks_custom_css":"","_kad_blocks_head_custom_js":"","_kad_blocks_body_custom_js":"","_kad_blocks_footer_custom_js":"","_kad_post_transparent":"default","_kad_post_title":"","_kad_post_layout":"default","_kad_post_sidebar_id":"","_kad_post_content_style":"default","_kad_post_vertical_padding":"default","_kad_post_feature":"","_kad_post_feature_position":"","_kad_post_header":false,"_kad_post_footer":false,"_kad_post_classname":"","_daim_seo_power":"","_daim_enable_ail":""},"product_brand":[],"product_cat":[660],"product_tag":[],"class_list":{"0":"post-2714","1":"product","2":"type-product","3":"status-publish","4":"has-post-thumbnail","6":"product_cat-valentine-soap-gifts","8":"first","9":"instock","10":"taxable","11":"shipping-taxable","12":"purchasable","13":"product-type-simple","14":"entry","15":"content-bg","16":"loop-entry"},"taxonomy_info":{"product_cat":[{"value":660,"label":"Valentine Soap Gifts"}]},"featured_image_src_large":["https:\/\/holali.co.uk\/wp-content\/uploads\/2022\/08\/27421-2.jpeg",1000,1000,false],"author_info":[],"comment_info":0,"_links":{"self":[{"href":"https:\/\/holali.co.uk\/fr\/wp-json\/wp\/v2\/product\/2714","targetHints":{"allow":["GET"]}}],"collection":[{"href":"https:\/\/holali.co.uk\/fr\/wp-json\/wp\/v2\/product"}],"about":[{"href":"https:\/\/holali.co.uk\/fr\/wp-json\/wp\/v2\/types\/product"}],"replies":[{"embeddable":true,"href":"https:\/\/holali.co.uk\/fr\/wp-json\/wp\/v2\/comments?post=2714"}],"wp:featuredmedia":[{"embeddable":true,"href":"https:\/\/holali.co.uk\/fr\/wp-json\/wp\/v2\/media\/2715"}],"wp:attachment":[{"href":"https:\/\/holali.co.uk\/fr\/wp-json\/wp\/v2\/media?parent=2714"}],"wp:term":[{"taxonomy":"product_brand","embeddable":true,"href":"https:\/\/holali.co.uk\/fr\/wp-json\/wp\/v2\/product_brand?post=2714"},{"taxonomy":"product_cat","embeddable":true,"href":"https:\/\/holali.co.uk\/fr\/wp-json\/wp\/v2\/product_cat?post=2714"},{"taxonomy":"product_tag","embeddable":true,"href":"https:\/\/holali.co.uk\/fr\/wp-json\/wp\/v2\/product_tag?post=2714"}],"curies":[{"name":"wp","href":"https:\/\/api.w.org\/{rel}","templated":true}]}}