{"id":2708,"date":"2022-08-30T19:13:06","date_gmt":"2022-08-30T19:13:06","guid":{"rendered":"https:\/\/holali.local\/product\/bouquet-petite-basket-soothing-blues\/"},"modified":"2025-09-15T01:31:40","modified_gmt":"2025-09-15T01:31:40","slug":"bouquet-petite-panier-bleu-apaisant","status":"publish","type":"product","link":"https:\/\/holali.co.uk\/fr\/product\/blue-valentine-soap-gift\/","title":{"rendered":"Savon bleu pour la Saint-Valentin"},"content":{"rendered":"<p>Le site <strong>Savon bleu pour la Saint-Valentin<\/strong> is the perfect indulgence for anyone who loves to pamper themselves with luxurious self-care products. This exquisite gift set features soap flowers that will leave your skin feeling incredibly soft, silky, and wonderfully fresh. Housed in a beautifully designed basket, it makes an elegant choice for a Valentine\u2019s Day present, a thoughtful birthday gift, a charming wedding favor, or a memorable anniversary surprise.<\/p>\n<p>Each arrangement in this <strong><a href=\"https:\/\/holali.co.uk\/fr\/produit\/fleur-de-savon-bouqet-bleu-mariage-2\/?wmc-currency=EUR\" title=\"Cadeaux de savon Fleurs bleues\"  data-wpil-monitor-id=\"722\">Savon bleu pour la Saint-Valentin<\/a><\/strong> is crafted to provide a delightful sensory experience. The soap flowers can be easily separated, allowing you to use their petals as fragrant soap. As you enjoy a bath, the petals dissolve gracefully, turning your bath water into a colorful and aromatic oasis.<\/p>\n<p><strong>COMMENT L'UTILISER ?<\/strong><\/p>\n<p>For a truly relaxing experience, add a few petals to your warm bath and let the soothing aroma envelop you as the flowers dissolve. Additionally, the petals can be used to decorate sinks, hand soap dispensers, or baths, adding a touch of elegance and a lovely scent to any setting. This <strong><a href=\"https:\/\/holali.co.uk\/fr\/produit\/lot-de-9-fleurs-de-savon-roses-de-mariage-bleues-2\/?wmc-currency=EUR\" title=\"9 Roses bleues Bo\u00eete-cadeau pour fleurs de savon\" target=\"_blank\" rel=\"noopener\"  data-wpil-monitor-id=\"995\">Savon bleu pour la Saint-Valentin<\/a><\/strong> is not just a treat for your skin but a beautifully presented way to elevate your daily self-care routine.<\/p>\n<p>VOIR PLUS <a href=\"https:\/\/holali.co.uk\/fr\/produits-pour-le-bain\/savon-fleurs-bouquets\/boite-a-savon\/?wmc-currency=EUR\">CADEAU DE VALENTINE EN SAVON<\/a><\/p>","protected":false},"excerpt":{"rendered":"<p>Zea Mays (Amidon de ma\u00efs), Alcool polyvinylique, Aqua, Dod\u00e9cylsulfate de sodium, Cocamide DEA, Propyl\u00e8ne Glycol, Paraffinum Liquidum, Parfum, Methylisothiazolinone, (+\/- CI 16035, CI 19140, CI 42090, CI 18050, CI 16255, CI 45430, CI 15985)<\/p>","protected":false},"featured_media":2709,"comment_status":"open","ping_status":"closed","template":"","meta":{"_kad_blocks_custom_css":"","_kad_blocks_head_custom_js":"","_kad_blocks_body_custom_js":"","_kad_blocks_footer_custom_js":"","_kad_post_transparent":"default","_kad_post_title":"","_kad_post_layout":"default","_kad_post_sidebar_id":"","_kad_post_content_style":"default","_kad_post_vertical_padding":"default","_kad_post_feature":"","_kad_post_feature_position":"","_kad_post_header":false,"_kad_post_footer":false,"_kad_post_classname":"","_daim_seo_power":"","_daim_enable_ail":""},"product_brand":[],"product_cat":[660],"product_tag":[],"class_list":{"0":"post-2708","1":"product","2":"type-product","3":"status-publish","4":"has-post-thumbnail","6":"product_cat-valentine-soap-gifts","8":"first","9":"instock","10":"taxable","11":"shipping-taxable","12":"purchasable","13":"product-type-simple","14":"entry","15":"content-bg","16":"loop-entry"},"taxonomy_info":{"product_cat":[{"value":660,"label":"Valentine Soap Gifts"}]},"featured_image_src_large":["https:\/\/holali.co.uk\/wp-content\/uploads\/2022\/08\/27414-2.jpeg",1000,1000,false],"author_info":[],"comment_info":0,"_links":{"self":[{"href":"https:\/\/holali.co.uk\/fr\/wp-json\/wp\/v2\/product\/2708","targetHints":{"allow":["GET"]}}],"collection":[{"href":"https:\/\/holali.co.uk\/fr\/wp-json\/wp\/v2\/product"}],"about":[{"href":"https:\/\/holali.co.uk\/fr\/wp-json\/wp\/v2\/types\/product"}],"replies":[{"embeddable":true,"href":"https:\/\/holali.co.uk\/fr\/wp-json\/wp\/v2\/comments?post=2708"}],"wp:featuredmedia":[{"embeddable":true,"href":"https:\/\/holali.co.uk\/fr\/wp-json\/wp\/v2\/media\/2709"}],"wp:attachment":[{"href":"https:\/\/holali.co.uk\/fr\/wp-json\/wp\/v2\/media?parent=2708"}],"wp:term":[{"taxonomy":"product_brand","embeddable":true,"href":"https:\/\/holali.co.uk\/fr\/wp-json\/wp\/v2\/product_brand?post=2708"},{"taxonomy":"product_cat","embeddable":true,"href":"https:\/\/holali.co.uk\/fr\/wp-json\/wp\/v2\/product_cat?post=2708"},{"taxonomy":"product_tag","embeddable":true,"href":"https:\/\/holali.co.uk\/fr\/wp-json\/wp\/v2\/product_tag?post=2708"}],"curies":[{"name":"wp","href":"https:\/\/api.w.org\/{rel}","templated":true}]}}