{"id":2556,"date":"2022-08-30T19:12:34","date_gmt":"2022-08-30T19:12:34","guid":{"rendered":"https:\/\/holali.local\/product\/tropical-paradise-coco-bath-bombs-watermelon\/"},"modified":"2025-09-15T02:39:34","modified_gmt":"2025-09-15T02:39:34","slug":"tropical-paradise-coco-bain-bombes-melon-deau-2","status":"publish","type":"product","link":"https:\/\/holali.co.uk\/fr\/product\/coconut-watermelon-fruit-bath-bombs\/","title":{"rendered":"Bombes de bain \u00e0 la noix de coco et aux fruits de la past\u00e8que"},"content":{"rendered":"<p>Indulge in a luxurious bathing experience with our <strong>Coconut Watermelon Fruit <a href=\"https:\/\/holali.co.uk\/fr\/product\/angel-delight-bath-bomb\/\">Bombes de Bain<\/a><\/strong>. Immerse yourself in the sweet, fresh, and irresistibly fruity fragrance of watermelon, a scent that instantly transports you to a tropical paradise. These bath bombs are crafted to provide not only an amazing aromatic experience but also exceptional skincare benefits.<\/p>\n<p>Each <strong><a href=\"https:\/\/holali.co.uk\/fr\/produit\/bain-oeufs-noix-de-coco\/?wmc-currency=EUR\" title=\"Bombes de bain aux \u0153ufs de P\u00e2ques \u00e0 la noix de coco\" target=\"_blank\" rel=\"noopener\"  data-wpil-monitor-id=\"888\">Coconut Watermelon Fruit Bath Bomb<\/a><\/strong> is infused with a generous amount of rich Coconut Butter, ensuring a smoother, more nourishing touch on your skin. The Coconut Butter deeply moisturizes and softens your skin, leaving it feeling silky and hydrated long after your bath. As the bath bomb dissolves, colorful soap peelings release into the water, creating a luscious, creamy foam that gently cleanses your body, enhancing the <a href=\"https:\/\/holali.co.uk\/fr\/produit\/tropical-paradise-coco-bain-bombes-papaye\/?wmc-currency=EUR\" title=\"Bombes de bain \u00e0 la noix de coco et aux fruits de la papaye\" target=\"_blank\" rel=\"noopener\"  data-wpil-monitor-id=\"1086\">tropical bath experience<\/a>.<\/p>\n<p>Weighing in at 180g, these bath bombs are the perfect size for a full indulgent bath. Whether you&#8217;re looking to treat yourself or someone special, our <strong><a href=\"https:\/\/holali.co.uk\/fr\/produit\/tropical-paradise-coco-bain-bombes-dragon-fruit\/?wmc-currency=EUR\" title=\"Coconut Dragon Fruit Bath Bombs\" target=\"_blank\" rel=\"noopener\"  data-wpil-monitor-id=\"1087\">Bombes de bain \u00e0 la noix de coco et aux fruits de la past\u00e8que<\/a><\/strong> offer a delightful and rejuvenating escape.<\/p>\n<p><strong>Special Offer:<\/strong> When you order three of our <a href=\"https:\/\/holali.co.uk\/fr\/produit\/tropical-paradise-coco-bain-bombes-pomelo\/?wmc-currency=EUR\" title=\"Bombes de bain \u00e0 la noix de coco et aux fruits du Pomelo\" target=\"_blank\" rel=\"noopener\"  data-wpil-monitor-id=\"1085\">fruity bath bombs<\/a>, you&#8217;ll receive a complimentary cardboard gift box. This makes it even easier to share the tropical bliss of our bath bombs with friends and loved ones, or to store them beautifully at home.<\/p>\n<p>Holali is committed to bringing you high-quality, handcrafted bath bombs that turn every bath into a mini-vacation. Try our <strong><a href=\"https:\/\/holali.co.uk\/fr\/produit\/1x-chocolat-coco-bain-donut\/?wmc-currency=EUR\" title=\"Chocolate &#038; Coconut Donut Bath Bombs\" target=\"_blank\" rel=\"noopener\"  data-wpil-monitor-id=\"1235\">Bombes de bain \u00e0 la noix de coco et aux fruits de la past\u00e8que<\/a><\/strong> today and experience the ultimate in fruity, tropical luxury.<\/p>\n<p>Connaissez-vous le porte-savon pour baignoire ? Si non, cliquez <a href=\"https:\/\/holali.co.uk\/en\/product-category\/bath-products\/bath-accessories\/bathtub-soap-holder\/\">ICI<\/a><\/p>","protected":false},"excerpt":{"rendered":"<p>Indulge in a luxurious bathing experience with our Coconut Watermelon Fruit Bath Bombs. Immerse yourself in the sweet, fresh, and irresistibly fruity fragrance of watermelon, a scent that instantly transports you to a tropical paradise. These bath bombs are crafted to provide not only an amazing aromatic experience but also exceptional skincare benefits. Each Coconut&#8230;<\/p>","protected":false},"featured_media":2557,"comment_status":"open","ping_status":"closed","template":"","meta":{"_kad_blocks_custom_css":"","_kad_blocks_head_custom_js":"","_kad_blocks_body_custom_js":"","_kad_blocks_footer_custom_js":"","_kad_post_transparent":"default","_kad_post_title":"","_kad_post_layout":"default","_kad_post_sidebar_id":"","_kad_post_content_style":"default","_kad_post_vertical_padding":"default","_kad_post_feature":"","_kad_post_feature_position":"","_kad_post_header":false,"_kad_post_footer":false,"_kad_post_classname":"","_daim_seo_power":"","_daim_enable_ail":""},"product_brand":[],"product_cat":[665,683],"product_tag":[],"class_list":{"0":"post-2556","1":"product","2":"type-product","3":"status-publish","4":"has-post-thumbnail","6":"product_cat-fruity-bath-bombs","7":"product_cat-vegan-fruity-bath-bombs","9":"first","10":"instock","11":"taxable","12":"shipping-taxable","13":"purchasable","14":"product-type-simple","15":"entry","16":"content-bg","17":"loop-entry"},"taxonomy_info":{"product_cat":[{"value":665,"label":"Fruity Bath Bombs"},{"value":683,"label":"Vegan Fruity Bath Bombs"}]},"featured_image_src_large":["https:\/\/holali.co.uk\/wp-content\/uploads\/2022\/08\/4230-2-1024x1024.jpeg",1024,1024,true],"author_info":[],"comment_info":0,"_links":{"self":[{"href":"https:\/\/holali.co.uk\/fr\/wp-json\/wp\/v2\/product\/2556","targetHints":{"allow":["GET"]}}],"collection":[{"href":"https:\/\/holali.co.uk\/fr\/wp-json\/wp\/v2\/product"}],"about":[{"href":"https:\/\/holali.co.uk\/fr\/wp-json\/wp\/v2\/types\/product"}],"replies":[{"embeddable":true,"href":"https:\/\/holali.co.uk\/fr\/wp-json\/wp\/v2\/comments?post=2556"}],"wp:featuredmedia":[{"embeddable":true,"href":"https:\/\/holali.co.uk\/fr\/wp-json\/wp\/v2\/media\/2557"}],"wp:attachment":[{"href":"https:\/\/holali.co.uk\/fr\/wp-json\/wp\/v2\/media?parent=2556"}],"wp:term":[{"taxonomy":"product_brand","embeddable":true,"href":"https:\/\/holali.co.uk\/fr\/wp-json\/wp\/v2\/product_brand?post=2556"},{"taxonomy":"product_cat","embeddable":true,"href":"https:\/\/holali.co.uk\/fr\/wp-json\/wp\/v2\/product_cat?post=2556"},{"taxonomy":"product_tag","embeddable":true,"href":"https:\/\/holali.co.uk\/fr\/wp-json\/wp\/v2\/product_tag?post=2556"}],"curies":[{"name":"wp","href":"https:\/\/api.w.org\/{rel}","templated":true}]}}