{"id":2418,"date":"2022-08-30T19:12:05","date_gmt":"2022-08-30T19:12:05","guid":{"rendered":"https:\/\/holali.local\/product\/set-of-3-soap-flower-heart-box-red-roses\/"},"modified":"2025-07-18T21:54:14","modified_gmt":"2025-07-18T21:54:14","slug":"set-de-3-savon-fleur-coeur-boite-rouge-roses-2","status":"publish","type":"product","link":"https:\/\/holali.co.uk\/fr\/product\/3-red-soap-roses\/","title":{"rendered":"Bo\u00eete de 3 roses rouges en savon"},"content":{"rendered":"<p>Take a look at these wonderful Luxury Soap Flowers, including our exquisite <strong>3 Red Soap Roses<\/strong>. You&#8217;ll love them because they look just like actual flowers! The flower bouquet is artistically arranged and beautifully presented in a gift package.<\/p>\n<p>Ces <strong>3 Red <\/strong><a href=\"https:\/\/holali.co.uk\/fr\/produit\/savon-au-beurre-de-karite-et-a-lhuile-dolive\/?wmc-currency=EUR\" title=\"Savon au beurre de karit\u00e9 pour une peau douce et tendre\"  data-wpil-monitor-id=\"306\">Soap Roses will leave your skin soft<\/a>, silky, and smelling wonderfully fresh.<\/p>\n<p>Le site <strong>3 Red <a href=\"https:\/\/holali.co.uk\/fr\/produit\/savon-fleur-bouqet-rouge-rose-carnation-2\/?wmc-currency=EUR\" title=\"Cadeau de savon aux fleurs rouges\" target=\"_blank\" rel=\"noopener\"  data-wpil-monitor-id=\"947\">Soap Roses<\/a><\/strong> are a perfect birthday gift, wedding gift, Christmas gift, or just a little treat for yourself.<\/p>\n<p><strong>HOW TO USE YOUR SOAP FLOWER:<\/strong> Just add one or two of these <strong>3 <a href=\"https:\/\/holali.co.uk\/fr\/produit\/debout-fleur-de-savon-bouquet-rose\/?wmc-currency=EUR\" title=\"Rose Savon Bouquet De Fleurs\"  data-wpil-monitor-id=\"623\">Red Soap Roses<\/a><\/strong> to your warm bath, relax, and watch the cute flowers dissolve right before your very eyes. You will surely enjoy the colorful water and the great scent. They also serve as a beautiful decoration for your hallway or bathroom.<\/p>\n<p><a href=\"https:\/\/holali.co.uk\/en\/product-category\/bath-products\/soap-flowers-bouquets\/\">VOIR D'AUTRES BOUQUETS DE FLEURS EN SAVON<\/a><\/p>","protected":false},"excerpt":{"rendered":"<p>Zea Mays (Amidon de ma\u00efs), Alcool polyvinylique, Aqua, Dod\u00e9cylsulfate de sodium, Cocamide DEA, Propyl\u00e8ne Glycol, Paraffinum Liquidum, Parfum, Methylisothiazolinone, (+\/- CI 16035, CI 19140, CI 42090, CI 18050, CI 16255, CI 45430, CI 15985)<\/p>","protected":false},"featured_media":2419,"comment_status":"open","ping_status":"closed","template":"","meta":{"_kad_blocks_custom_css":"","_kad_blocks_head_custom_js":"","_kad_blocks_body_custom_js":"","_kad_blocks_footer_custom_js":"","_kad_post_transparent":"default","_kad_post_title":"","_kad_post_layout":"default","_kad_post_sidebar_id":"","_kad_post_content_style":"default","_kad_post_vertical_padding":"default","_kad_post_feature":"","_kad_post_feature_position":"","_kad_post_header":false,"_kad_post_footer":false,"_kad_post_classname":"","_daim_seo_power":"","_daim_enable_ail":""},"product_brand":[],"product_cat":[651],"product_tag":[],"class_list":{"0":"post-2418","1":"product","2":"type-product","3":"status-publish","4":"has-post-thumbnail","6":"product_cat-soap-gift-box","8":"first","9":"instock","10":"taxable","11":"shipping-taxable","12":"purchasable","13":"product-type-simple","14":"entry","15":"content-bg","16":"loop-entry"},"taxonomy_info":{"product_cat":[{"value":651,"label":"Soap Gift Box"}]},"featured_image_src_large":["https:\/\/holali.co.uk\/wp-content\/uploads\/2022\/08\/3766-2-1024x1024.jpeg",1024,1024,true],"author_info":[],"comment_info":0,"_links":{"self":[{"href":"https:\/\/holali.co.uk\/fr\/wp-json\/wp\/v2\/product\/2418","targetHints":{"allow":["GET"]}}],"collection":[{"href":"https:\/\/holali.co.uk\/fr\/wp-json\/wp\/v2\/product"}],"about":[{"href":"https:\/\/holali.co.uk\/fr\/wp-json\/wp\/v2\/types\/product"}],"replies":[{"embeddable":true,"href":"https:\/\/holali.co.uk\/fr\/wp-json\/wp\/v2\/comments?post=2418"}],"wp:featuredmedia":[{"embeddable":true,"href":"https:\/\/holali.co.uk\/fr\/wp-json\/wp\/v2\/media\/2419"}],"wp:attachment":[{"href":"https:\/\/holali.co.uk\/fr\/wp-json\/wp\/v2\/media?parent=2418"}],"wp:term":[{"taxonomy":"product_brand","embeddable":true,"href":"https:\/\/holali.co.uk\/fr\/wp-json\/wp\/v2\/product_brand?post=2418"},{"taxonomy":"product_cat","embeddable":true,"href":"https:\/\/holali.co.uk\/fr\/wp-json\/wp\/v2\/product_cat?post=2418"},{"taxonomy":"product_tag","embeddable":true,"href":"https:\/\/holali.co.uk\/fr\/wp-json\/wp\/v2\/product_tag?post=2418"}],"curies":[{"name":"wp","href":"https:\/\/api.w.org\/{rel}","templated":true}]}}