{"id":2414,"date":"2022-08-30T19:12:04","date_gmt":"2022-08-30T19:12:04","guid":{"rendered":"https:\/\/holali.local\/product\/set-of-9-soap-flowers-blue-wedding-roses\/"},"modified":"2025-09-15T01:31:38","modified_gmt":"2025-09-15T01:31:38","slug":"lot-de-9-fleurs-de-savon-roses-de-mariage-bleues-2","status":"publish","type":"product","link":"https:\/\/holali.co.uk\/fr\/product\/9-blue-roses-soap-flower\/","title":{"rendered":"9 Roses bleues Bo\u00eete-cadeau pour fleurs de savon"},"content":{"rendered":"<p>Take a look at these exquisite <strong>9 Blue Roses Soap Flowers<\/strong>\u2014you&#8217;ll be amazed by how closely they resemble real flowers! Each bouquet is artistically arranged and beautifully presented in an elegant gift package.<\/p>\n<p>Ces <strong>9 Blue Roses Soap Flowers<\/strong> not only add a touch of luxury to your bath but also leave your skin feeling soft, silky, and wonderfully fresh.<\/p>\n<p>Perfect for a birthday gift, wedding gift, Christmas gift, or simply a treat for yourself, these soap flowers make an ideal choice.<\/p>\n<p><strong>HOW TO USE YOUR 9 Blue <a href=\"https:\/\/holali.co.uk\/fr\/produit\/set-of-9-soap-fleurs-pink-roses-2\/?wmc-currency=EUR\" title=\"9 Roses roses Bo\u00eete cadeau pour fleurs de savon\" target=\"_blank\" rel=\"noopener\"  data-wpil-monitor-id=\"981\">Roses Soap Flower?<\/a><\/strong> Just add one or two of these enchanting blue roses to your warm bath, relax, and watch as they dissolve right before your eyes. Enjoy the colorful water and delightful scent that follows. They also serve as a stunning decoration in your hallway or bathroom.<\/p>\n<p><a href=\"https:\/\/holali.co.uk\/en\/product-category\/bath-products\/soap-flowers-bouquets\/\">VOIR D'AUTRES BOUQUETS DE FLEURS EN SAVON<\/a><\/p>","protected":false},"excerpt":{"rendered":"<p>Zea Mays (Amidon de ma\u00efs), Alcool polyvinylique, Aqua, Dod\u00e9cylsulfate de sodium, Cocamide DEA, Propyl\u00e8ne Glycol, Paraffinum Liquidum, Parfum, Methylisothiazolinone, (+\/- CI 16035, CI 19140, CI 42090, CI 18050, CI 16255, CI 45430, CI 15985)<\/p>","protected":false},"featured_media":2415,"comment_status":"open","ping_status":"closed","template":"","meta":{"_kad_blocks_custom_css":"","_kad_blocks_head_custom_js":"","_kad_blocks_body_custom_js":"","_kad_blocks_footer_custom_js":"","_kad_post_transparent":"default","_kad_post_title":"","_kad_post_layout":"default","_kad_post_sidebar_id":"","_kad_post_content_style":"default","_kad_post_vertical_padding":"default","_kad_post_feature":"","_kad_post_feature_position":"","_kad_post_header":false,"_kad_post_footer":false,"_kad_post_classname":"","_daim_seo_power":"","_daim_enable_ail":""},"product_brand":[],"product_cat":[651],"product_tag":[],"class_list":{"0":"post-2414","1":"product","2":"type-product","3":"status-publish","4":"has-post-thumbnail","6":"product_cat-soap-gift-box","8":"first","9":"instock","10":"taxable","11":"shipping-taxable","12":"purchasable","13":"product-type-simple","14":"entry","15":"content-bg","16":"loop-entry"},"taxonomy_info":{"product_cat":[{"value":651,"label":"Soap Gift Box"}]},"featured_image_src_large":["https:\/\/holali.co.uk\/wp-content\/uploads\/2022\/08\/3756-2-1024x1024.jpeg",1024,1024,true],"author_info":[],"comment_info":0,"_links":{"self":[{"href":"https:\/\/holali.co.uk\/fr\/wp-json\/wp\/v2\/product\/2414","targetHints":{"allow":["GET"]}}],"collection":[{"href":"https:\/\/holali.co.uk\/fr\/wp-json\/wp\/v2\/product"}],"about":[{"href":"https:\/\/holali.co.uk\/fr\/wp-json\/wp\/v2\/types\/product"}],"replies":[{"embeddable":true,"href":"https:\/\/holali.co.uk\/fr\/wp-json\/wp\/v2\/comments?post=2414"}],"wp:featuredmedia":[{"embeddable":true,"href":"https:\/\/holali.co.uk\/fr\/wp-json\/wp\/v2\/media\/2415"}],"wp:attachment":[{"href":"https:\/\/holali.co.uk\/fr\/wp-json\/wp\/v2\/media?parent=2414"}],"wp:term":[{"taxonomy":"product_brand","embeddable":true,"href":"https:\/\/holali.co.uk\/fr\/wp-json\/wp\/v2\/product_brand?post=2414"},{"taxonomy":"product_cat","embeddable":true,"href":"https:\/\/holali.co.uk\/fr\/wp-json\/wp\/v2\/product_cat?post=2414"},{"taxonomy":"product_tag","embeddable":true,"href":"https:\/\/holali.co.uk\/fr\/wp-json\/wp\/v2\/product_tag?post=2414"}],"curies":[{"name":"wp","href":"https:\/\/api.w.org\/{rel}","templated":true}]}}