{"id":2412,"date":"2022-08-30T19:12:03","date_gmt":"2022-08-30T19:12:03","guid":{"rendered":"https:\/\/holali.local\/product\/set-of-9-soap-flowers-spring-roses\/"},"modified":"2025-09-15T01:31:38","modified_gmt":"2025-09-15T01:31:38","slug":"ensemble-de-9-fleurs-de-savon-roses-ressortes","status":"publish","type":"product","link":"https:\/\/holali.co.uk\/fr\/product\/9-yellow-roses-soap-flower\/","title":{"rendered":"9 roses jaunes Bo\u00eete-cadeau pour fleurs de savon"},"content":{"rendered":"<p>Take a look at these wonderful <strong>9 Yellow Roses Soap Flower<\/strong> arrangements; you will love them because they look just like actual flowers! Each bouquet is artistically arranged and beautifully presented in a gift package.<\/p>\n<p>Ce site <strong>9 Yellow Roses Soap Flower<\/strong> set will leave your skin soft, silky, and smelling wonderfully fresh. These <a href=\"https:\/\/holali.co.uk\/fr\/produit\/savon-fleur-bouqet-fleur-pourpre-jardin-2\/?wmc-currency=EUR\" title=\"Fleurs jaunes pourpres Cadeaux-savon\" target=\"_blank\" rel=\"noopener\"  data-wpil-monitor-id=\"962\">soap flowers are a perfect birthday gift<\/a>, wedding gift, Christmas gift, or just a little treat for yourself.<\/p>\n<p><strong>HOW TO USE YOUR 9 Yellow <a href=\"https:\/\/holali.co.uk\/fr\/produit\/set-of-9-soap-fleurs-pink-roses-2\/?wmc-currency=EUR\" title=\"9 Roses roses Bo\u00eete cadeau pour fleurs de savon\" target=\"_blank\" rel=\"noopener\"  data-wpil-monitor-id=\"972\">Roses Soap Flower?<\/a><\/strong><br \/>\nJust add one or two of the <strong>9 Yellow <a href=\"https:\/\/holali.co.uk\/fr\/produit\/set-de-9-savonnettes-boite-a-fleurs-peche-roses-2\/?wmc-currency=EUR\" title=\"Bo\u00eete cadeau de 9 roses de p\u00eache en forme de fleur de savon\" target=\"_blank\" rel=\"noopener\"  data-wpil-monitor-id=\"1004\">Roses Soap Flower<\/a><\/strong> to your warm bath, relax, and watch the cute flowers dissolve right before your very eyes. You will surely enjoy the colorful water and the delightful scent. Additionally, they make for a charming decoration in your hallway or bathroom.<\/p>\n<p><a href=\"https:\/\/holali.co.uk\/en\/product-category\/bath-products\/soap-flowers-bouquets\/\">VOIR D'AUTRES BOUQUETS DE FLEURS EN SAVON<\/a><\/p>","protected":false},"excerpt":{"rendered":"<p>Zea Mays (Amidon de ma\u00efs), Alcool polyvinylique, Aqua, Dod\u00e9cylsulfate de sodium, Cocamide DEA, Propyl\u00e8ne Glycol, Paraffinum Liquidum, Parfum, Methylisothiazolinone, (+\/- CI 16035, CI 19140, CI 42090, CI 18050, CI 16255, CI 45430, CI 15985)<\/p>","protected":false},"featured_media":2413,"comment_status":"open","ping_status":"closed","template":"","meta":{"_kad_blocks_custom_css":"","_kad_blocks_head_custom_js":"","_kad_blocks_body_custom_js":"","_kad_blocks_footer_custom_js":"","_kad_post_transparent":"default","_kad_post_title":"","_kad_post_layout":"default","_kad_post_sidebar_id":"","_kad_post_content_style":"default","_kad_post_vertical_padding":"default","_kad_post_feature":"","_kad_post_feature_position":"","_kad_post_header":false,"_kad_post_footer":false,"_kad_post_classname":"","_daim_seo_power":"","_daim_enable_ail":""},"product_brand":[],"product_cat":[651],"product_tag":[],"class_list":{"0":"post-2412","1":"product","2":"type-product","3":"status-publish","4":"has-post-thumbnail","6":"product_cat-soap-gift-box","8":"first","9":"instock","10":"taxable","11":"shipping-taxable","12":"purchasable","13":"product-type-simple","14":"entry","15":"content-bg","16":"loop-entry"},"taxonomy_info":{"product_cat":[{"value":651,"label":"Soap Gift Box"}]},"featured_image_src_large":["https:\/\/holali.co.uk\/wp-content\/uploads\/2022\/08\/3752-2-1024x1024.jpeg",1024,1024,true],"author_info":[],"comment_info":0,"_links":{"self":[{"href":"https:\/\/holali.co.uk\/fr\/wp-json\/wp\/v2\/product\/2412","targetHints":{"allow":["GET"]}}],"collection":[{"href":"https:\/\/holali.co.uk\/fr\/wp-json\/wp\/v2\/product"}],"about":[{"href":"https:\/\/holali.co.uk\/fr\/wp-json\/wp\/v2\/types\/product"}],"replies":[{"embeddable":true,"href":"https:\/\/holali.co.uk\/fr\/wp-json\/wp\/v2\/comments?post=2412"}],"wp:featuredmedia":[{"embeddable":true,"href":"https:\/\/holali.co.uk\/fr\/wp-json\/wp\/v2\/media\/2413"}],"wp:attachment":[{"href":"https:\/\/holali.co.uk\/fr\/wp-json\/wp\/v2\/media?parent=2412"}],"wp:term":[{"taxonomy":"product_brand","embeddable":true,"href":"https:\/\/holali.co.uk\/fr\/wp-json\/wp\/v2\/product_brand?post=2412"},{"taxonomy":"product_cat","embeddable":true,"href":"https:\/\/holali.co.uk\/fr\/wp-json\/wp\/v2\/product_cat?post=2412"},{"taxonomy":"product_tag","embeddable":true,"href":"https:\/\/holali.co.uk\/fr\/wp-json\/wp\/v2\/product_tag?post=2412"}],"curies":[{"name":"wp","href":"https:\/\/api.w.org\/{rel}","templated":true}]}}