{"id":2410,"date":"2022-08-30T19:12:03","date_gmt":"2022-08-30T19:12:03","guid":{"rendered":"https:\/\/holali.local\/product\/set-of-9-soap-flower-lavender-roses\/"},"modified":"2025-09-15T01:31:40","modified_gmt":"2025-09-15T01:31:40","slug":"set-de-9-fleurs-de-savon-lavande-roses-2","status":"publish","type":"product","link":"https:\/\/holali.co.uk\/fr\/product\/9-lavender-roses-soap-flower\/","title":{"rendered":"9 roses de lavande Bo\u00eete cadeau pour fleurs de savon"},"content":{"rendered":"<p>Discover the exquisite 9 Lavender Roses Soap Flower collection\u2014these luxurious soap flowers look just like real roses! Each bouquet is artistically arranged and elegantly presented in a gift package.<\/p>\n<p>This stunning 9 Lavender Roses Soap Flower set will leave your skin feeling soft, silky, and wonderfully fresh. Perfect for any occasion, these <a href=\"https:\/\/holali.co.uk\/fr\/produit\/ensemble-de-9-fleurs-de-savon-roses-ressortes\/?wmc-currency=EUR\" title=\"9 roses jaunes Bo\u00eete-cadeau pour fleurs de savon\" target=\"_blank\" rel=\"noopener\"  data-wpil-monitor-id=\"994\">soap flowers make an ideal birthday gift<\/a>, wedding gift, Christmas gift, or a delightful treat for yourself.<\/p>\n<p><strong>HOW TO USE YOUR 9 <a href=\"https:\/\/holali.co.uk\/fr\/produit\/set-de-3-savon-fleur-boite-coeur-lavande-roses-2\/?wmc-currency=EUR\" title=\"Bo\u00eete de 3 roses de savon \u00e0 la lavande\" target=\"_blank\" rel=\"noopener\"  data-wpil-monitor-id=\"1003\">Lavender Roses Soap<\/a> Flower:<\/strong> Simply add one or two of these beautiful lavender roses to your warm bath. Relax and watch as the charming flowers dissolve before your eyes, creating colorful water and an enchanting fragrance. Additionally, these soap flowers can serve as a lovely decorative touch in your hallway or bathroom.<\/p>\n<p><a href=\"https:\/\/holali.co.uk\/en\/product-category\/bath-products\/soap-flowers-bouquets\/\">VOIR D'AUTRES BOUQUETS DE FLEURS EN SAVON<\/a><\/p>","protected":false},"excerpt":{"rendered":"<p>Zea Mays (Amidon de ma\u00efs), Alcool polyvinylique, Aqua, Dod\u00e9cylsulfate de sodium, Cocamide DEA, Propyl\u00e8ne Glycol, Paraffinum Liquidum, Parfum, Methylisothiazolinone, (+\/- CI 16035, CI 19140, CI 42090, CI 18050, CI 16255, CI 45430, CI 15985)<\/p>","protected":false},"featured_media":2411,"comment_status":"open","ping_status":"closed","template":"","meta":{"_kad_blocks_custom_css":"","_kad_blocks_head_custom_js":"","_kad_blocks_body_custom_js":"","_kad_blocks_footer_custom_js":"","_kad_post_transparent":"default","_kad_post_title":"","_kad_post_layout":"default","_kad_post_sidebar_id":"","_kad_post_content_style":"default","_kad_post_vertical_padding":"default","_kad_post_feature":"","_kad_post_feature_position":"","_kad_post_header":false,"_kad_post_footer":false,"_kad_post_classname":"","_daim_seo_power":"","_daim_enable_ail":""},"product_brand":[],"product_cat":[651],"product_tag":[],"class_list":{"0":"post-2410","1":"product","2":"type-product","3":"status-publish","4":"has-post-thumbnail","6":"product_cat-soap-gift-box","8":"first","9":"instock","10":"taxable","11":"shipping-taxable","12":"purchasable","13":"product-type-simple","14":"entry","15":"content-bg","16":"loop-entry"},"taxonomy_info":{"product_cat":[{"value":651,"label":"Soap Gift Box"}]},"featured_image_src_large":["https:\/\/holali.co.uk\/wp-content\/uploads\/2022\/08\/3748-2-1024x1024.jpeg",1024,1024,true],"author_info":[],"comment_info":0,"_links":{"self":[{"href":"https:\/\/holali.co.uk\/fr\/wp-json\/wp\/v2\/product\/2410","targetHints":{"allow":["GET"]}}],"collection":[{"href":"https:\/\/holali.co.uk\/fr\/wp-json\/wp\/v2\/product"}],"about":[{"href":"https:\/\/holali.co.uk\/fr\/wp-json\/wp\/v2\/types\/product"}],"replies":[{"embeddable":true,"href":"https:\/\/holali.co.uk\/fr\/wp-json\/wp\/v2\/comments?post=2410"}],"wp:featuredmedia":[{"embeddable":true,"href":"https:\/\/holali.co.uk\/fr\/wp-json\/wp\/v2\/media\/2411"}],"wp:attachment":[{"href":"https:\/\/holali.co.uk\/fr\/wp-json\/wp\/v2\/media?parent=2410"}],"wp:term":[{"taxonomy":"product_brand","embeddable":true,"href":"https:\/\/holali.co.uk\/fr\/wp-json\/wp\/v2\/product_brand?post=2410"},{"taxonomy":"product_cat","embeddable":true,"href":"https:\/\/holali.co.uk\/fr\/wp-json\/wp\/v2\/product_cat?post=2410"},{"taxonomy":"product_tag","embeddable":true,"href":"https:\/\/holali.co.uk\/fr\/wp-json\/wp\/v2\/product_tag?post=2410"}],"curies":[{"name":"wp","href":"https:\/\/api.w.org\/{rel}","templated":true}]}}