{"id":2074,"date":"2022-08-30T19:10:55","date_gmt":"2022-08-30T19:10:55","guid":{"rendered":"https:\/\/holali.local\/product\/cold-flu-potion-bath-ball\/"},"modified":"2026-03-23T08:20:52","modified_gmt":"2026-03-23T08:20:52","slug":"cold-flu-potion-bath-ball","status":"publish","type":"product","link":"https:\/\/holali.co.uk\/fr\/product\/best-bath-bombs-for-cold\/","title":{"rendered":"Les meilleures bombes de bain pour le rhume et la grippe"},"content":{"rendered":"<h2><strong>Best Bath Bombs for Cold &amp; Flu Relief<\/strong><\/h2>\n<p>When you&#8217;re feeling under the weather, nothing beats a soothing bath to help you unwind and recover. Our <strong>best <a href=\"https:\/\/holali.co.uk\/fr\/product\/angel-delight-bath-bomb\/\">bath bombs<\/a> for cold and flu relief<\/strong> are specially crafted to support you during those tough days.<\/p>\n<p>Infused with a powerful duo of invigorating ginger and black pepper, these bath bombs work to warm your body from the inside out, easing muscle tension and boosting circulation. The added essence of <a href=\"https:\/\/holali.co.uk\/fr\/produit\/huile-de-massage-fraiche-menthe-poivree-100ml\/?wmc-currency=EUR\" title=\"Huile de massage fra\u00eeche \u00e0 la menthe poivr\u00e9e - 100ml\" target=\"_blank\" rel=\"noopener\"  data-wpil-monitor-id=\"1472\">eucalyptus essential oil<\/a> provides a calming, refreshing aroma that helps to clear your airways and relax your mind, creating a spa-like experience right in your own home.<\/p>\n<p><strong>Why Choose Our <a href=\"https:\/\/holali.co.uk\/fr\/produit\/melon-bain-bombe-180g-2\/?wmc-currency=EUR\" title=\"Melon Fizzy Bombs - 180g\" target=\"_blank\" rel=\"noopener\"  data-wpil-monitor-id=\"1587\">Relaxing Bath Bombs?<\/a><\/strong><\/p>\n<p>At Holali, we believe in the healing power of natural ingredients. Our <a href=\"https:\/\/holali.co.uk\/fr\/produit\/lotion-chauffante-bain-boule-2\/?wmc-currency=EUR\" title=\"Bombe de bain relaxante - Meilleure bombe de bain relaxante c\u00e2line\"  data-wpil-monitor-id=\"794\">l'aromath\u00e9rapie bombes pour le bain<\/a> are made with pure citric acid, which not only softens your bathwater but also enhances the delivery of essential oils, ensuring you get the full therapeutic benefits. What <a href=\"https:\/\/holali.co.uk\/fr\/produit\/set-de-trois-bombes-a-bain-tonique-2\/?wmc-currency=EUR\" title=\"Lot de trois bombes de bain Gin &amp; Tonic\" target=\"_blank\" rel=\"noopener\"  data-wpil-monitor-id=\"1116\">sets our bath bombs<\/a> apart is the unique combination of our best-selling aromatherapy bath salts and a rejuvenating blend of essential oils.<\/p>\n<p>This formula is designed to offer a truly invigorating and <a href=\"https:\/\/holali.co.uk\/fr\/produit\/chocolat-orange-bain-bombe-180g\/?wmc-currency=EUR\" title=\"Bombes p\u00e9tillantes au chocolat et \u00e0 l&#039;orange - 180g\" target=\"_blank\" rel=\"noopener\"  data-wpil-monitor-id=\"1291\">relaxing bath experience<\/a>, perfect for when you need to escape from the discomforts of a cold or flu. Whether you&#8217;re looking to soothe sore muscles, clear your sinuses, or simply enjoy a moment of peace, our bath bombs provide the ultimate remedy for both body and mind.<\/p>\n<p>Besoin d'une id\u00e9e de cadeau ? <a href=\"https:\/\/holali.co.uk\/fr\/produits-pour-le-bain\/savon-fleurs-bouquets\/boite-a-savon\/?wmc-currency=EUR\">CLIQUEZ ICI<\/a><\/p>","protected":false},"excerpt":{"rendered":"<p>Best Bath Bombs for Cold &amp; Flu Relief When you&#8217;re feeling under the weather, nothing beats a soothing bath to help you unwind and recover. Our best bath bombs for cold and flu relief are specially crafted to support you during those tough days. Infused with a powerful duo of invigorating ginger and black pepper,&#8230;<\/p>","protected":false},"featured_media":2075,"comment_status":"open","ping_status":"closed","template":"","meta":{"_kad_blocks_custom_css":"","_kad_blocks_head_custom_js":"","_kad_blocks_body_custom_js":"","_kad_blocks_footer_custom_js":"","_kad_post_transparent":"default","_kad_post_title":"","_kad_post_layout":"default","_kad_post_sidebar_id":"","_kad_post_content_style":"default","_kad_post_vertical_padding":"default","_kad_post_feature":"","_kad_post_feature_position":"","_kad_post_header":false,"_kad_post_footer":false,"_kad_post_classname":"","_daim_seo_power":"","_daim_enable_ail":""},"product_brand":[],"product_cat":[260,681],"product_tag":[],"class_list":{"0":"post-2074","1":"product","2":"type-product","3":"status-publish","4":"has-post-thumbnail","6":"product_cat-aromatherapy-bath-bombs","7":"product_cat-vegan-aromatherapy-bath-bombs","9":"first","10":"instock","11":"taxable","12":"shipping-taxable","13":"purchasable","14":"product-type-simple","15":"entry","16":"content-bg","17":"loop-entry"},"taxonomy_info":{"product_cat":[{"value":260,"label":"Aromatherapy Bath Bombs"},{"value":681,"label":"Vegan Aromatherapy Bath Bombs"}]},"featured_image_src_large":["https:\/\/holali.co.uk\/wp-content\/uploads\/2022\/08\/2788-2.jpeg",500,500,false],"author_info":[],"comment_info":3,"_links":{"self":[{"href":"https:\/\/holali.co.uk\/fr\/wp-json\/wp\/v2\/product\/2074","targetHints":{"allow":["GET"]}}],"collection":[{"href":"https:\/\/holali.co.uk\/fr\/wp-json\/wp\/v2\/product"}],"about":[{"href":"https:\/\/holali.co.uk\/fr\/wp-json\/wp\/v2\/types\/product"}],"replies":[{"embeddable":true,"href":"https:\/\/holali.co.uk\/fr\/wp-json\/wp\/v2\/comments?post=2074"}],"wp:featuredmedia":[{"embeddable":true,"href":"https:\/\/holali.co.uk\/fr\/wp-json\/wp\/v2\/media\/2075"}],"wp:attachment":[{"href":"https:\/\/holali.co.uk\/fr\/wp-json\/wp\/v2\/media?parent=2074"}],"wp:term":[{"taxonomy":"product_brand","embeddable":true,"href":"https:\/\/holali.co.uk\/fr\/wp-json\/wp\/v2\/product_brand?post=2074"},{"taxonomy":"product_cat","embeddable":true,"href":"https:\/\/holali.co.uk\/fr\/wp-json\/wp\/v2\/product_cat?post=2074"},{"taxonomy":"product_tag","embeddable":true,"href":"https:\/\/holali.co.uk\/fr\/wp-json\/wp\/v2\/product_tag?post=2074"}],"curies":[{"name":"wp","href":"https:\/\/api.w.org\/{rel}","templated":true}]}}