{"id":10783,"date":"2022-10-29T15:49:25","date_gmt":"2022-10-29T15:49:25","guid":{"rendered":"https:\/\/holali.co.uk\/?post_type=product&#038;p=10783"},"modified":"2025-09-14T23:15:05","modified_gmt":"2025-09-14T23:15:05","slug":"17-coffrets-de-bains-incroyables-pour-votre-prochaine-escapade","status":"publish","type":"product","link":"https:\/\/holali.co.uk\/fr\/product\/17-amazing-pcs-pampering-boxes\/","title":{"rendered":"Incroyable Coffrets de Bains de D\u00e9tente de 17 Pi\u00e8ces Pour Votre Prochaine Escapade"},"content":{"rendered":"<h2>Incroyable Coffrets de Bains de D\u00e9tente de 17 Pi\u00e8ces Pour Votre Prochaine Escapade<\/h2>\n<p><a href=\"https:\/\/holali.co.uk\/wp-content\/uploads\/2022\/10\/pampering-boxes-5.jpeg\"><img loading=\"lazy\" decoding=\"async\" class=\"alignnone size-medium wp-image-11482\" src=\"https:\/\/holali.co.uk\/wp-content\/uploads\/2022\/10\/pampering-boxes-5-300x300.jpeg\" alt=\"bo\u00eetes de soins\" width=\"300\" height=\"300\" title=\"\" srcset=\"https:\/\/holali.co.uk\/wp-content\/uploads\/2022\/10\/pampering-boxes-5-300x300.jpeg 300w, https:\/\/holali.co.uk\/wp-content\/uploads\/2022\/10\/pampering-boxes-5-1024x1024.jpeg 1024w, https:\/\/holali.co.uk\/wp-content\/uploads\/2022\/10\/pampering-boxes-5-150x150.jpeg 150w, https:\/\/holali.co.uk\/wp-content\/uploads\/2022\/10\/pampering-boxes-5-768x768.jpeg 768w, https:\/\/holali.co.uk\/wp-content\/uploads\/2022\/10\/pampering-boxes-5-1536x1536.jpeg 1536w, https:\/\/holali.co.uk\/wp-content\/uploads\/2022\/10\/pampering-boxes-5-12x12.jpeg 12w, https:\/\/holali.co.uk\/wp-content\/uploads\/2022\/10\/pampering-boxes-5-465x465.jpeg 465w, https:\/\/holali.co.uk\/wp-content\/uploads\/2022\/10\/pampering-boxes-5-100x100.jpeg 100w, https:\/\/holali.co.uk\/wp-content\/uploads\/2022\/10\/pampering-boxes-5-930x930.jpeg 930w, https:\/\/holali.co.uk\/wp-content\/uploads\/2022\/10\/pampering-boxes-5-154x154.jpeg 154w, https:\/\/holali.co.uk\/wp-content\/uploads\/2022\/10\/pampering-boxes-5-77x77.jpeg 77w, https:\/\/holali.co.uk\/wp-content\/uploads\/2022\/10\/pampering-boxes-5.jpeg 1600w\" sizes=\"auto, (max-width: 300px) 100vw, 300px\" \/><\/a><\/p>\n<p>Ces coffrets \"chouchout\u00e9s\" pour votre salle de bain changeront le reste de votre exp\u00e9rience de bain simplement en ajoutant des sels de bain organiques calmants aux huiles essentielles.<\/p>\n<p>Une douche quotidienne se r\u00e9v\u00e9lera \u00eatre un rituel de nettoyage attrayant pour votre corps et votre \u00e2me qui combine des min\u00e9raux naturels et des ar\u00f4mes parfaitement m\u00e9lang\u00e9s.<\/p>\n<p>Les \"box chouchout\u00e9es\" sont le moyen id\u00e9al de donner \u00e0 quelqu\u2019un un cadeau qu\u2019il aimera.<\/p>\n<p>They make a perfect <a title=\"13 Roses de savon roses excellent cadeau de Saint-Valentin\" href=\"https:\/\/holali.co.uk\/fr\/produit\/13-savon-rose-roses-excellent-cadeau-de-ventine\/?wmc-currency=EUR\" data-wpil-monitor-id=\"819\">gift for any occasion such as valentine&#8217;s<\/a> day, mother&#8217;s day, birthdays, anniversaries, wedding favors, and more.<\/p>\n<p>Ils sont \u00e9galement parfaits pour partir en vacances ou juste le besoin de prendre soin de vous.<\/p>\n<p>The 17 Pcs Must-Have <a title=\"Bo\u00eete cadeau en savon 5 pi\u00e8ces - La solution pour votre prochaine occasion\" href=\"https:\/\/holali.co.uk\/fr\/produit\/coffret-cadeau-savons-5-pieces\/?wmc-currency=EUR\" data-wpil-monitor-id=\"1\">Pampering Boxes<\/a> are great spa gift boxes to give your loved ones and include items such as:<\/p>\n<p><a title=\"9 Roses rouges Bo\u00eete-cadeau pour fleurs de savon\" href=\"https:\/\/holali.co.uk\/fr\/produit\/set-de-9-fleurs-de-savon-rouges-roses-2\/?wmc-currency=EUR\" data-wpil-monitor-id=\"820\">rose blossom soap<\/a>, sunflower soap, and more!<\/p>\n<h4>Savon floral pour le meilleur Bouquet de savon fait \u00e0 la main<\/h4>\n<h6>Il y a de nombreux avantages \u00e0 utiliser des p\u00e9tales de fleurs de savon comme parfum.<\/h6>\n<p>Hot water could be a <a title=\"Meilleures senteurs de bombes de bain, bombes de bain pour femmes\" href=\"https:\/\/holali.co.uk\/fr\/produit\/passion-potion-bain-boule\/?wmc-currency=EUR\" data-wpil-monitor-id=\"822\">popular way to enhance the scent<\/a>, as it will create a relaxing and stimulating result on the skin.<\/p>\n<p>Non seulement cela fonctionnera bien pour les gens qui aiment se d\u00e9tendre dans les climats chauds, mais il serait \u00e9galement parfait pour ceux qui aiment avoir un parfum \u00e9difiant autour d\u2019eux.<\/p>\n<h5>Qu'y-at-il dans nos \u00e9l\u00e9gantes box chouchout\u00e9es pour elle?<\/h5>\n<ul>\n<li>\u00a0Ylang-ylang, lemon, and orange <a title=\"Bombes de bain au sel de mer et \u00e0 la mousse de charbon de bois - 180g\" href=\"https:\/\/holali.co.uk\/fr\/produit\/charbon-de-bois-bombes-de-bain-sel-mousse-230g-2\/?wmc-currency=EUR\" data-wpil-monitor-id=\"157\">sea salt bath<\/a> 350g &#8211; Our rejuvenating sea salt bath is made using a blend of pure essential oils.<\/li>\n<\/ul>\n<p>Ce site <a title=\"Bombe de bain relaxante - Meilleure bombe de bain relaxante c\u00e2line\" href=\"https:\/\/holali.co.uk\/fr\/produit\/lotion-chauffante-bain-boule-2\/?wmc-currency=EUR\" data-wpil-monitor-id=\"821\">Bath Potion will relax<\/a> and energize you, along with clearing your mind.<\/p>\n<ul>\n<li>8 Soap Roses &#8211; Drop the <a title=\"Mini baignoire en c\u00e9ramique - Orange\" href=\"https:\/\/holali.co.uk\/fr\/produit\/ceramique-mini-souris-orange-2\/?wmc-currency=EUR\" data-wpil-monitor-id=\"823\">soap roses in the bathtub<\/a>, and they will dissolve into foam. Lightly scented and available in an array of colors.<\/li>\n<\/ul>\n<ul>\n<li>8 <a title=\"Savon \u00e0 l&#039;\u00e9glantier unique et adapt\u00e9 aux peaux sensibles\" href=\"https:\/\/holali.co.uk\/fr\/produit\/huile-de-rose-musquee-olive-soap-glace-2\/?wmc-currency=EUR\" data-wpil-monitor-id=\"833\">Soap<\/a> Sunflowers &#8211; You can make your unique floral creations with our soap sunflowers and use them in the bathtub to transform them into fragrant soap.<\/li>\n<\/ul>\n<p>Use strong scents along with different <a title=\"Pain de savon multicolore l\u00e9ger\" href=\"https:\/\/holali.co.uk\/fr\/produit\/light-multicolor-soap-bar\/?wmc-currency=EUR\" data-wpil-monitor-id=\"832\">colors to produce amazing soap<\/a> bouquets.<\/p>\n<p>Voir plus de <a href=\"https:\/\/holali.co.uk\/fr\/idees-cadeaux\/bath-gift-sets\/pamper-boxes\/?wmc-currency=EUR\" target=\"_blank\" rel=\"noopener noreferrer\">COFFRETS CADEAUX CHOUCHOUTES<\/a><\/p>","protected":false},"excerpt":{"rendered":"<p>17 Amazing Pcs Pampering Boxes For Your Next Getaway These pampering boxes for your bathroom will change the rest of your bathing experience simply by adding calming organic bath salts and essential oils. An everyday shower will turn out to be an attractive cleansing ritual for your body and soul that combines natural minerals and&#8230;<\/p>","protected":false},"featured_media":11485,"comment_status":"open","ping_status":"closed","template":"","meta":{"_kad_blocks_custom_css":"","_kad_blocks_head_custom_js":"","_kad_blocks_body_custom_js":"","_kad_blocks_footer_custom_js":"","_kad_post_transparent":"default","_kad_post_title":"","_kad_post_layout":"default","_kad_post_sidebar_id":"","_kad_post_content_style":"default","_kad_post_vertical_padding":"default","_kad_post_feature":"","_kad_post_feature_position":"","_kad_post_header":false,"_kad_post_footer":false,"_kad_post_classname":"","_daim_seo_power":"1000","_daim_enable_ail":"1"},"product_brand":[],"product_cat":[716,718],"product_tag":[],"class_list":{"0":"post-10783","1":"product","2":"type-product","3":"status-publish","4":"has-post-thumbnail","6":"product_cat-black-friday","7":"product_cat-pamper-boxes","9":"first","10":"instock","11":"sale","12":"taxable","13":"shipping-taxable","14":"purchasable","15":"product-type-simple","16":"entry","17":"content-bg","18":"loop-entry"},"taxonomy_info":{"product_cat":[{"value":716,"label":"Black Friday"},{"value":718,"label":"Pamper Boxes"}]},"featured_image_src_large":["https:\/\/holali.co.uk\/wp-content\/uploads\/2022\/10\/pampering-boxes-1024x1024.jpeg",1024,1024,true],"author_info":[],"comment_info":0,"_links":{"self":[{"href":"https:\/\/holali.co.uk\/fr\/wp-json\/wp\/v2\/product\/10783","targetHints":{"allow":["GET"]}}],"collection":[{"href":"https:\/\/holali.co.uk\/fr\/wp-json\/wp\/v2\/product"}],"about":[{"href":"https:\/\/holali.co.uk\/fr\/wp-json\/wp\/v2\/types\/product"}],"replies":[{"embeddable":true,"href":"https:\/\/holali.co.uk\/fr\/wp-json\/wp\/v2\/comments?post=10783"}],"wp:featuredmedia":[{"embeddable":true,"href":"https:\/\/holali.co.uk\/fr\/wp-json\/wp\/v2\/media\/11485"}],"wp:attachment":[{"href":"https:\/\/holali.co.uk\/fr\/wp-json\/wp\/v2\/media?parent=10783"}],"wp:term":[{"taxonomy":"product_brand","embeddable":true,"href":"https:\/\/holali.co.uk\/fr\/wp-json\/wp\/v2\/product_brand?post=10783"},{"taxonomy":"product_cat","embeddable":true,"href":"https:\/\/holali.co.uk\/fr\/wp-json\/wp\/v2\/product_cat?post=10783"},{"taxonomy":"product_tag","embeddable":true,"href":"https:\/\/holali.co.uk\/fr\/wp-json\/wp\/v2\/product_tag?post=10783"}],"curies":[{"name":"wp","href":"https:\/\/api.w.org\/{rel}","templated":true}]}}