{"id":10775,"date":"2022-10-28T12:53:20","date_gmt":"2022-10-28T12:53:20","guid":{"rendered":"https:\/\/holali.co.uk\/?post_type=product&#038;p=10775"},"modified":"2025-11-08T20:14:18","modified_gmt":"2025-11-08T20:14:18","slug":"coffret-cadeau-savons-5-pieces","status":"publish","type":"product","link":"https:\/\/holali.co.uk\/fr\/product\/soap-gift-box-solution-5pcs\/","title":{"rendered":"Coffret Cadeau de Savons de 5 Pi\u00e8ces  \u2013 La Solution Pour Votre Prochaine Occasion"},"content":{"rendered":"<h2>Bo\u00eete cadeau en savon 5 pi\u00e8ces - La solution pour votre prochaine occasion<\/h2>\n<p><img loading=\"lazy\" decoding=\"async\" class=\"alignnone size-medium wp-image-11486\" src=\"https:\/\/holali.co.uk\/wp-content\/uploads\/2022\/10\/Soap-Gift-Box-300x300.jpeg\" alt=\"Savon Bo\u00eete-Cadeau\" width=\"300\" height=\"300\" title=\"\" srcset=\"https:\/\/holali.co.uk\/wp-content\/uploads\/2022\/10\/Soap-Gift-Box-300x300.jpeg 300w, https:\/\/holali.co.uk\/wp-content\/uploads\/2022\/10\/Soap-Gift-Box-1024x1024.jpeg 1024w, https:\/\/holali.co.uk\/wp-content\/uploads\/2022\/10\/Soap-Gift-Box-150x150.jpeg 150w, https:\/\/holali.co.uk\/wp-content\/uploads\/2022\/10\/Soap-Gift-Box-768x768.jpeg 768w, https:\/\/holali.co.uk\/wp-content\/uploads\/2022\/10\/Soap-Gift-Box-1536x1536.jpeg 1536w, https:\/\/holali.co.uk\/wp-content\/uploads\/2022\/10\/Soap-Gift-Box-12x12.jpeg 12w, https:\/\/holali.co.uk\/wp-content\/uploads\/2022\/10\/Soap-Gift-Box-465x465.jpeg 465w, https:\/\/holali.co.uk\/wp-content\/uploads\/2022\/10\/Soap-Gift-Box-100x100.jpeg 100w, https:\/\/holali.co.uk\/wp-content\/uploads\/2022\/10\/Soap-Gift-Box-930x930.jpeg 930w, https:\/\/holali.co.uk\/wp-content\/uploads\/2022\/10\/Soap-Gift-Box-154x154.jpeg 154w, https:\/\/holali.co.uk\/wp-content\/uploads\/2022\/10\/Soap-Gift-Box-77x77.jpeg 77w, https:\/\/holali.co.uk\/wp-content\/uploads\/2022\/10\/Soap-Gift-Box.jpeg 1600w\" sizes=\"auto, (max-width: 300px) 100vw, 300px\" \/><\/p>\n<p>N'offrez que le meilleur \u00e0 votre peau avec notre coffret cadeau de savon \u00e0 l'huile d'olive !<\/p>\n<p>Ces savons \u00e0 l'huile d'olive sont fabriqu\u00e9s \u00e0 la main selon une m\u00e9thode \u00e9prouv\u00e9e de traitement \u00e0 froid. Fabriqu\u00e9s avec de l'huile d'olive de haute qualit\u00e9, ils sont exempts de SLS et d'autres produits chimiques. <a href=\"https:\/\/en.wikipedia.org\/wiki\/Paraben\" target=\"_blank\" rel=\"noopener\">parabens<\/a>Ces savons peuvent aider \u00e0 prot\u00e9ger la peau et \u00e0 am\u00e9liorer sa douceur et sa jeunesse. Chaque savon poss\u00e8de des propri\u00e9t\u00e9s particuli\u00e8res li\u00e9es aux huiles essentielles et autres ingr\u00e9dients naturels qu'il contient et convient \u00e0 tous les types de peau.<\/p>\n<p>This is the suitable <a title=\"14 roses de savon blanches pour Addicted to Soaps\" href=\"https:\/\/holali.co.uk\/fr\/produit\/14-savon-blanc-roses-pour-les-addicts-de-savon\/?wmc-currency=EUR\" data-wpil-monitor-id=\"215\">soap gift box<\/a> for the skin that we will provide specifically to you.<\/p>\n<ul>\n<li><a title=\"Savon \u00e0 l&#039;orange et \u00e0 la cannelle pour la sant\u00e9 des mains, des pieds et du corps\" href=\"https:\/\/holali.co.uk\/fr\/produit\/cannelle-orange-olive-huile-savon-glace-2\/?wmc-currency=EUR\" data-wpil-monitor-id=\"321\">Orange &amp; cinnamon soap for healthy hands<\/a>, feet, and body 100g &#8211; This cold process soap includes ground cinnamon, which helps exfoliate the skin, restore it, and soften it. Orange might help to defend and silken the skin, supplying it with moisture and vital vitamin C.<\/li>\n<li><a title=\"Savon \u00e0 l&#039;\u00e9glantier unique et adapt\u00e9 aux peaux sensibles\" href=\"https:\/\/holali.co.uk\/fr\/produit\/huile-de-rose-musquee-olive-soap-glace-2\/?wmc-currency=EUR\" data-wpil-monitor-id=\"307\">Unique and sensitive-skin-friendly Rosehip Soap<\/a> 100g &#8211; Our natural soap with Rosehip pulp is a very rich source of vitamins A, C, and E, flavonoids, and other bioactive compounds. It also has quite a few <a href=\"https:\/\/holali.co.uk\/fr\/produit\/aromatherapie-bain-de-karite-90g-menthe-poivree\/?wmc-currency=EUR\" title=\"Huile essentielle de menthe poivr\u00e9e et beurre de karit\u00e9 brut 90g\" target=\"_blank\" rel=\"noopener\" data-wpil-monitor-id=\"1387\">essential fatty acids<\/a>, which is rare for a fruit. Rosehip oil is believed to help tone and refine the skin, even its complexion, and contribute the pleasant scent of roses to the skin.<\/li>\n<li><a title=\"Savon aux herbes et \u00e0 l&#039;huile d&#039;olive pour une peau douce et propre\" href=\"https:\/\/holali.co.uk\/fr\/produit\/savon-herbe-avec-huile-dolive-herbe-de-grace\/?wmc-currency=EUR\" data-wpil-monitor-id=\"282\">Herb soap with olive oil for soft<\/a>, clean skin 100g &#8211; The antimicrobial and anti-inflammatory effects of rue oil may help your skin in countering the substances that wind up causing aging. These properties will preserve your young and healthy skin, and we call it the soap cure.<\/li>\n<li>Lavender body <a title=\"Savon au beurre de karit\u00e9 pour une peau douce et tendre\" href=\"https:\/\/holali.co.uk\/fr\/produit\/savon-au-beurre-de-karite-et-a-lhuile-dolive\/?wmc-currency=EUR\" data-wpil-monitor-id=\"308\">soap for skin softness<\/a> and smoothness 100 g &#8211; Lavender essential oil is believed to have a healing result due to its tannin content and may so protect against skin infection. Its essential oil gives lavender <a href=\"https:\/\/holali.co.uk\/fr\/produit\/boite-main-savon-fleur-bouquet-rouge\/?wmc-currency=EUR\" title=\"Bo\u00eete cadeau de savon rouge avec roses et \u0153illets\" target=\"_blank\" rel=\"noopener\" data-wpil-monitor-id=\"1102\">soap a calming and soothing fragrance<\/a>. Oil for the face like lavender makes our lavender soap the ultimate <a title=\"Savon au gingembre et clou de girofle Produit de soin ultime pour la peau\" href=\"https:\/\/holali.co.uk\/fr\/produit\/savon-au-gingembre-et-girofle-produit-de-soin-de-la-peau-ultime-2\/?wmc-currency=EUR\" data-wpil-monitor-id=\"108\">soap bar for skin care<\/a>.<\/li>\n<li>In our <a title=\"Savon \u00e0 la lavande pour une peau douce et lisse\" href=\"https:\/\/holali.co.uk\/fr\/produit\/savon-lavande-avec-huile-olive\/?wmc-currency=EUR\" data-wpil-monitor-id=\"290\">olive oil soap<\/a> set you&#8217;ll have an oval soap dish for showering in Mahogany &#8211; A top-notch mahogany soap dish model, hand crafted with drainage holes and perforations, is an excellent alternative to more conventional soaps.<\/li>\n<\/ul>\n<h4>Quels avantages votre peau tirera-t-elle de notre pain de savon press\u00e9 \u00e0 froid ?<\/h4>\n<p>As you noticed, on our <a title=\"9 Pink Soap Roses The Best Bathing Present\" href=\"https:\/\/holali.co.uk\/fr\/produit\/9-savon-rose-roses-le-meilleur-present-de-bain\/?wmc-currency=EUR\" data-wpil-monitor-id=\"229\">soap gift box<\/a> each soap has a specific purpose, and for any skin condition.<\/p>\n<ol>\n<li>Savon anti-\u00e2ge \u00e0 base de plantes.<\/li>\n<li>Meilleur parfum avec des huiles de parfum naturelles avec l'orange et la cannelle.<\/li>\n<li>R\u00e9sultats curatifs avec l'huile pour le visage dans notre savon \u00e0 la lavande<\/li>\n<\/ol>\n<p>Voir d'autres coffrets de savon faits main dans notre section <a href=\"https:\/\/holali.co.uk\/fr\/idees-cadeaux\/?wmc-currency=EUR\" target=\"_blank\" rel=\"noopener noreferrer\">Section IDEES CADEAUX<\/a><\/p>","protected":false},"excerpt":{"rendered":"<p>5 Pcs\u00a0Soap Gift Box &#8211; The Solution For Your Next Occasion Only give your skin the best with our olive oil soap gift box! These olive oil soaps are handcrafted using a well-established cold-process method. Made with high-quality olive oil and free of SLS and parabens, these soaps can help give protection to the skin&#8230;<\/p>","protected":false},"featured_media":11486,"comment_status":"open","ping_status":"closed","template":"","meta":{"_kad_blocks_custom_css":"","_kad_blocks_head_custom_js":"","_kad_blocks_body_custom_js":"","_kad_blocks_footer_custom_js":"","_kad_post_transparent":"default","_kad_post_title":"","_kad_post_layout":"default","_kad_post_sidebar_id":"","_kad_post_content_style":"default","_kad_post_vertical_padding":"default","_kad_post_feature":"","_kad_post_feature_position":"","_kad_post_header":false,"_kad_post_footer":false,"_kad_post_classname":"","_daim_seo_power":"","_daim_enable_ail":""},"product_brand":[],"product_cat":[716,651],"product_tag":[],"class_list":{"0":"post-10775","1":"product","2":"type-product","3":"status-publish","4":"has-post-thumbnail","6":"product_cat-black-friday","7":"product_cat-soap-gift-box","9":"first","10":"instock","11":"sale","12":"taxable","13":"shipping-taxable","14":"purchasable","15":"product-type-simple","16":"entry","17":"content-bg","18":"loop-entry"},"taxonomy_info":{"product_cat":[{"value":716,"label":"Black Friday"},{"value":651,"label":"Soap Gift Box"}]},"featured_image_src_large":["https:\/\/holali.co.uk\/wp-content\/uploads\/2022\/10\/Soap-Gift-Box-1024x1024.jpeg",1024,1024,true],"author_info":[],"comment_info":0,"_links":{"self":[{"href":"https:\/\/holali.co.uk\/fr\/wp-json\/wp\/v2\/product\/10775","targetHints":{"allow":["GET"]}}],"collection":[{"href":"https:\/\/holali.co.uk\/fr\/wp-json\/wp\/v2\/product"}],"about":[{"href":"https:\/\/holali.co.uk\/fr\/wp-json\/wp\/v2\/types\/product"}],"replies":[{"embeddable":true,"href":"https:\/\/holali.co.uk\/fr\/wp-json\/wp\/v2\/comments?post=10775"}],"wp:featuredmedia":[{"embeddable":true,"href":"https:\/\/holali.co.uk\/fr\/wp-json\/wp\/v2\/media\/11486"}],"wp:attachment":[{"href":"https:\/\/holali.co.uk\/fr\/wp-json\/wp\/v2\/media?parent=10775"}],"wp:term":[{"taxonomy":"product_brand","embeddable":true,"href":"https:\/\/holali.co.uk\/fr\/wp-json\/wp\/v2\/product_brand?post=10775"},{"taxonomy":"product_cat","embeddable":true,"href":"https:\/\/holali.co.uk\/fr\/wp-json\/wp\/v2\/product_cat?post=10775"},{"taxonomy":"product_tag","embeddable":true,"href":"https:\/\/holali.co.uk\/fr\/wp-json\/wp\/v2\/product_tag?post=10775"}],"curies":[{"name":"wp","href":"https:\/\/api.w.org\/{rel}","templated":true}]}}