{"id":10766,"date":"2022-10-27T15:38:58","date_gmt":"2022-10-27T15:38:58","guid":{"rendered":"https:\/\/holali.co.uk\/?post_type=product&#038;p=10766"},"modified":"2026-03-23T08:18:24","modified_gmt":"2026-03-23T08:18:24","slug":"6-ensembles-de-bain-de-luxe-pour-femmes","status":"publish","type":"product","link":"https:\/\/holali.co.uk\/fr\/product\/6-luxurious-pcs-bath-sets-for-women\/","title":{"rendered":"6 Ensembles de Bain de Luxe Pour les Femmes"},"content":{"rendered":"<h2>6 ensembles de bain luxueux pour femmes<\/h2>\n<p><img loading=\"lazy\" decoding=\"async\" class=\"alignnone size-medium wp-image-11488\" src=\"https:\/\/holali.co.uk\/wp-content\/uploads\/2022\/10\/Bath-Gift-Set-300x300.jpeg\" alt=\"Ensemble-Cadeau De Bain\" width=\"300\" height=\"300\" title=\"\" srcset=\"https:\/\/holali.co.uk\/wp-content\/uploads\/2022\/10\/Bath-Gift-Set-300x300.jpeg 300w, https:\/\/holali.co.uk\/wp-content\/uploads\/2022\/10\/Bath-Gift-Set-1024x1024.jpeg 1024w, https:\/\/holali.co.uk\/wp-content\/uploads\/2022\/10\/Bath-Gift-Set-150x150.jpeg 150w, https:\/\/holali.co.uk\/wp-content\/uploads\/2022\/10\/Bath-Gift-Set-768x768.jpeg 768w, https:\/\/holali.co.uk\/wp-content\/uploads\/2022\/10\/Bath-Gift-Set-1536x1536.jpeg 1536w, https:\/\/holali.co.uk\/wp-content\/uploads\/2022\/10\/Bath-Gift-Set-12x12.jpeg 12w, https:\/\/holali.co.uk\/wp-content\/uploads\/2022\/10\/Bath-Gift-Set-465x465.jpeg 465w, https:\/\/holali.co.uk\/wp-content\/uploads\/2022\/10\/Bath-Gift-Set-100x100.jpeg 100w, https:\/\/holali.co.uk\/wp-content\/uploads\/2022\/10\/Bath-Gift-Set-930x930.jpeg 930w, https:\/\/holali.co.uk\/wp-content\/uploads\/2022\/10\/Bath-Gift-Set-154x154.jpeg 154w, https:\/\/holali.co.uk\/wp-content\/uploads\/2022\/10\/Bath-Gift-Set-77x77.jpeg 77w, https:\/\/holali.co.uk\/wp-content\/uploads\/2022\/10\/Bath-Gift-Set.jpeg 1600w\" sizes=\"auto, (max-width: 300px) 100vw, 300px\" \/><\/p>\n<p>Dans nos sets de bain pour femmes, vous recevrez 1 bombe de bain, 1 set de savon fleuri, 1 savon et 1 bougie dans un pot, et c'est un cadeau cosm\u00e9tique parfait.<\/p>\n<ul>\n<li>3 <a href=\"https:\/\/holali.co.uk\/fr\/product\/white-pink-soap-bar\/\">Savon rose<\/a> Roses Box &#8211; You can also try adding one or two flowers to your bath to delight in the pretty pink flowers dissolving. After you take a warm bath, your skin will be left soft. And the scent of the soap will be amazing.<\/li>\n<li>Coconut Pineapple Fruit <a href=\"https:\/\/holali.co.uk\/fr\/product\/angel-delight-bath-bomb\/\">Bombes de Bain<\/a> massive 180 grams &#8211; With our tropical fruit <a title=\"Bombes de Bain Effervescentes Dolly Blue\" href=\"https:\/\/holali.co.uk\/fr\/produit\/bain-fizzer-dolly-blue-2\/?wmc-currency=EUR\" data-wpil-monitor-id=\"152\">bath fizzer<\/a> by now, you may be whisked away to an exotic location behind your eyelids, thanks to the Bubble Bath Bomb&#8217;s tropical vibes.<\/li>\n<\/ul>\n<p>Sa g\u00e9n\u00e9reuse portion de beurre de coco hydrate et lisse votre peau pour une exp\u00e9rience de bain intens\u00e9ment rafra\u00eechissante.<\/p>\n<ul>\n<li><a title=\"Pain de savon \u00e0 la lavande pour les mains et la peau s\u00e8ches\" href=\"https:\/\/holali.co.uk\/fr\/produit\/lavender-bar-soap-for-dry-hands-skin\/?wmc-currency=EUR\" data-wpil-monitor-id=\"128\">Lavender Bar Soap<\/a> for Dry Hands &amp; Skin 115g &#8211; Made with lavender oil, which was used for its antiseptic and anti-inflammatory properties.<\/li>\n<\/ul>\n<p>Le site <a href=\"https:\/\/holali.co.uk\/fr\/produit\/aromatherapie-bain-de-karite-90g-menthe-poivree\/?wmc-currency=EUR\" title=\"Huile essentielle de menthe poivr\u00e9e et beurre de karit\u00e9 brut 90g\" target=\"_blank\" rel=\"noopener\"  data-wpil-monitor-id=\"1389\">lavender essential oil<\/a> traditionally promotes a state of mind of relaxation and calmness.<\/p>\n<ul>\n<li>Bougie de cire de soja Whiskey &amp; Woodsmoke dans un pot en b\u00e9ton 30 heures- Assez unique pour \u00e9gayer le design de votre maison, cette bougie cosm\u00e9tique dans un pot rustique en b\u00e9ton est un cadeau inspir\u00e9 pour un ami ou un membre de la famille.<\/li>\n<\/ul>\n<h5>Coffrets de bain de luxe : Coffrets de bain de luxe pour elle<\/h5>\n<p>Notre coffret cadeau spa de luxe est tout simplement incroyable avec cette bougie. Voir toutes ses caract\u00e9ristiques suivantes :<\/p>\n<ul>\n<li>Comme vous le remarquerez, le fond du pot a \u00e9t\u00e9 rembourr\u00e9 de feutre pour \u00e9viter les rayures.<\/li>\n<li>La m\u00e8che de la bougie vacillante est en bois naturel, et le son naturel cr\u00e9e une atmosph\u00e8re apaisante.<\/li>\n<li>Cette bougie est r\u00e9utilisable comme pot \u00e0 plantes et peut constituer un excellent article de d\u00e9coration int\u00e9rieure.<\/li>\n<li>Temps de combustion 30 heures.<\/li>\n<\/ul>\n<p>Voir plus de <a href=\"https:\/\/holali.co.uk\/fr\/idees-cadeaux\/?wmc-currency=EUR\" target=\"_blank\" rel=\"noopener noreferrer\">DES ID\u00c9ES DE CADEAUX<\/a> pour hommes et femmes, comme un ensemble de bain, un panier cadeau, un bouquet de fleurs.<\/p>","protected":false},"excerpt":{"rendered":"<p>6 Luxurious Bath Sets For Women In our bath sets for women, you will get 1 Bath Bomb, 1 Soap set Flower, 1 Soap, and 1 Candle in a jar, and it&#8217;s a perfect cosmetic gift. 3 Pink Soap Roses Box &#8211; You can also try adding one or two flowers to your bath to&#8230;<\/p>","protected":false},"featured_media":11488,"comment_status":"open","ping_status":"closed","template":"","meta":{"_kad_blocks_custom_css":"","_kad_blocks_head_custom_js":"","_kad_blocks_body_custom_js":"","_kad_blocks_footer_custom_js":"","_kad_post_transparent":"default","_kad_post_title":"","_kad_post_layout":"default","_kad_post_sidebar_id":"","_kad_post_content_style":"default","_kad_post_vertical_padding":"default","_kad_post_feature":"","_kad_post_feature_position":"","_kad_post_header":false,"_kad_post_footer":false,"_kad_post_classname":"","_daim_seo_power":"","_daim_enable_ail":""},"product_brand":[],"product_cat":[716,718],"product_tag":[],"class_list":{"0":"post-10766","1":"product","2":"type-product","3":"status-publish","4":"has-post-thumbnail","6":"product_cat-black-friday","7":"product_cat-pamper-boxes","9":"first","10":"instock","11":"sale","12":"taxable","13":"shipping-taxable","14":"purchasable","15":"product-type-simple","16":"entry","17":"content-bg","18":"loop-entry"},"taxonomy_info":{"product_cat":[{"value":716,"label":"Black Friday"},{"value":718,"label":"Pamper Boxes"}]},"featured_image_src_large":["https:\/\/holali.co.uk\/wp-content\/uploads\/2022\/10\/Bath-Gift-Set-1024x1024.jpeg",1024,1024,true],"author_info":[],"comment_info":2,"_links":{"self":[{"href":"https:\/\/holali.co.uk\/fr\/wp-json\/wp\/v2\/product\/10766","targetHints":{"allow":["GET"]}}],"collection":[{"href":"https:\/\/holali.co.uk\/fr\/wp-json\/wp\/v2\/product"}],"about":[{"href":"https:\/\/holali.co.uk\/fr\/wp-json\/wp\/v2\/types\/product"}],"replies":[{"embeddable":true,"href":"https:\/\/holali.co.uk\/fr\/wp-json\/wp\/v2\/comments?post=10766"}],"wp:featuredmedia":[{"embeddable":true,"href":"https:\/\/holali.co.uk\/fr\/wp-json\/wp\/v2\/media\/11488"}],"wp:attachment":[{"href":"https:\/\/holali.co.uk\/fr\/wp-json\/wp\/v2\/media?parent=10766"}],"wp:term":[{"taxonomy":"product_brand","embeddable":true,"href":"https:\/\/holali.co.uk\/fr\/wp-json\/wp\/v2\/product_brand?post=10766"},{"taxonomy":"product_cat","embeddable":true,"href":"https:\/\/holali.co.uk\/fr\/wp-json\/wp\/v2\/product_cat?post=10766"},{"taxonomy":"product_tag","embeddable":true,"href":"https:\/\/holali.co.uk\/fr\/wp-json\/wp\/v2\/product_tag?post=10766"}],"curies":[{"name":"wp","href":"https:\/\/api.w.org\/{rel}","templated":true}]}}