{"id":10754,"date":"2022-10-27T10:44:23","date_gmt":"2022-10-27T10:44:23","guid":{"rendered":"https:\/\/holali.co.uk\/?post_type=product&#038;p=10754"},"modified":"2026-03-23T08:19:55","modified_gmt":"2026-03-23T08:19:55","slug":"coffret-de-bombes-de-bain-6-parfums-xxxl-differents-a-choisir","status":"publish","type":"product","link":"https:\/\/holali.co.uk\/fr\/product\/bath-bomb-set-6-xxxl-different-smells\/","title":{"rendered":"Coffret de Bombes de Bain \u2013 6 Parfums XXXL  Diff\u00e9rents \u00e0 Choisir!"},"content":{"rendered":"<h2>Coffret de Bombes de Bain \u2013 6 Parfums XXXL  Diff\u00e9rents \u00e0 Choisir!<\/h2>\n<p><img loading=\"lazy\" decoding=\"async\" class=\"alignnone size-medium wp-image-11504\" src=\"https:\/\/holali.co.uk\/wp-content\/uploads\/2022\/10\/bath-bomb-set-holali-300x300.jpg\" alt=\"bombe de bain set holali\" width=\"300\" height=\"300\" title=\"\" srcset=\"https:\/\/holali.co.uk\/wp-content\/uploads\/2022\/10\/bath-bomb-set-holali-300x300.jpg 300w, https:\/\/holali.co.uk\/wp-content\/uploads\/2022\/10\/bath-bomb-set-holali-1024x1024.jpg 1024w, https:\/\/holali.co.uk\/wp-content\/uploads\/2022\/10\/bath-bomb-set-holali-150x150.jpg 150w, https:\/\/holali.co.uk\/wp-content\/uploads\/2022\/10\/bath-bomb-set-holali-768x768.jpg 768w, https:\/\/holali.co.uk\/wp-content\/uploads\/2022\/10\/bath-bomb-set-holali-1536x1536.jpg 1536w, https:\/\/holali.co.uk\/wp-content\/uploads\/2022\/10\/bath-bomb-set-holali-12x12.jpg 12w, https:\/\/holali.co.uk\/wp-content\/uploads\/2022\/10\/bath-bomb-set-holali-465x465.jpg 465w, https:\/\/holali.co.uk\/wp-content\/uploads\/2022\/10\/bath-bomb-set-holali-100x100.jpg 100w, https:\/\/holali.co.uk\/wp-content\/uploads\/2022\/10\/bath-bomb-set-holali-930x930.jpg 930w, https:\/\/holali.co.uk\/wp-content\/uploads\/2022\/10\/bath-bomb-set-holali-154x154.jpg 154w, https:\/\/holali.co.uk\/wp-content\/uploads\/2022\/10\/bath-bomb-set-holali-77x77.jpg 77w, https:\/\/holali.co.uk\/wp-content\/uploads\/2022\/10\/bath-bomb-set-holali.jpg 1600w\" sizes=\"auto, (max-width: 300px) 100vw, 300px\" \/><\/p>\n<p>Notre coffret de bombes de bain est compos\u00e9 d'ingr\u00e9dients enti\u00e8rement naturels et ne contient ni plastique ni parfum synth\u00e9tique, ce qui permet de l'utiliser en toute s\u00e9curit\u00e9 dans la baignoire ou la douche. Avec cet ensemble, vous pouvez choisir parmi 6 parfums diff\u00e9rents, dont Pavlova aux fraises, Orange douce, Mangue, Noix de coco, Fruit du dragon et Pomelo.<\/p>\n<h5>Coffret de bombes de bain My Best<\/h5>\n<p>The colorful and scented Bath Bomb set will give you an amazing bath time experience. It includes the following massive fizzy <a href=\"https:\/\/holali.co.uk\/fr\/produit\/funky-bath-bomb-125g-bubble-gum\/?wmc-currency=EUR\" title=\"Bubble Gum Luxury Bath Bomb\" target=\"_blank\" rel=\"noopener\"  data-wpil-monitor-id=\"1433\">bombs with essential oil<\/a> and dry ingredients such as baking soda and Epsom salts.<\/p>\n<ul>\n<li>Sweet <a title=\"Bombe de bain Halloween au fenouil et \u00e0 l&#039;orange\" href=\"https:\/\/holali.co.uk\/fr\/produit\/fenouil-orange-bain-dhalloween-bombe\/?wmc-currency=EUR\" data-wpil-monitor-id=\"115\">Orange Bath Bomb<\/a> 180 grams &#8211; Refreshing zesty orange fizzy bath bomb, made with the scent of this cocktail, lets you soak in that scent as you bathe.<\/li>\n<li><a title=\"Boules de Bain Effervescentes \u00e0 la Mangue\" href=\"https:\/\/holali.co.uk\/fr\/produit\/hawaiian-mango-bath-bomb-180g-2\/?wmc-currency=EUR\" data-wpil-monitor-id=\"569\">Boules de Bain Effervescentes \u00e0 la Mangue<\/a> 180g &#8211; Mass fizzy bomb infused with mango fragrance makes a tropical ambiance, is so tender, and you will imagine yourself on a sandy beach.<\/li>\n<li><a title=\"Boule Effervescente \u00e0 la Fraise\" href=\"https:\/\/holali.co.uk\/fr\/produit\/fraise-pavlova-rouge-blanche-bombe-de-bain-180g-2\/?wmc-currency=EUR\" data-wpil-monitor-id=\"395\">Strawberry Pavlova Fizzy Bomb<\/a> 180g &#8211; This dessert bomb cosmetic is top quality, beautiful, and suits your tastes. Our strawberry pavlova <a title=\"Flocons de Sel de Bain Coco 200g\" href=\"https:\/\/holali.co.uk\/fr\/produit\/noix-de-coco-creme-bain-poussiere-200g\/?wmc-currency=EUR\" data-wpil-monitor-id=\"160\">bath bomb<\/a> will leave your skin soft and smelling good with coconut and shea butter!<\/li>\n<li>Party Girl <a href=\"https:\/\/holali.co.uk\/fr\/product\/bath-fizzer-provence\/\">Fizzy Bombs<\/a> 180g &#8211; Tonight, we are on the razz, so get ready to party with a high-quality <a title=\"Bombe de bain Halloween \u00e0 l&#039;anis\" href=\"https:\/\/holali.co.uk\/fr\/produit\/anis-bain-dhalloween-bombe\/?wmc-currency=EUR\" data-wpil-monitor-id=\"116\">bath fizz called Party Girl Fizzy Bombs<\/a>.<\/li>\n<li><a title=\"Bombe de bain Halloween \u00e0 la noix de coco et au citron vert\" href=\"https:\/\/holali.co.uk\/fr\/produit\/coconut-lime-halloween-bain-bombe\/?wmc-currency=EUR\" data-wpil-monitor-id=\"117\">Coconut<\/a> Dragon Fruit Fruity <a href=\"https:\/\/holali.co.uk\/fr\/product\/angel-delight-bath-bomb\/\">Bombes de Bain<\/a> 180g &#8211; This XXXL dessert bath bomb smells great, with a generous portion of Coconut Butter to ensure it is smoother on your skin, with colorful peelings that provide a gentle massage as you soak in the shower. <a href=\"https:\/\/commons.wikimedia.org\/wiki\/Category:Pitaya\" target=\"_blank\" rel=\"noopener\">Fruit du dragon<\/a> (\u00e9galement connu sous le nom de Pitaya) est un fruit de cactus au parfum sucr\u00e9 et juteux, parfois d\u00e9crit comme un croisement entre un kiwi et une poire.<\/li>\n<li>Coconut Pomelo Fruit <a title=\"Bombes de bain au sel de mer et \u00e0 la mousse de charbon de bois - 180g\" href=\"https:\/\/holali.co.uk\/fr\/produit\/charbon-de-bois-bombes-de-bain-sel-mousse-230g-2\/?wmc-currency=EUR\" data-wpil-monitor-id=\"155\">Bath Bombs 180g<\/a> &#8211; Pomelo is the largest of the citrus fruits, with a clean fruity fragrance that&#8217;s sharp and sweet. There&#8217;s a generous amount of Coconut Butter within this <a title=\"16 pcs Bombe de Bain au Sel de l&#039;Himalaya -Revitalisation de la Peau\" href=\"https:\/\/holali.co.uk\/fr\/produit\/bombe-de-bain-au-sel-de-lhimalaya\/?wmc-currency=EUR\" data-wpil-monitor-id=\"214\">bath bomb to lather up your skin<\/a> besides the colors of tropical shower decorations to help cleanse you while you are having a bath.<\/li>\n<\/ul>\n<h5><strong>CARACT\u00c9RISTIQUES DE NOTRE COFFRET CADEAU DE BOMBES DE BAIN DE LUXE :<\/strong><\/h5>\n<ul>\n<li><a href=\"https:\/\/holali.co.uk\/fr\/product\/white-pink-soap-bar\/\">Vegan<\/a> friendly<\/li>\n<li>R\u00e9duction du plastique<\/li>\n<\/ul>\n<p>Voir plus de <a href=\"https:\/\/holali.co.uk\/fr\/idees-cadeaux\/?wmc-currency=EUR\" target=\"_blank\" rel=\"noopener noreferrer\">COFFRETS DE BOMBES DE BAIN<\/a><\/p>","protected":false},"excerpt":{"rendered":"<p>Bath Bomb Set &#8211; 6 XXXL Different Smells to Choose From! Our Bath Bomb Set is made of all-natural ingredients and contains no plastic or synthetic fragrance, so it is safe to use in the tub or shower. With this set, you can choose from 6 different scents, including Strawberry Pavlova, Sweet Orange, Mango, Coconut,&#8230;<\/p>","protected":false},"featured_media":11504,"comment_status":"open","ping_status":"closed","template":"","meta":{"_kad_blocks_custom_css":"","_kad_blocks_head_custom_js":"","_kad_blocks_body_custom_js":"","_kad_blocks_footer_custom_js":"","_kad_post_transparent":"default","_kad_post_title":"","_kad_post_layout":"default","_kad_post_sidebar_id":"","_kad_post_content_style":"default","_kad_post_vertical_padding":"default","_kad_post_feature":"","_kad_post_feature_position":"","_kad_post_header":false,"_kad_post_footer":false,"_kad_post_classname":"","_daim_seo_power":"","_daim_enable_ail":""},"product_brand":[],"product_cat":[716,291],"product_tag":[],"class_list":{"0":"post-10754","1":"product","2":"type-product","3":"status-publish","4":"has-post-thumbnail","6":"product_cat-black-friday","7":"product_cat-bath-bomb-gift-sets","9":"first","10":"instock","11":"sale","12":"taxable","13":"shipping-taxable","14":"purchasable","15":"product-type-simple","16":"entry","17":"content-bg","18":"loop-entry"},"taxonomy_info":{"product_cat":[{"value":716,"label":"Black Friday"},{"value":291,"label":"Bath Bomb Gift Sets"}]},"featured_image_src_large":["https:\/\/holali.co.uk\/wp-content\/uploads\/2022\/10\/bath-bomb-set-holali-1024x1024.jpg",1024,1024,true],"author_info":[],"comment_info":2,"_links":{"self":[{"href":"https:\/\/holali.co.uk\/fr\/wp-json\/wp\/v2\/product\/10754","targetHints":{"allow":["GET"]}}],"collection":[{"href":"https:\/\/holali.co.uk\/fr\/wp-json\/wp\/v2\/product"}],"about":[{"href":"https:\/\/holali.co.uk\/fr\/wp-json\/wp\/v2\/types\/product"}],"replies":[{"embeddable":true,"href":"https:\/\/holali.co.uk\/fr\/wp-json\/wp\/v2\/comments?post=10754"}],"wp:featuredmedia":[{"embeddable":true,"href":"https:\/\/holali.co.uk\/fr\/wp-json\/wp\/v2\/media\/11504"}],"wp:attachment":[{"href":"https:\/\/holali.co.uk\/fr\/wp-json\/wp\/v2\/media?parent=10754"}],"wp:term":[{"taxonomy":"product_brand","embeddable":true,"href":"https:\/\/holali.co.uk\/fr\/wp-json\/wp\/v2\/product_brand?post=10754"},{"taxonomy":"product_cat","embeddable":true,"href":"https:\/\/holali.co.uk\/fr\/wp-json\/wp\/v2\/product_cat?post=10754"},{"taxonomy":"product_tag","embeddable":true,"href":"https:\/\/holali.co.uk\/fr\/wp-json\/wp\/v2\/product_tag?post=10754"}],"curies":[{"name":"wp","href":"https:\/\/api.w.org\/{rel}","templated":true}]}}