{"id":10638,"date":"2022-10-18T15:05:18","date_gmt":"2022-10-18T15:05:18","guid":{"rendered":"https:\/\/holali.co.uk\/?post_type=product&#038;p=10638"},"modified":"2025-07-19T13:27:26","modified_gmt":"2025-07-19T13:27:26","slug":"savon-frais-citron-vegan-sur-une-rope","status":"publish","type":"product","link":"https:\/\/holali.co.uk\/fr\/product\/fresh-citrus-vegan-soap-on-a-rope\/","title":{"rendered":"Savon v\u00e9g\u00e9talien sur corde aux agrumes frais"},"content":{"rendered":"<h2>Savon v\u00e9g\u00e9talien sur corde aux agrumes frais<\/h2>\n<p><a href=\"https:\/\/holali.co.uk\/wp-content\/uploads\/2022\/10\/fresh-citrus-vegan-soap-on-a-rope.jpeg\"><img loading=\"lazy\" decoding=\"async\" class=\"alignnone size-medium wp-image-11547\" src=\"https:\/\/holali.co.uk\/wp-content\/uploads\/2022\/10\/fresh-citrus-vegan-soap-on-a-rope-300x300.jpeg\" alt=\"Fresh Citrus Vegan Soap\" width=\"300\" height=\"300\" title=\"\" srcset=\"https:\/\/holali.co.uk\/wp-content\/uploads\/2022\/10\/fresh-citrus-vegan-soap-on-a-rope-300x300.jpeg 300w, https:\/\/holali.co.uk\/wp-content\/uploads\/2022\/10\/fresh-citrus-vegan-soap-on-a-rope-1024x1024.jpeg 1024w, https:\/\/holali.co.uk\/wp-content\/uploads\/2022\/10\/fresh-citrus-vegan-soap-on-a-rope-150x150.jpeg 150w, https:\/\/holali.co.uk\/wp-content\/uploads\/2022\/10\/fresh-citrus-vegan-soap-on-a-rope-768x768.jpeg 768w, https:\/\/holali.co.uk\/wp-content\/uploads\/2022\/10\/fresh-citrus-vegan-soap-on-a-rope-1536x1536.jpeg 1536w, https:\/\/holali.co.uk\/wp-content\/uploads\/2022\/10\/fresh-citrus-vegan-soap-on-a-rope-12x12.jpeg 12w, https:\/\/holali.co.uk\/wp-content\/uploads\/2022\/10\/fresh-citrus-vegan-soap-on-a-rope-465x465.jpeg 465w, https:\/\/holali.co.uk\/wp-content\/uploads\/2022\/10\/fresh-citrus-vegan-soap-on-a-rope-100x100.jpeg 100w, https:\/\/holali.co.uk\/wp-content\/uploads\/2022\/10\/fresh-citrus-vegan-soap-on-a-rope-930x930.jpeg 930w, https:\/\/holali.co.uk\/wp-content\/uploads\/2022\/10\/fresh-citrus-vegan-soap-on-a-rope-154x154.jpeg 154w, https:\/\/holali.co.uk\/wp-content\/uploads\/2022\/10\/fresh-citrus-vegan-soap-on-a-rope-77x77.jpeg 77w, https:\/\/holali.co.uk\/wp-content\/uploads\/2022\/10\/fresh-citrus-vegan-soap-on-a-rope.jpeg 1600w\" sizes=\"auto, (max-width: 300px) 100vw, 300px\" \/><\/a><\/p>\n<p>Dites adieu aux pains de savon qui glissent dans votre baignoire gr\u00e2ce \u00e0 notre magnifique savon sur corde.  Il suffit de l'accrocher \u00e0 la douche ou aux robinets et le tour est jou\u00e9.<\/p>\n<p>Nous ajoutons du beurre de coco \u00e0 nos savons pour apporter \u00e0 votre peau l'hydratation dont elle a besoin. C'est un savon id\u00e9al pour le visage et le corps qui nettoie et adoucit la peau en douceur mais efficacement.<\/p>\n<p>Nos savons sont press\u00e9s \u00e0 froid en petits lots et coup\u00e9s \u00e0 la main dans notre usine de production de Sheffield.<\/p>\n<p><strong>CARACT\u00c9RISTIQUES :\u00a0<\/strong><\/p>\n<ul>\n<li>v\u00e9g\u00e9talien et d\u00e9finitivement<\/li>\n<li>non test\u00e9 sur les animaux<\/li>\n<li>Sans SLS<\/li>\n<li>sans parabens ni conservateurs.<\/li>\n<li>L'emballage est recyclable et 100% biod\u00e9gradable.<\/li>\n<\/ul>","protected":false},"excerpt":{"rendered":"<p>Fresh Citrus Vegan Soap On A Rope Say goodbye to bars of soap slipping in your bathtub with our beautiful Soap on a Rope. \u00a0Just hang off the shower or on the taps and you are good to go. We add coconut butter to our soaps to give your skin the moisture it needs. It&#8230;<\/p>","protected":false},"featured_media":11547,"comment_status":"open","ping_status":"closed","template":"","meta":{"_kad_blocks_custom_css":"","_kad_blocks_head_custom_js":"","_kad_blocks_body_custom_js":"","_kad_blocks_footer_custom_js":"","_kad_post_transparent":"default","_kad_post_title":"","_kad_post_layout":"default","_kad_post_sidebar_id":"","_kad_post_content_style":"default","_kad_post_vertical_padding":"default","_kad_post_feature":"","_kad_post_feature_position":"","_kad_post_header":false,"_kad_post_footer":false,"_kad_post_classname":"","_daim_seo_power":"","_daim_enable_ail":""},"product_brand":[],"product_cat":[712],"product_tag":[],"class_list":{"0":"post-10638","1":"product","2":"type-product","3":"status-publish","4":"has-post-thumbnail","6":"product_cat-vegan-soap-on-a-rope","8":"first","9":"instock","10":"taxable","11":"shipping-taxable","12":"purchasable","13":"product-type-simple","14":"entry","15":"content-bg","16":"loop-entry"},"taxonomy_info":{"product_cat":[{"value":712,"label":"Vegan Soap On A Rope"}]},"featured_image_src_large":["https:\/\/holali.co.uk\/wp-content\/uploads\/2022\/10\/fresh-citrus-vegan-soap-on-a-rope-1024x1024.jpeg",1024,1024,true],"author_info":[],"comment_info":0,"_links":{"self":[{"href":"https:\/\/holali.co.uk\/fr\/wp-json\/wp\/v2\/product\/10638","targetHints":{"allow":["GET"]}}],"collection":[{"href":"https:\/\/holali.co.uk\/fr\/wp-json\/wp\/v2\/product"}],"about":[{"href":"https:\/\/holali.co.uk\/fr\/wp-json\/wp\/v2\/types\/product"}],"replies":[{"embeddable":true,"href":"https:\/\/holali.co.uk\/fr\/wp-json\/wp\/v2\/comments?post=10638"}],"wp:featuredmedia":[{"embeddable":true,"href":"https:\/\/holali.co.uk\/fr\/wp-json\/wp\/v2\/media\/11547"}],"wp:attachment":[{"href":"https:\/\/holali.co.uk\/fr\/wp-json\/wp\/v2\/media?parent=10638"}],"wp:term":[{"taxonomy":"product_brand","embeddable":true,"href":"https:\/\/holali.co.uk\/fr\/wp-json\/wp\/v2\/product_brand?post=10638"},{"taxonomy":"product_cat","embeddable":true,"href":"https:\/\/holali.co.uk\/fr\/wp-json\/wp\/v2\/product_cat?post=10638"},{"taxonomy":"product_tag","embeddable":true,"href":"https:\/\/holali.co.uk\/fr\/wp-json\/wp\/v2\/product_tag?post=10638"}],"curies":[{"name":"wp","href":"https:\/\/api.w.org\/{rel}","templated":true}]}}