{"id":10610,"date":"2022-10-18T14:15:10","date_gmt":"2022-10-18T14:15:10","guid":{"rendered":"https:\/\/holali.co.uk\/?post_type=product&#038;p=10610"},"modified":"2024-10-03T20:53:05","modified_gmt":"2024-10-03T20:53:05","slug":"savon-marocain-handmade-vegan-140g","status":"publish","type":"product","link":"https:\/\/holali.co.uk\/fr\/product\/moroccan-handmade-vegan-soap-140g\/","title":{"rendered":"Savon v\u00e9g\u00e9tal marocain fait \u00e0 la main - 140g"},"content":{"rendered":"<h2>Savon v\u00e9g\u00e9tal marocain fait \u00e0 la main - 140g<\/h2>\n<p>Nous ajoutons du beurre de coco \u00e0 nos savons pour apporter \u00e0 votre peau l'hydratation dont elle a besoin. C'est un savon id\u00e9al pour le visage et le corps qui nettoie et adoucit la peau en douceur mais efficacement. Nos savons sont press\u00e9s \u00e0 froid en petits lots et coup\u00e9s \u00e0 la main dans notre usine de production de Sheffield.<\/p>\n<p><strong>CARACT\u00c9RISTIQUES :\u00a0<\/strong><\/p>\n<ul>\n<li>v\u00e9g\u00e9talien et d\u00e9finitivement<\/li>\n<li>non test\u00e9 sur les animaux<\/li>\n<li>Sans SLS<\/li>\n<li>sans parabens ni conservateurs.<\/li>\n<li>L'emballage est recyclable et 100% biod\u00e9gradable.<\/li>\n<\/ul>","protected":false},"excerpt":{"rendered":"<p>Moroccan Handmade Vegan Soap &#8211; 140g We add coconut butter to our soaps to give your skin the moisture it needs. It is ideal as a face and body soap that gently but effectively cleanses and softens the skin. Our soaps are cold pressed in small batches and hand cut in our production facility in&#8230;<\/p>","protected":false},"featured_media":11452,"comment_status":"open","ping_status":"closed","template":"","meta":{"_kad_blocks_custom_css":"","_kad_blocks_head_custom_js":"","_kad_blocks_body_custom_js":"","_kad_blocks_footer_custom_js":"","_kad_post_transparent":"default","_kad_post_title":"","_kad_post_layout":"default","_kad_post_sidebar_id":"","_kad_post_content_style":"default","_kad_post_vertical_padding":"default","_kad_post_feature":"","_kad_post_feature_position":"","_kad_post_header":false,"_kad_post_footer":false,"_kad_post_classname":"","_daim_seo_power":"","_daim_enable_ail":""},"product_brand":[],"product_cat":[706],"product_tag":[],"class_list":{"0":"post-10610","1":"product","2":"type-product","3":"status-publish","4":"has-post-thumbnail","6":"product_cat-vegan-handmade-soaps","8":"first","9":"instock","10":"taxable","11":"shipping-taxable","12":"purchasable","13":"product-type-simple","14":"entry","15":"content-bg","16":"loop-entry"},"taxonomy_info":{"product_cat":[{"value":706,"label":"Vegan Handmade Soaps"}]},"featured_image_src_large":["https:\/\/holali.co.uk\/wp-content\/uploads\/2022\/10\/vegan-soap-465x465-1.png",465,465,false],"author_info":[],"comment_info":0,"_links":{"self":[{"href":"https:\/\/holali.co.uk\/fr\/wp-json\/wp\/v2\/product\/10610","targetHints":{"allow":["GET"]}}],"collection":[{"href":"https:\/\/holali.co.uk\/fr\/wp-json\/wp\/v2\/product"}],"about":[{"href":"https:\/\/holali.co.uk\/fr\/wp-json\/wp\/v2\/types\/product"}],"replies":[{"embeddable":true,"href":"https:\/\/holali.co.uk\/fr\/wp-json\/wp\/v2\/comments?post=10610"}],"wp:featuredmedia":[{"embeddable":true,"href":"https:\/\/holali.co.uk\/fr\/wp-json\/wp\/v2\/media\/11452"}],"wp:attachment":[{"href":"https:\/\/holali.co.uk\/fr\/wp-json\/wp\/v2\/media?parent=10610"}],"wp:term":[{"taxonomy":"product_brand","embeddable":true,"href":"https:\/\/holali.co.uk\/fr\/wp-json\/wp\/v2\/product_brand?post=10610"},{"taxonomy":"product_cat","embeddable":true,"href":"https:\/\/holali.co.uk\/fr\/wp-json\/wp\/v2\/product_cat?post=10610"},{"taxonomy":"product_tag","embeddable":true,"href":"https:\/\/holali.co.uk\/fr\/wp-json\/wp\/v2\/product_tag?post=10610"}],"curies":[{"name":"wp","href":"https:\/\/api.w.org\/{rel}","templated":true}]}}