{"id":10605,"date":"2022-10-18T13:38:16","date_gmt":"2022-10-18T13:38:16","guid":{"rendered":"https:\/\/holali.co.uk\/?post_type=product&#038;p=10605"},"modified":"2024-10-03T20:53:05","modified_gmt":"2024-10-03T20:53:05","slug":"cruelty-free-cleaners-red-clay-mask-80g","status":"publish","type":"product","link":"https:\/\/holali.co.uk\/fr\/product\/cruelty-free-cleansers-red-clay-mask-80g\/","title":{"rendered":"Cruelty Free Cleansers Masque d'argile rouge - 80g"},"content":{"rendered":"<h2>Cruelty Free Cleansers Masque d'argile rouge - 80g<\/h2>\n<p>Depuis des si\u00e8cles, l'argile est utilis\u00e9e \u00e0 des fins m\u00e9dicinales et cosm\u00e9tiques dans de nombreuses cultures. De nos jours, les masques \u00e0 l'argile sont utilis\u00e9s pour traiter efficacement les probl\u00e8mes de peau. Nos masques \u00e0 l'argile d\u00e9boucheront vos pores, rafra\u00eechiront votre teint et revitaliseront votre peau. Chaque masque facial a un but et des avantages sp\u00e9cifiques et est pr\u00e9sent\u00e9 dans une jolie bo\u00eete en aluminium avec une pochette en carton gaufr\u00e9.<\/p>","protected":false},"excerpt":{"rendered":"<p>Cruelty Free Cleansers Red Clay Mask &#8211; 80g For centuries, clay has been used for medicinal and cosmetic purposes in many cultures. Nowadays, clay face masks are used as effective treatments for skin problems. Our Clay Face Masks will unblock your pores, refresh your complexion and revitalize your skin. Each face mask has a specific&#8230;<\/p>","protected":false},"featured_media":11541,"comment_status":"open","ping_status":"closed","template":"","meta":{"_kad_blocks_custom_css":"","_kad_blocks_head_custom_js":"","_kad_blocks_body_custom_js":"","_kad_blocks_footer_custom_js":"","_kad_post_transparent":"default","_kad_post_title":"","_kad_post_layout":"default","_kad_post_sidebar_id":"","_kad_post_content_style":"default","_kad_post_vertical_padding":"default","_kad_post_feature":"","_kad_post_feature_position":"","_kad_post_header":false,"_kad_post_footer":false,"_kad_post_classname":"","_daim_seo_power":"","_daim_enable_ail":""},"product_brand":[],"product_cat":[693],"product_tag":[],"class_list":{"0":"post-10605","1":"product","2":"type-product","3":"status-publish","4":"has-post-thumbnail","6":"product_cat-vegan-facial-skin-care","8":"first","9":"instock","10":"taxable","11":"shipping-taxable","12":"purchasable","13":"product-type-simple","14":"entry","15":"content-bg","16":"loop-entry"},"taxonomy_info":{"product_cat":[{"value":693,"label":"Vegan Facial Skin Care"}]},"featured_image_src_large":["https:\/\/holali.co.uk\/wp-content\/uploads\/2022\/10\/vegan-Red-Clay-Mask-465x465-1.jpeg",465,465,false],"author_info":[],"comment_info":0,"_links":{"self":[{"href":"https:\/\/holali.co.uk\/fr\/wp-json\/wp\/v2\/product\/10605","targetHints":{"allow":["GET"]}}],"collection":[{"href":"https:\/\/holali.co.uk\/fr\/wp-json\/wp\/v2\/product"}],"about":[{"href":"https:\/\/holali.co.uk\/fr\/wp-json\/wp\/v2\/types\/product"}],"replies":[{"embeddable":true,"href":"https:\/\/holali.co.uk\/fr\/wp-json\/wp\/v2\/comments?post=10605"}],"wp:featuredmedia":[{"embeddable":true,"href":"https:\/\/holali.co.uk\/fr\/wp-json\/wp\/v2\/media\/11541"}],"wp:attachment":[{"href":"https:\/\/holali.co.uk\/fr\/wp-json\/wp\/v2\/media?parent=10605"}],"wp:term":[{"taxonomy":"product_brand","embeddable":true,"href":"https:\/\/holali.co.uk\/fr\/wp-json\/wp\/v2\/product_brand?post=10605"},{"taxonomy":"product_cat","embeddable":true,"href":"https:\/\/holali.co.uk\/fr\/wp-json\/wp\/v2\/product_cat?post=10605"},{"taxonomy":"product_tag","embeddable":true,"href":"https:\/\/holali.co.uk\/fr\/wp-json\/wp\/v2\/product_tag?post=10605"}],"curies":[{"name":"wp","href":"https:\/\/api.w.org\/{rel}","templated":true}]}}