{"id":10193,"date":"2022-10-06T08:46:39","date_gmt":"2022-10-06T08:46:39","guid":{"rendered":"https:\/\/holali.co.uk\/?post_type=product&#038;p=10193"},"modified":"2025-07-17T21:55:40","modified_gmt":"2025-07-17T21:55:40","slug":"coconut-lime-halloween-bain-bombe","status":"publish","type":"product","link":"https:\/\/holali.co.uk\/fr\/product\/coconut-lime-halloween-bath-bomb\/","title":{"rendered":"Bombe de bain Halloween \u00e0 la noix de coco et au citron vert"},"content":{"rendered":"<h2><strong>Bombe de bain Halloween \u00e0 la noix de coco et au citron vert<\/strong><\/h2>\n<p>Get ready to indulge in a spooky yet refreshing bath experience with our new special hand-made <strong>Bombe de bain Halloween \u00e0 la noix de coco et au citron vert<\/strong>. Designed to bring the perfect blend of fun and relaxation to your Halloween festivities, this bath bomb is a must-have for anyone looking to elevate their seasonal self-care routine.<\/p>\n<p>Adorably crafted with a charming pumpkin design, these <a href=\"https:\/\/holali.co.uk\/fr\/product\/angel-delight-bath-bomb\/\">bath bombs<\/a> are more cute than creepy, making them ideal for all ages. Whether you&#8217;re treating yourself or surprising a fellow Halloween lover, these vividly <a href=\"https:\/\/holali.co.uk\/fr\/produit\/bain-oeufs-panier-melange\/?wmc-currency=EUR\" title=\"Oeufs de P\u00e2ques de couleurs m\u00e9lang\u00e9es - Bombes de bain\"  data-wpil-monitor-id=\"757\">colored bath bombs<\/a> are sure to be a hit. The vibrant hues and delightful scent will transform your bath time into a festive celebration, making it the perfect addition to your Halloween night.<\/p>\n<p>To enjoy, simply drop your <strong>Coconut &amp; Lime <a href=\"https:\/\/holali.co.uk\/fr\/produit\/fenouil-orange-bain-dhalloween-bombe\/?wmc-currency=EUR\" title=\"Bombe de bain Halloween au fenouil et \u00e0 l&#039;orange\"  data-wpil-monitor-id=\"107\">Bombe de bain d'Halloween<\/a><\/strong> into warm, clean water. Watch as it fizzes and foams, releasing a burst of invigorating coconut and lime fragrance while coloring your bath water in enchanting shades. The experience is as visually captivating as it is soothing.<\/p>\n<p>Handmade with care in the UK, each bath bomb is unique. Due to the artisanal nature of their creation, they may have some minor cracks or crumbles, but rest assured\u2014this only adds to their charm and does not affect their fantastic fizzing power or luxurious scent.<\/p>\n<p>This Halloween, let the <strong>Coconut &amp; Lime <a href=\"https:\/\/holali.co.uk\/fr\/produit\/anis-bain-dhalloween-bombe\/?wmc-currency=EUR\" title=\"Bombe de bain Halloween \u00e0 l&#039;anis\"  data-wpil-monitor-id=\"106\">Bombe de bain d'Halloween<\/a><\/strong> from Holali be your go-to choice for a bewitching bath experience. Perfect as a gift or a treat for yourself, these bath bombs promise to bring a touch of Halloween magic to your everyday routine.<\/p>\n<p>Vous cherchez des id\u00e9es de cadeaux ? <a href=\"https:\/\/holali.co.uk\/fr\/idees-cadeaux\/?wmc-currency=EUR\">CLIQUEZ ICI<\/a><\/p>\n<p>&nbsp;<\/p>","protected":false},"excerpt":{"rendered":"<p>Coconut &amp; Lime Halloween Bath Bomb Get ready to indulge in a spooky yet refreshing bath experience with our new special hand-made Coconut &amp; Lime Halloween Bath Bomb. Designed to bring the perfect blend of fun and relaxation to your Halloween festivities, this bath bomb is a must-have for anyone looking to elevate their seasonal&#8230;<\/p>","protected":false},"featured_media":11536,"comment_status":"open","ping_status":"closed","template":"","meta":{"_kad_blocks_custom_css":"","_kad_blocks_head_custom_js":"","_kad_blocks_body_custom_js":"","_kad_blocks_footer_custom_js":"","_kad_post_transparent":"default","_kad_post_title":"","_kad_post_layout":"default","_kad_post_sidebar_id":"","_kad_post_content_style":"default","_kad_post_vertical_padding":"default","_kad_post_feature":"","_kad_post_feature_position":"","_kad_post_header":false,"_kad_post_footer":false,"_kad_post_classname":"","_daim_seo_power":"","_daim_enable_ail":""},"product_brand":[],"product_cat":[654],"product_tag":[],"class_list":{"0":"post-10193","1":"product","2":"type-product","3":"status-publish","4":"has-post-thumbnail","6":"product_cat-halloween-bath-bombs","8":"first","9":"instock","10":"taxable","11":"shipping-taxable","12":"purchasable","13":"product-type-simple","14":"entry","15":"content-bg","16":"loop-entry"},"taxonomy_info":{"product_cat":[{"value":654,"label":"Halloween Bath Bombs"}]},"featured_image_src_large":["https:\/\/holali.co.uk\/wp-content\/uploads\/2022\/10\/Coconut-Lime-Halloween-Bath-Bomb-1-1024x1024.jpeg",1024,1024,true],"author_info":[],"comment_info":0,"_links":{"self":[{"href":"https:\/\/holali.co.uk\/fr\/wp-json\/wp\/v2\/product\/10193","targetHints":{"allow":["GET"]}}],"collection":[{"href":"https:\/\/holali.co.uk\/fr\/wp-json\/wp\/v2\/product"}],"about":[{"href":"https:\/\/holali.co.uk\/fr\/wp-json\/wp\/v2\/types\/product"}],"replies":[{"embeddable":true,"href":"https:\/\/holali.co.uk\/fr\/wp-json\/wp\/v2\/comments?post=10193"}],"wp:featuredmedia":[{"embeddable":true,"href":"https:\/\/holali.co.uk\/fr\/wp-json\/wp\/v2\/media\/11536"}],"wp:attachment":[{"href":"https:\/\/holali.co.uk\/fr\/wp-json\/wp\/v2\/media?parent=10193"}],"wp:term":[{"taxonomy":"product_brand","embeddable":true,"href":"https:\/\/holali.co.uk\/fr\/wp-json\/wp\/v2\/product_brand?post=10193"},{"taxonomy":"product_cat","embeddable":true,"href":"https:\/\/holali.co.uk\/fr\/wp-json\/wp\/v2\/product_cat?post=10193"},{"taxonomy":"product_tag","embeddable":true,"href":"https:\/\/holali.co.uk\/fr\/wp-json\/wp\/v2\/product_tag?post=10193"}],"curies":[{"name":"wp","href":"https:\/\/api.w.org\/{rel}","templated":true}]}}