{"id":10190,"date":"2022-10-06T08:41:10","date_gmt":"2022-10-06T08:41:10","guid":{"rendered":"https:\/\/holali.co.uk\/?post_type=product&#038;p=10190"},"modified":"2025-07-19T07:32:25","modified_gmt":"2025-07-19T07:32:25","slug":"anis-bain-dhalloween-bombe","status":"publish","type":"product","link":"https:\/\/holali.co.uk\/fr\/product\/aniseed-halloween-bath-bomb\/","title":{"rendered":"Bombe de bain Halloween \u00e0 l'anis"},"content":{"rendered":"<h1 class=\"Product_Name\">Bombe de bain Halloween \u00e0 l'anis<\/h1>\n<p>Vous le serez maintenant... avec notre nouvelle bombe de bain sp\u00e9ciale Halloween \u00e0 l'anis faite \u00e0 la main.<\/p>\n<p>Ils sont tr\u00e8s mignons, avec un motif de citrouille qui ne fera pas peur aux petits.<\/p>\n<p>You can spice up your <a href=\"https:\/\/holali.co.uk\/fr\/produit\/fenouil-orange-bain-dhalloween-bombe\/?wmc-currency=EUR\" title=\"Bombe de bain Halloween au fenouil et \u00e0 l&#039;orange\"  data-wpil-monitor-id=\"121\">Halloween with these vividly colored bath bombs<\/a>.<\/p>\n<p><a href=\"https:\/\/holali.co.uk\/fr\/produit\/coconut-lime-halloween-bain-bombe\/?wmc-currency=EUR\" title=\"Bombe de bain Halloween \u00e0 la noix de coco et au citron vert\"  data-wpil-monitor-id=\"105\">Halloween bath bombs<\/a> will be the perfect gift for Halloween lovers or just a treat to yourself.<\/p>\n<p><a href=\"https:\/\/holali.co.uk\/fr\/produit\/floral-fizz-pear-drop\/?wmc-currency=EUR\" title=\"Bombe de Bain Florale \u00e0 la Poire\"  data-wpil-monitor-id=\"708\">Drop a bath bomb<\/a> into warm clean water and watch it foam and fizz vigorously releasing its perfume and colors.<\/p>\n<p>All our <a href=\"https:\/\/holali.co.uk\/fr\/product\/angel-delight-bath-bomb\/\">bath bombs<\/a> are handmade in the UK, they may have some cracks or crumbles due to the nature of their making, but this does not affect their use.<\/p>\n<p>Vous cherchez des id\u00e9es de cadeaux ? <a href=\"https:\/\/holali.co.uk\/fr\/idees-cadeaux\/?wmc-currency=EUR\">CLIQUEZ ICI<\/a><\/p>\n<p>&nbsp;<\/p>","protected":false},"excerpt":{"rendered":"<p>Aniseed Halloween Bath Bomb You will be now&#8230; with our new special hand-made Aniseed Halloween bath bomb. They are very cute, with a pumpkin design that will not scare the little ones. You can spice up your Halloween with these vividly colored bath bombs. Halloween bath bombs will be the perfect gift for Halloween lovers&#8230;<\/p>","protected":false},"featured_media":11503,"comment_status":"open","ping_status":"closed","template":"","meta":{"_kad_blocks_custom_css":"","_kad_blocks_head_custom_js":"","_kad_blocks_body_custom_js":"","_kad_blocks_footer_custom_js":"","_kad_post_transparent":"default","_kad_post_title":"","_kad_post_layout":"default","_kad_post_sidebar_id":"","_kad_post_content_style":"default","_kad_post_vertical_padding":"default","_kad_post_feature":"","_kad_post_feature_position":"","_kad_post_header":false,"_kad_post_footer":false,"_kad_post_classname":"","_daim_seo_power":"","_daim_enable_ail":""},"product_brand":[],"product_cat":[654],"product_tag":[],"class_list":{"0":"post-10190","1":"product","2":"type-product","3":"status-publish","4":"has-post-thumbnail","6":"product_cat-halloween-bath-bombs","8":"first","9":"instock","10":"taxable","11":"shipping-taxable","12":"purchasable","13":"product-type-simple","14":"entry","15":"content-bg","16":"loop-entry"},"taxonomy_info":{"product_cat":[{"value":654,"label":"Halloween Bath Bombs"}]},"featured_image_src_large":["https:\/\/holali.co.uk\/wp-content\/uploads\/2022\/10\/Aniseed-Halloween-Bath-Bomb-1-1024x1024.jpeg",1024,1024,true],"author_info":[],"comment_info":0,"_links":{"self":[{"href":"https:\/\/holali.co.uk\/fr\/wp-json\/wp\/v2\/product\/10190","targetHints":{"allow":["GET"]}}],"collection":[{"href":"https:\/\/holali.co.uk\/fr\/wp-json\/wp\/v2\/product"}],"about":[{"href":"https:\/\/holali.co.uk\/fr\/wp-json\/wp\/v2\/types\/product"}],"replies":[{"embeddable":true,"href":"https:\/\/holali.co.uk\/fr\/wp-json\/wp\/v2\/comments?post=10190"}],"wp:featuredmedia":[{"embeddable":true,"href":"https:\/\/holali.co.uk\/fr\/wp-json\/wp\/v2\/media\/11503"}],"wp:attachment":[{"href":"https:\/\/holali.co.uk\/fr\/wp-json\/wp\/v2\/media?parent=10190"}],"wp:term":[{"taxonomy":"product_brand","embeddable":true,"href":"https:\/\/holali.co.uk\/fr\/wp-json\/wp\/v2\/product_brand?post=10190"},{"taxonomy":"product_cat","embeddable":true,"href":"https:\/\/holali.co.uk\/fr\/wp-json\/wp\/v2\/product_cat?post=10190"},{"taxonomy":"product_tag","embeddable":true,"href":"https:\/\/holali.co.uk\/fr\/wp-json\/wp\/v2\/product_tag?post=10190"}],"curies":[{"name":"wp","href":"https:\/\/api.w.org\/{rel}","templated":true}]}}