{"id":3,"date":"2022-07-16T08:10:37","date_gmt":"2022-07-16T08:10:37","guid":{"rendered":"https:\/\/foodbybox.com\/?page_id=3"},"modified":"2024-08-11T17:22:42","modified_gmt":"2024-08-11T17:22:42","slug":"politique-de-confidentialite","status":"publish","type":"page","link":"https:\/\/holali.co.uk\/fr\/privacy-policy\/","title":{"rendered":"Politique De Confidentialit\u00e9"},"content":{"rendered":"<style>#kt-layout-id_8047a6-05 > .kt-row-column-wrap{align-content:start;}:where(#kt-layout-id_8047a6-05 > .kt-row-column-wrap) > .wp-block-kadence-column{justify-content:start;}#kt-layout-id_8047a6-05 > .kt-row-column-wrap{column-gap:var(--global-kb-gap-md, 2rem);row-gap:var(--global-kb-gap-md, 2rem);padding-top:var( --global-kb-row-default-top, 25px );padding-bottom:var( --global-kb-row-default-bottom, 25px );padding-top:var(--global-kb-spacing-sm, 1.5rem);padding-bottom:var(--global-kb-spacing-sm, 1.5rem);grid-template-columns:minmax(0, 1fr);}#kt-layout-id_8047a6-05 > .kt-row-layout-overlay{opacity:0.30;}@media all and (max-width: 1024px){#kt-layout-id_8047a6-05 > .kt-row-column-wrap{grid-template-columns:minmax(0, 1fr);}}@media all and (max-width: 767px){#kt-layout-id_8047a6-05 > .kt-row-column-wrap{grid-template-columns:minmax(0, 1fr);}}<\/style>\n<div class=\"wp-block-kadence-rowlayout alignnone\"><div id=\"kt-layout-id_8047a6-05\" class=\"kt-row-layout-inner kt-layout-id_8047a6-05\"><div class=\"kt-row-column-wrap kt-has-1-columns kt-gutter-default kt-v-gutter-default kt-row-valign-top kt-row-layout-equal kt-tab-layout-inherit kt-m-colapse-left-to-right kt-mobile-layout-row\"><style>.kadence-column_e3608b-4c > .kt-inside-inner-col{border-top-width:0px;border-right-width:0px;border-bottom-width:0px;border-left-width:0px;}.kadence-column_e3608b-4c > .kt-inside-inner-col,.kadence-column_e3608b-4c > .kt-inside-inner-col:before{border-top-left-radius:0px;border-top-right-radius:0px;border-bottom-right-radius:0px;border-bottom-left-radius:0px;}.kadence-column_e3608b-4c > .kt-inside-inner-col{column-gap:var(--global-kb-gap-sm, 1rem);}.kadence-column_e3608b-4c > .kt-inside-inner-col{flex-direction:column;}.kadence-column_e3608b-4c > .kt-inside-inner-col > .aligncenter{width:100%;}.kadence-column_e3608b-4c > .kt-inside-inner-col:before{opacity:0.3;}.kadence-column_e3608b-4c{position:relative;}@media all and (max-width: 1024px){.kadence-column_e3608b-4c > .kt-inside-inner-col{flex-direction:column;justify-content:center;}}@media all and (max-width: 767px){.kadence-column_e3608b-4c > .kt-inside-inner-col{flex-direction:column;justify-content:center;}}<\/style>\n<div class=\"wp-block-kadence-column inner-column-1 kadence-column_e3608b-4c\"><div class=\"kt-inside-inner-col\">\n<h1>Politique De Confidentialit\u00e9<\/h1>\n<p>Ce site web est exploit\u00e9 par Holali. Nous prenons votre vie priv\u00e9e tr\u00e8s au s\u00e9rieux, c'est pourquoi nous vous invitons \u00e0 lire cette politique tr\u00e8s attentivement car elle contient des informations importantes sur la vie priv\u00e9e :<\/p>\n<p>qui nous sommes,<\/p>\n<p>comment et pourquoi nous collectons, stockons, utilisons et partageons les informations personnelles,<\/p>\n<p>vos droits en ce qui concerne vos informations personnelles, et<\/p>\n<p>comment nous contacter et contacter les autorit\u00e9s de surveillance en cas de plainte.<\/p>\n<h2>Qui sommes-nous ?<\/h2>\n<p>Holali (\"nous\" ou \"notre\") (sous le nom d'Innotech IT) recueille, utilise et est responsable de certaines informations personnelles vous concernant. Ce faisant, nous sommes soumis au R\u00e8glement g\u00e9n\u00e9ral sur la protection des donn\u00e9es qui s'applique dans toute l'Union europ\u00e9enne (y compris au Royaume-Uni) et nous sommes responsables en tant que \"contr\u00f4leur\" de ces informations personnelles aux fins de ces lois.<\/p>\n<h3>Les informations personnelles que nous collectons et utilisons<\/h3>\n<p>a) Les informations personnelles que vous nous fournissez<\/p>\n<p>Nous recueillons les informations personnelles suivantes que vous nous fournissez :<\/p>\n<p><a href=\"mailto:info@holali.co.uk\">info@holali.co.uk<\/a><\/p>\n<p>Voici quelques exemples de cas o\u00f9 nous recueillons ces informations :<\/p>\n<p><a href=\"\/fr\/info@holali.co.uk\/?wmc-currency=EUR\">info@holali.co.uk<\/a><\/p>\n<p>b) Les informations personnelles que vous fournissez sur des tiers<\/p>\n<p>Si vous nous donnez des informations sur une autre personne, vous confirmez que cette derni\u00e8re vous a d\u00e9sign\u00e9 pour agir en son nom et a accept\u00e9 que vous :<\/p>\n<p>consent en leur nom au traitement de leurs donn\u00e9es personnelles ;<br \/>recevra tout avis de protection des donn\u00e9es en leur nom ; et<br \/>consentent en leur nom au transfert de leurs donn\u00e9es personnelles \u00e0 l'\u00e9tranger.<\/p>\n<p>c) Cookies et technologies similaires<\/p>\n<p>Un cookie est un petit fichier texte qui est plac\u00e9 sur votre ordinateur ou votre appareil \u00e9lectronique lorsque vous acc\u00e9dez \u00e0 notre site web. Les technologies similaires comprennent les balises web, les balises d'action, les objets locaux partag\u00e9s (\"cookies flash\") et les gifs \u00e0 pixel unique. Ces technologies peuvent \u00eatre utilis\u00e9es pour suivre les actions et les activit\u00e9s des utilisateurs, et pour stocker des informations les concernant. Nous utilisons ces cookies et\/ou des technologies similaires sur ce site web.<\/p>\n<p>Par exemple, nous pouvons utiliser des cookies pour surveiller et\/ou collecter les informations suivantes :<\/p>\n<p>Facebook<\/p>\n<p>Ces informations nous aident \u00e0 \u00e9tablir un profil de nos utilisateurs. Certaines de ces informations peuvent \u00eatre agr\u00e9g\u00e9es ou statistiques, ce qui signifie que nous ne serons pas en mesure de vous identifier individuellement.<\/p>\n<p>La premi\u00e8re fois que vous utiliserez notre site, nous vous demanderons si vous consentez \u00e0 ce que nous utilisions des cookies. Si vous ne le faites pas, les cookies ne seront pas utilis\u00e9s. Par la suite, vous pouvez refuser l'utilisation de cookies \u00e0 tout moment ou configurer votre navigateur pour qu'il n'accepte pas les cookies. Les sites web ci-dessous vous indiquent comment supprimer les cookies de votre navigateur. Toutefois, certaines fonctionnalit\u00e9s de notre site web peuvent ne pas fonctionner en cons\u00e9quence.<\/p>\n<p>Pour de plus amples informations sur notre utilisation des cookies, veuillez consulter la politique en mati\u00e8re de cookies de notre site web.<\/p>\n<p>Pour plus d'informations sur les cookies, visitez le site\u00a0<a href=\"http:\/\/www.aboutcookies.org\/\" target=\"_blank\" rel=\"noopener\">www.aboutcookies.org<\/a>\u00a0ou\u00a0<a href=\"http:\/\/www.allaboutcookies.org\/\" target=\"_blank\" rel=\"noopener\">www.allaboutcookies.org<\/a>.<\/p>\n<h3>Comment nous utilisons vos informations personnelles<\/h3>\n<p>Nous recueillons des informations sur nos utilisateurs aux fins suivantes :<\/p>\n<p>pour la commande<\/p>\n<h3>Avec qui vos informations peuvent \u00eatre partag\u00e9es<\/h3>\n<p>Nous pouvons partager vos informations avec :<\/p>\n<p>Les organismes charg\u00e9s de l'application de la loi dans le cadre de toute enqu\u00eate visant \u00e0 pr\u00e9venir les activit\u00e9s ill\u00e9gales.<\/p>\n<p>Nous ne partagerons pas vos informations personnelles avec d'autres tiers.<\/p>\n<h3>Marketing<\/h3>\n<p>Nous souhaitons vous envoyer des informations sur les produits, les services, les offres, les concours et nos activit\u00e9s susceptibles de vous int\u00e9resser. Ces informations peuvent \u00eatre envoy\u00e9es par courrier, courriel, t\u00e9l\u00e9phone, message texte ou appel automatis\u00e9.<\/p>\n<p>Nous vous demanderons si vous souhaitez que nous vous envoyions des messages de marketing la premi\u00e8re fois que vous fournirez des informations de contact pertinentes (par exemple, lors d'un achat, de l'inscription \u00e0 un bulletin d'information, de la participation \u00e0 un concours, etc.) Si vous acceptez de recevoir de tels messages de marketing de notre part, vous pouvez vous d\u00e9sengager \u00e0 tout moment (voir \"Quels sont vos droits ?\" ci-dessous pour de plus amples informations). Si vous avez des questions sur la mani\u00e8re de vous d\u00e9sinscrire, ou si vous recevez des messages que vous ne voulez pas, vous pouvez nous contacter en utilisant les coordonn\u00e9es fournies ci-dessous.<\/p>\n<h3>Si vous devez fournir des informations personnelles, et si oui, pourquoi ?<\/h3>\n<p>Vous devez fournir les informations suivantes :<\/p>\n<p>Nom<br \/>Adresse<br \/>T\u00e9l\u00e9phone<\/p>\n<p>Ceci afin de nous permettre de faire ce qui suit :<\/p>\n<p>Nom et adresse pour la livraison<\/p>\n<p>Nous vous informerons, au moment de la collecte de vos informations, si vous \u00eates tenu de nous fournir ces informations.<\/p>\n<h4>Combien de temps vos informations personnelles seront-elles conserv\u00e9es ?<\/h4>\n<p>Nous conserverons vos informations personnelles pendant les p\u00e9riodes suivantes :<\/p>\n<p>Nom et adresse - 6 ans pour satisfaire \u00e0 la l\u00e9gislation fiscale britannique<\/p>\n<p>Ces p\u00e9riodes ne sont pas plus longues que n\u00e9cessaire dans chaque cas.<\/p>\n<h4>Raisons pour lesquelles nous pouvons collecter et utiliser vos informations personnelles<\/h4>\n<p>Nous nous appuyons sur les \u00e9l\u00e9ments suivants comme base l\u00e9gale pour collecter et utiliser vos informations personnelles :<\/p>\n<p>consentement<\/p>\n<p>contrat<\/p>\n<p>obligation l\u00e9gale<\/p>\n<h4>Assurer la s\u00e9curit\u00e9 de vos informations<\/h4>\n<p>Nous avons mis en place des mesures de s\u00e9curit\u00e9 appropri\u00e9es pour \u00e9viter que les informations personnelles ne soient accidentellement perdues, utilis\u00e9es ou consult\u00e9es de mani\u00e8re non autoris\u00e9e. Nous limitons l'acc\u00e8s \u00e0 vos informations personnelles aux personnes qui ont un v\u00e9ritable besoin professionnel de les conna\u00eetre. Les personnes qui traitent vos informations le font uniquement de mani\u00e8re autoris\u00e9e et sont soumises \u00e0 un devoir de confidentialit\u00e9.<\/p>\n<p>Nous utiliserons \u00e9galement des mesures technologiques et organisationnelles pour assurer la s\u00e9curit\u00e9 de vos informations.<\/p>\n<p>Nous avons \u00e9galement mis en place des proc\u00e9dures pour faire face \u00e0 toute violation pr\u00e9sum\u00e9e de la s\u00e9curit\u00e9 des donn\u00e9es. Nous vous informerons, ainsi que tout organisme de r\u00e9glementation applicable, d'une violation pr\u00e9sum\u00e9e de la s\u00e9curit\u00e9 des donn\u00e9es lorsque nous sommes l\u00e9galement tenus de le faire.<\/p>\n<p>En effet, bien que nous fassions tous les efforts raisonnables pour s\u00e9curiser vos donn\u00e9es personnelles, en utilisant le site, vous reconnaissez que l'utilisation d'Internet n'est pas enti\u00e8rement s\u00e9curis\u00e9e et que, pour cette raison, nous ne pouvons pas garantir la s\u00e9curit\u00e9 ou l'int\u00e9grit\u00e9 des donn\u00e9es personnelles qui sont transf\u00e9r\u00e9es de vous ou vers vous via Internet. Si vous avez des pr\u00e9occupations particuli\u00e8res concernant vos informations, veuillez nous contacter en utilisant les coordonn\u00e9es ci-dessous.<\/p>\n<h4>Transferts de vos informations en dehors de l'EEE<\/h4>\n<p>Nous pouvons \u00eatre amen\u00e9s \u00e0 transf\u00e9rer vos donn\u00e9es personnelles vers les pays suivants, situ\u00e9s en dehors de l'Espace \u00e9conomique europ\u00e9en :<\/p>\n<p>USA<\/p>\n<p>Ces transferts seront effectu\u00e9s dans le but de<\/p>\n<p>Les informations personnelles sont envoy\u00e9es \u00e0 notre base de donn\u00e9es qui est h\u00e9berg\u00e9e aux \u00c9tats-Unis.<\/p>\n<p>Tout transfert vers ces pays sera effectu\u00e9 sur la base du fait que ce pays, ce territoire ou un ou plusieurs secteurs sp\u00e9cifiques de ce pays, ou une organisation internationale, assure un niveau de protection ad\u00e9quat.<\/p>\n<p>Pour plus d'informations sur la base de tout transfert en dehors de l'EEE, nos garanties ou les d\u00e9tails de la Commission, veuillez nous contacter comme indiqu\u00e9 ci-dessous. Nous ne transf\u00e9rerons pas autrement vos donn\u00e9es personnelles en dehors de l'EEE ou \u00e0 toute organisation (ou organes subordonn\u00e9s) r\u00e9gie par le droit international public ou cr\u00e9\u00e9e en vertu d'un accord entre deux ou plusieurs pays.<\/p>\n<h4>Les enfants et la validit\u00e9 du consentement<\/h4>\n<p>Lorsque nous obtenons le consentement d'un utilisateur, nous prenons des mesures raisonnables pour v\u00e9rifier si l'utilisateur est \u00e2g\u00e9 de plus de 13 ans et si l'enfant est suffisamment inform\u00e9 pour donner un consentement valable. Si l'utilisateur n'a pas cet \u00e2ge, le consentement des parents sera requis pour permettre le traitement de toute information personnelle.<\/p>\n<h4>Quels sont vos droits ?<\/h4>\n<p>En vertu du r\u00e8glement g\u00e9n\u00e9ral sur la protection des donn\u00e9es, vous disposez gratuitement d'un certain nombre de droits importants. En r\u00e9sum\u00e9, il s'agit des droits suivants :<\/p>\n<p>\uf0b7<br \/>le traitement \u00e9quitable des informations et la transparence sur la fa\u00e7on dont nous utilisons vos informations personnelles<\/p>\n<p>l'acc\u00e8s \u00e0 vos informations personnelles et \u00e0 certaines autres informations suppl\u00e9mentaires que le pr\u00e9sent avis sur la politique de confidentialit\u00e9 est d\u00e9j\u00e0 con\u00e7u pour traiter<\/p>\n<p>nous demander de corriger toute erreur dans les informations que nous d\u00e9tenons sur vous<\/p>\n<p>exiger l'effacement des informations personnelles vous concernant dans certaines situations<\/p>\n<p>recevoir les informations personnelles vous concernant que vous nous avez fournies, dans un format structur\u00e9, couramment utilis\u00e9 et lisible par machine, et avoir le droit de transmettre ces donn\u00e9es \u00e0 un tiers dans certaines situations<\/p>\n<p>s'opposer \u00e0 tout moment au traitement des informations personnelles vous concernant \u00e0 des fins de marketing direct<\/p>\n<p>s'opposer \u00e0 ce que des d\u00e9cisions soient prises par des moyens automatis\u00e9s produisant des effets juridiques vous concernant ou vous affectant de mani\u00e8re significative de fa\u00e7on similaire.<\/p>\n<p>s'opposer dans certaines autres situations \u00e0 ce que nous continuions \u00e0 traiter vos informations personnelles<\/p>\n<p>restreindre autrement notre traitement de vos informations personnelles dans certaines circonstances<\/p>\n<p>demander une indemnisation pour les dommages caus\u00e9s par notre violation de toute loi sur la protection des donn\u00e9es<\/p>\n<p>Pour de plus amples informations sur chacun de ces droits, y compris les circonstances dans lesquelles ils s'appliquent, voir le document Guidance from the UK Information Commissioner's Office (ICO) on individual's rights under the General Data Protection Regulations (http:\/\/ico.org.uk\/for-organisations\/guide-to-the-general-data-protection-regulation-gdpr\/individual-rights\/) (en anglais uniquement).<\/p>\n<p>Si vous souhaitez exercer l'un de ces droits, veuillez nous contacter :<\/p>\n<p>envoyez un courriel, appelez-nous ou \u00e9crivez-nous<\/p>\n<p>nous donner suffisamment d'informations pour vous identifier<\/p>\n<p>nous fournir une preuve de votre identit\u00e9 (une copie de votre permis de conduire, de votre passeport ou une carte de cr\u00e9dit\/facture de service r\u00e9cente).<\/p>\n<p>nous faire conna\u00eetre les informations auxquelles votre demande se rapporte<\/p>\n<p>De temps \u00e0 autre, nous pouvons \u00e9galement proposer d'autres m\u00e9thodes pour se d\u00e9sinscrire (opt-out) de tout marketing direct, par exemple des boutons de d\u00e9sinscription ou des liens Internet. Si de telles m\u00e9thodes sont propos\u00e9es, veuillez noter qu'il peut y avoir une certaine p\u00e9riode apr\u00e8s avoir choisi de se d\u00e9sabonner, pendant laquelle le marketing peut encore \u00eatre re\u00e7u, alors que votre demande est en cours de traitement.<\/p>\n<h5>Comment se plaindre<\/h5>\n<p>Nous esp\u00e9rons pouvoir r\u00e9soudre toute question ou pr\u00e9occupation que vous soulevez au sujet de notre utilisation de vos informations.<\/p>\n<p>Le r\u00e8glement g\u00e9n\u00e9ral sur la protection des donn\u00e9es vous donne \u00e9galement le droit de d\u00e9poser une plainte aupr\u00e8s d'une autorit\u00e9 de contr\u00f4le, en particulier dans l'\u00c9tat de l'Union europ\u00e9enne (ou de l'Espace \u00e9conomique europ\u00e9en) dans lequel vous travaillez, vivez normalement ou dans lequel toute infraction pr\u00e9sum\u00e9e aux lois sur la protection des donn\u00e9es a eu lieu. L'autorit\u00e9 de contr\u00f4le au Royaume-Uni est le commissaire \u00e0 l'information qui peut \u00eatre contact\u00e9 \u00e0 l'adresse https:\/\/ico.org.uk\/concerns\/ ou par t\u00e9l\u00e9phone : 0303 123 1113.<\/p>\n<p>Modifications de la politique de confidentialit\u00e9<\/p>\n<p>Cette politique de confidentialit\u00e9 a \u00e9t\u00e9 publi\u00e9e le 10\/02\/2022 et mise \u00e0 jour le 10\/02\/2022.<\/p>\n<p>Nous sommes susceptibles de modifier cette politique de confidentialit\u00e9 de temps \u00e0 autre. Nous vous conseillons de consulter cette politique de temps en temps pour vous assurer que vous \u00eates au courant de la version la plus r\u00e9cente qui s'appliquera chaque fois que vous acc\u00e9derez \u00e0 ce site web. Nous tenterons \u00e9galement d'informer les utilisateurs de tout changement par :<\/p>\n<p>Par un avis sur l'en-t\u00eate du site web<\/p>\n<h5>Nous contacter<\/h5>\n<p>Si vous avez des questions sur cette politique ou sur les informations que nous d\u00e9tenons \u00e0 votre sujet, veuillez nous contacter par :<\/p>\n<p>e-mail : <a href=\"mailto:info@holali.co.uk\">info@holali.co.uk<\/a><\/p>\n<p>\u00a0<\/p>\n<\/div><\/div>\n<\/div><\/div><\/div>","protected":false},"excerpt":{"rendered":"<p>Politique de confidentialit\u00e9 Ce site web est g\u00e9r\u00e9 par Holali. Nous prenons votre vie priv\u00e9e tr\u00e8s au s\u00e9rieux, c'est pourquoi nous vous conseillons vivement de lire cette politique tr\u00e8s attentivement car elle contient des informations importantes sur : \uf0b7 qui nous sommes, \uf0b7 comment et pourquoi nous collectons, stockons, utilisons et partageons des informations personnelles, \uf0b7 vos droits relatifs \u00e0 vos informations personnelles,...<\/p>","protected":false},"author":501,"featured_media":0,"parent":0,"menu_order":0,"comment_status":"closed","ping_status":"closed","template":"","meta":{"_kad_blocks_custom_css":"","_kad_blocks_head_custom_js":"","_kad_blocks_body_custom_js":"","_kad_blocks_footer_custom_js":"","_kad_post_transparent":"disable","_kad_post_title":"hide","_kad_post_layout":"","_kad_post_sidebar_id":"","_kad_post_content_style":"unboxed","_kad_post_vertical_padding":"hide","_kad_post_feature":"hide","_kad_post_feature_position":"","_kad_post_header":false,"_kad_post_footer":false,"_kad_post_classname":"","_daim_seo_power":"","_daim_enable_ail":"","footnotes":""},"class_list":["post-3","page","type-page","status-publish","hentry"],"taxonomy_info":[],"featured_image_src_large":false,"author_info":{"display_name":"mikazadmin","author_link":"https:\/\/holali.co.uk\/fr\/author\/mikazadmin\/"},"comment_info":0,"_links":{"self":[{"href":"https:\/\/holali.co.uk\/fr\/wp-json\/wp\/v2\/pages\/3","targetHints":{"allow":["GET"]}}],"collection":[{"href":"https:\/\/holali.co.uk\/fr\/wp-json\/wp\/v2\/pages"}],"about":[{"href":"https:\/\/holali.co.uk\/fr\/wp-json\/wp\/v2\/types\/page"}],"author":[{"embeddable":true,"href":"https:\/\/holali.co.uk\/fr\/wp-json\/wp\/v2\/users\/501"}],"replies":[{"embeddable":true,"href":"https:\/\/holali.co.uk\/fr\/wp-json\/wp\/v2\/comments?post=3"}],"version-history":[{"count":0,"href":"https:\/\/holali.co.uk\/fr\/wp-json\/wp\/v2\/pages\/3\/revisions"}],"wp:attachment":[{"href":"https:\/\/holali.co.uk\/fr\/wp-json\/wp\/v2\/media?parent=3"}],"curies":[{"name":"wp","href":"https:\/\/api.w.org\/{rel}","templated":true}]}}