{"id":9471,"date":"2022-08-30T20:06:29","date_gmt":"2022-08-30T20:06:29","guid":{"rendered":"https:\/\/holali.local\/product\/may-chang-orange-eo-soap-slice\/"},"modified":"2025-11-08T20:19:29","modified_gmt":"2025-11-08T20:19:29","slug":"may-chang-soap-perfect-choice-for-your-skincare","status":"publish","type":"product","link":"https:\/\/holali.co.uk\/es\/product\/may-chang-soap-perfect-choice-for-your-skincare\/","title":{"rendered":"Jab\u00f3n May Chang: La elecci\u00f3n perfecta para el cuidado de su piel"},"content":{"rendered":"<h2 dir=\"auto\" data-pm-slice=\"1 1 []\">Jab\u00f3n May Chang: La elecci\u00f3n perfecta para el cuidado de su piel<\/h2>\n<p dir=\"auto\" data-pm-slice=\"1 1 []\">No importa lo que est\u00e9 pasando, todos necesitamos un poco de \u00e1nimo extra para seguir adelante. Consigue una peque\u00f1a ayuda con el jab\u00f3n May Chang. Es un jab\u00f3n de aromaterapia que alivia la tensi\u00f3n y te ayuda a sentirte m\u00e1s tranquilo y centrado. Deja que te alivie de la cabeza a los pies.<\/p>\n<p dir=\"auto\" data-pm-slice=\"1 1 []\">With just one use, you&#8217;ll feel <a href=\"https:\/\/holali.co.uk\/es\/producto\/aceite-de-masaje-especial-regeneracion-a2-100ml\/?wmc-currency=EUR\" title=\"Aceite de Masaje Especial REGENERACI\u00d3N A2 Mix - 100ml\" target=\"_blank\" rel=\"noopener\"  data-wpil-monitor-id=\"1471\">relaxed and rejuvenated<\/a>. In addition to a variety of fragrances, May Chang Soap is also a great moisturizer, helping to keep skin soft and fresh.<\/p>\n<p dir=\"auto\" data-pm-slice=\"1 1 []\">El peso es de unos 100g.<\/p>\n<h5 dir=\"auto\" data-pm-slice=\"1 1 []\">\u00bfJAB\u00d3N DE AROMATERAPIA?<\/h5>\n<p dir=\"auto\" data-pm-slice=\"1 1 []\">La aromaterapia es el uso de aceites esenciales naturales para promover la salud y el bienestar.<\/p>\n<p dir=\"auto\">El jab\u00f3n de aromaterapia es un tipo de jab\u00f3n que ha sido infundido con aceites de aromaterapia. Estos aceites se utilizan para crear un entorno relajante y calmante para el usuario. Estos jabones se hacen a menudo con los ingredientes org\u00e1nicos, que los hace ambientalmente amistosos tambi\u00e9n.<\/p>\n<h6 dir=\"auto\" data-pm-slice=\"1 1 []\">BENEFICIOS DEL JAB\u00d3N DE AROMATERAPIA<\/h6>\n<ul data-pm-slice=\"3 3 []\">\n<li>\n<p dir=\"auto\">Alivie el estr\u00e9s y la ansiedad utilizando el poder de las esencias arom\u00e1ticas.<\/p>\n<\/li>\n<li>\n<p dir=\"auto\">Mejore su estado de \u00e1nimo con fragancias edificantes, que promueven una mentalidad m\u00e1s relajada<\/p>\n<\/li>\n<li>\n<p dir=\"auto\">Ayuda a dormir mejor con aromas relajantes y calmantes.<\/p>\n<\/li>\n<\/ul>\n<p><a href=\"https:\/\/holali.co.uk\/es\/cuidado-del-cuerpo\/productos-para-el-cuidado-de-la-piel\/hojas-de-papel-jabon\/?wmc-currency=EUR\">TIENES QUE VER ESTO<\/a><\/p>","protected":false},"excerpt":{"rendered":"<p>May Chang Soap: Perfect Choice for Your Skincare No matter what&#8217;s going on, we all need a little extra pep to keep going. Get a little help from May Chang Soap. It&#8217;s an aromatherapy soap that relieves tension and helps you feel calmer and more centered. Let it soothe you from head to toe. With&#8230;<\/p>","protected":false},"featured_media":11572,"comment_status":"open","ping_status":"closed","template":"","meta":{"_kad_blocks_custom_css":"","_kad_blocks_head_custom_js":"","_kad_blocks_body_custom_js":"","_kad_blocks_footer_custom_js":"","_kad_post_transparent":"default","_kad_post_title":"","_kad_post_layout":"default","_kad_post_sidebar_id":"","_kad_post_content_style":"default","_kad_post_vertical_padding":"default","_kad_post_feature":"","_kad_post_feature_position":"","_kad_post_header":false,"_kad_post_footer":false,"_kad_post_classname":"","_daim_seo_power":"","_daim_enable_ail":""},"product_brand":[],"product_cat":[263,704],"product_tag":[],"class_list":{"0":"post-9471","1":"product","2":"type-product","3":"status-publish","4":"has-post-thumbnail","6":"product_cat-essential-oil-soaps","7":"product_cat-vegan-essential-oils-soaps","9":"first","10":"instock","11":"taxable","12":"shipping-taxable","13":"purchasable","14":"product-type-simple","15":"entry","16":"content-bg","17":"loop-entry"},"taxonomy_info":{"product_cat":[{"value":263,"label":"Essential Oil Soaps"},{"value":704,"label":"Vegan Essential Oils Soaps"}]},"featured_image_src_large":["https:\/\/holali.co.uk\/wp-content\/uploads\/2022\/08\/may-chang-soap-orange-holali-1024x1024.jpeg",1024,1024,true],"author_info":[],"comment_info":0,"_links":{"self":[{"href":"https:\/\/holali.co.uk\/es\/wp-json\/wp\/v2\/product\/9471","targetHints":{"allow":["GET"]}}],"collection":[{"href":"https:\/\/holali.co.uk\/es\/wp-json\/wp\/v2\/product"}],"about":[{"href":"https:\/\/holali.co.uk\/es\/wp-json\/wp\/v2\/types\/product"}],"replies":[{"embeddable":true,"href":"https:\/\/holali.co.uk\/es\/wp-json\/wp\/v2\/comments?post=9471"}],"wp:featuredmedia":[{"embeddable":true,"href":"https:\/\/holali.co.uk\/es\/wp-json\/wp\/v2\/media\/11572"}],"wp:attachment":[{"href":"https:\/\/holali.co.uk\/es\/wp-json\/wp\/v2\/media?parent=9471"}],"wp:term":[{"taxonomy":"product_brand","embeddable":true,"href":"https:\/\/holali.co.uk\/es\/wp-json\/wp\/v2\/product_brand?post=9471"},{"taxonomy":"product_cat","embeddable":true,"href":"https:\/\/holali.co.uk\/es\/wp-json\/wp\/v2\/product_cat?post=9471"},{"taxonomy":"product_tag","embeddable":true,"href":"https:\/\/holali.co.uk\/es\/wp-json\/wp\/v2\/product_tag?post=9471"}],"curies":[{"name":"wp","href":"https:\/\/api.w.org\/{rel}","templated":true}]}}