{"id":9457,"date":"2022-08-30T20:06:26","date_gmt":"2022-08-30T20:06:26","guid":{"rendered":"https:\/\/holali.local\/product\/lavender-blue-eo-soap-slice\/"},"modified":"2024-10-03T20:53:06","modified_gmt":"2024-10-03T20:53:06","slug":"jabon-barra-de-lavanda-para-la-piel-seca","status":"publish","type":"product","link":"https:\/\/holali.co.uk\/es\/product\/lavender-bar-soap-for-dry-hands-skin\/","title":{"rendered":"Jab\u00f3n de lavanda para manos y pieles secas"},"content":{"rendered":"<h2 dir=\"auto\" data-pm-slice=\"1 1 []\">Jab\u00f3n de lavanda para manos y pieles secas<\/h2>\n<p dir=\"auto\" data-pm-slice=\"1 1 []\">La lavanda es conocida por sus propiedades calmantes, especialmente en los masajes terap\u00e9uticos. Nuestro jab\u00f3n en barra de lavanda est\u00e1 elaborado con una mezcla de aceites esenciales que han sido elegidos por su gran calidad.<\/p>\n<p dir=\"auto\" data-pm-slice=\"1 1 []\">Sabemos que a la gente le encantar\u00e1 nuestro jab\u00f3n por su distintivo aroma, que tiene una maravillosa mezcla de lavanda y aceites esenciales para calmar los sentidos.<\/p>\n<p dir=\"auto\" data-pm-slice=\"1 1 []\">El peso es de unos 100g.<\/p>\n<h5 dir=\"auto\" data-pm-slice=\"1 1 []\">\u00bfJAB\u00d3N DE AROMATERAPIA?<\/h5>\n<p dir=\"auto\" data-pm-slice=\"1 1 []\">La aromaterapia es el uso de aceites esenciales naturales para promover la salud y el bienestar.<\/p>\n<p dir=\"auto\">El jab\u00f3n de aromaterapia es un tipo de jab\u00f3n que ha sido infundido con aceites de aromaterapia. Estos aceites se utilizan para crear un entorno relajante y calmante para el usuario. Estos jabones se hacen a menudo con los ingredientes org\u00e1nicos, que los hace ambientalmente amistosos tambi\u00e9n.<\/p>\n<h6 dir=\"auto\" data-pm-slice=\"1 1 []\">BENEFICIOS DEL JAB\u00d3N DE AROMATERAPIA<\/h6>\n<ul data-pm-slice=\"3 3 []\">\n<li>\n<p dir=\"auto\">Alivie el estr\u00e9s y la ansiedad utilizando el poder de las esencias arom\u00e1ticas.<\/p>\n<\/li>\n<li>\n<p dir=\"auto\">Mejore su estado de \u00e1nimo con fragancias edificantes, que promueven una mentalidad m\u00e1s relajada<\/p>\n<\/li>\n<li>\n<p dir=\"auto\">Ayuda a dormir mejor con aromas relajantes y calmantes.<\/p>\n<\/li>\n<\/ul>\n<p><a href=\"https:\/\/holali.co.uk\/es\/cuidado-del-cuerpo\/productos-para-el-cuidado-de-la-piel\/hojas-de-papel-jabon\/?wmc-currency=EUR\">TIENES QUE VER ESTO<\/a><\/p>","protected":false},"excerpt":{"rendered":"<p>Lavender Bar Soap for Dry Hands &amp; Skin Lavender is known for its calming properties, particularly in therapeutic massage. Our Lavender Bar Soap is made with a blend of essential oils which have been chosen for their great quality. We know people will love our soap for its distinctive scent which has a wonderful blend&#8230;<\/p>","protected":false},"featured_media":11558,"comment_status":"open","ping_status":"closed","template":"","meta":{"_kad_blocks_custom_css":"","_kad_blocks_head_custom_js":"","_kad_blocks_body_custom_js":"","_kad_blocks_footer_custom_js":"","_kad_post_transparent":"default","_kad_post_title":"","_kad_post_layout":"default","_kad_post_sidebar_id":"","_kad_post_content_style":"default","_kad_post_vertical_padding":"default","_kad_post_feature":"","_kad_post_feature_position":"","_kad_post_header":false,"_kad_post_footer":false,"_kad_post_classname":"","_daim_seo_power":"","_daim_enable_ail":""},"product_brand":[],"product_cat":[263,704],"product_tag":[],"class_list":{"0":"post-9457","1":"product","2":"type-product","3":"status-publish","4":"has-post-thumbnail","6":"product_cat-essential-oil-soaps","7":"product_cat-vegan-essential-oils-soaps","9":"first","10":"instock","11":"taxable","12":"shipping-taxable","13":"purchasable","14":"product-type-simple","15":"entry","16":"content-bg","17":"loop-entry"},"taxonomy_info":{"product_cat":[{"value":263,"label":"Essential Oil Soaps"},{"value":704,"label":"Vegan Essential Oils Soaps"}]},"featured_image_src_large":["https:\/\/holali.co.uk\/wp-content\/uploads\/2022\/08\/lavender-essential-oil-soap.jpeg",500,500,false],"author_info":[],"comment_info":0,"_links":{"self":[{"href":"https:\/\/holali.co.uk\/es\/wp-json\/wp\/v2\/product\/9457","targetHints":{"allow":["GET"]}}],"collection":[{"href":"https:\/\/holali.co.uk\/es\/wp-json\/wp\/v2\/product"}],"about":[{"href":"https:\/\/holali.co.uk\/es\/wp-json\/wp\/v2\/types\/product"}],"replies":[{"embeddable":true,"href":"https:\/\/holali.co.uk\/es\/wp-json\/wp\/v2\/comments?post=9457"}],"wp:featuredmedia":[{"embeddable":true,"href":"https:\/\/holali.co.uk\/es\/wp-json\/wp\/v2\/media\/11558"}],"wp:attachment":[{"href":"https:\/\/holali.co.uk\/es\/wp-json\/wp\/v2\/media?parent=9457"}],"wp:term":[{"taxonomy":"product_brand","embeddable":true,"href":"https:\/\/holali.co.uk\/es\/wp-json\/wp\/v2\/product_brand?post=9457"},{"taxonomy":"product_cat","embeddable":true,"href":"https:\/\/holali.co.uk\/es\/wp-json\/wp\/v2\/product_cat?post=9457"},{"taxonomy":"product_tag","embeddable":true,"href":"https:\/\/holali.co.uk\/es\/wp-json\/wp\/v2\/product_tag?post=9457"}],"curies":[{"name":"wp","href":"https:\/\/api.w.org\/{rel}","templated":true}]}}